{"id":692,"date":"2024-01-16T22:18:45","date_gmt":"2024-01-16T20:18:45","guid":{"rendered":"https:\/\/suptex.eu\/?page_id=692"},"modified":"2024-02-27T08:56:28","modified_gmt":"2024-02-27T06:56:28","slug":"autotoostus","status":"publish","type":"page","link":"https:\/\/suptex.eu\/en\/autotoostus\/","title":{"rendered":"Automotive"},"content":{"rendered":"<div data-elementor-type=\"wp-page\" data-elementor-id=\"692\" class=\"elementor elementor-692\" data-elementor-post-type=\"page\">\n\t\t\t\t<div class=\"elementor-element elementor-element-8e5b53e e-flex e-con-boxed e-con e-parent\" data-id=\"8e5b53e\" data-element_type=\"container\" data-e-type=\"container\">\n\t\t\t\t\t<div class=\"e-con-inner\">\n\t\t\t\t<div class=\"elementor-element elementor-element-4087824 elementor-tabs-view-horizontal elementor-widget elementor-widget-tabs\" data-id=\"4087824\" data-element_type=\"widget\" data-e-type=\"widget\" data-widget_type=\"tabs.default\">\n\t\t\t\t<div class=\"elementor-widget-container\">\n\t\t\t\t\t\t\t<div class=\"elementor-tabs\">\n\t\t\t<div class=\"elementor-tabs-wrapper\" role=\"tablist\" >\n\t\t\t\t\t\t\t\t\t<div id=\"elementor-tab-title-6761\" class=\"elementor-tab-title elementor-tab-desktop-title\" aria-selected=\"true\" data-tab=\"1\" role=\"tab\" tabindex=\"0\" aria-controls=\"elementor-tab-content-6761\" aria-expanded=\"false\">Kapoti all<\/div>\n\t\t\t\t\t\t\t\t\t<div id=\"elementor-tab-title-6762\" class=\"elementor-tab-title elementor-tab-desktop-title\" aria-selected=\"false\" data-tab=\"2\" role=\"tab\" tabindex=\"-1\" aria-controls=\"elementor-tab-content-6762\" aria-expanded=\"false\">Interj\u00f6\u00f6r<\/div>\n\t\t\t\t\t\t\t\t\t<div id=\"elementor-tab-title-6763\" class=\"elementor-tab-title elementor-tab-desktop-title\" aria-selected=\"false\" data-tab=\"3\" role=\"tab\" tabindex=\"-1\" aria-controls=\"elementor-tab-content-6763\" aria-expanded=\"false\">Elektris\u00fcsteem<\/div>\n\t\t\t\t\t\t\t\t\t<div id=\"elementor-tab-title-6764\" class=\"elementor-tab-title elementor-tab-desktop-title\" aria-selected=\"false\" data-tab=\"4\" role=\"tab\" tabindex=\"-1\" aria-controls=\"elementor-tab-content-6764\" aria-expanded=\"false\">Juhtimine ja vedrustus<\/div>\n\t\t\t\t\t\t\t\t\t<div id=\"elementor-tab-title-6765\" class=\"elementor-tab-title elementor-tab-desktop-title\" aria-selected=\"false\" data-tab=\"5\" role=\"tab\" tabindex=\"-1\" aria-controls=\"elementor-tab-content-6765\" aria-expanded=\"false\">Piduris\u00fcsteem<\/div>\n\t\t\t\t\t\t\t<\/div>\n\t\t\t<div class=\"elementor-tabs-content-wrapper\" role=\"tablist\" aria-orientation=\"vertical\">\n\t\t\t\t\t\t\t\t\t<div class=\"elementor-tab-title elementor-tab-mobile-title\" aria-selected=\"true\" data-tab=\"1\" role=\"tab\" tabindex=\"0\" aria-controls=\"elementor-tab-content-6761\" aria-expanded=\"false\">Kapoti all<\/div>\n\t\t\t\t\t<div id=\"elementor-tab-content-6761\" class=\"elementor-tab-content elementor-clearfix\" data-tab=\"1\" role=\"tabpanel\" aria-labelledby=\"elementor-tab-title-6761\" tabindex=\"0\" hidden=\"false\"><p>\t\t<div data-elementor-type=\"container\" data-elementor-id=\"714\" class=\"elementor elementor-714\" data-elementor-post-type=\"elementor_library\">\n\t\t\t\t<div class=\"elementor-element elementor-element-95700db e-con-full e-flex e-con e-parent\" data-id=\"95700db\" data-element_type=\"container\" data-e-type=\"container\">\n\t\t<div class=\"elementor-element elementor-element-9f7fb4a e-con-full e-flex e-con e-child\" data-id=\"9f7fb4a\" data-element_type=\"container\" data-e-type=\"container\">\n\t\t\t\t<div class=\"elementor-element elementor-element-a8ba559 elementor-widget elementor-widget-image\" data-id=\"a8ba559\" data-element_type=\"widget\" data-e-type=\"widget\" data-widget_type=\"image.default\">\n\t\t\t\t<div class=\"elementor-widget-container\">\n\t\t\t\t\t\t\t\t\t\t\t\t\t\t\t<img fetchpriority=\"high\" decoding=\"async\" width=\"1024\" height=\"1024\" src=\"https:\/\/suptex.eu\/wp-content\/uploads\/2024\/01\/Untitled-design-1-1024x1024.png\" class=\"attachment-large size-large wp-image-711\" alt=\"\" srcset=\"https:\/\/suptex.eu\/wp-content\/uploads\/2024\/01\/Untitled-design-1-1024x1024.png 1024w, https:\/\/suptex.eu\/wp-content\/uploads\/2024\/01\/Untitled-design-1-300x300.png 300w, https:\/\/suptex.eu\/wp-content\/uploads\/2024\/01\/Untitled-design-1-150x150.png 150w, https:\/\/suptex.eu\/wp-content\/uploads\/2024\/01\/Untitled-design-1-768x768.png 768w, https:\/\/suptex.eu\/wp-content\/uploads\/2024\/01\/Untitled-design-1-600x600.png 600w, https:\/\/suptex.eu\/wp-content\/uploads\/2024\/01\/Untitled-design-1-100x100.png 100w, https:\/\/suptex.eu\/wp-content\/uploads\/2024\/01\/Untitled-design-1.png 1313w\" sizes=\"(max-width: 1024px) 100vw, 1024px\" \/>\t\t\t\t\t\t\t\t\t\t\t\t\t\t\t<\/div>\n\t\t\t\t<\/div>\n\t\t\t\t<\/div>\n\t\t<div class=\"elementor-element elementor-element-b195477 e-con-full e-flex e-con e-child\" data-id=\"b195477\" data-element_type=\"container\" data-e-type=\"container\">\n\t\t\t\t<div class=\"elementor-element elementor-element-431ca19 elementor-widget elementor-widget-text-editor\" data-id=\"431ca19\" data-element_type=\"widget\" data-e-type=\"widget\" data-widget_type=\"text-editor.default\">\n\t\t\t\t<div class=\"elementor-widget-container\">\n\t\t\t\t\t\t\t\t\t<p>Mootoriruumi Komponendid<\/p><p>Mootoriruumi m\u00e4rgistused n\u00f5uavad vastupidavaid sildistamislahendusi, mis suudavad selgelt kuvada olulist teavet pikaajalisel kasutamisel ja karmides tingimustes. Meie mitmek\u00fclgne valik autot\u00f6\u00f6stuse tarbeks arendatud kleebised tagavad parima sobivuse iga vajaduse jaoks.<\/p><p>Valged ja h\u00f5bedased PET-materjalid koos kvaliteetseteliimidega, mis on eelnevalt heaks kiidetud suurimate autotootjate poolt, moodustavad osa meie laia tootevaliku. Ulatuslikud j\u00f5udluskatsete tulemused on dokumenteeritud ja saadaval originaalvarustuse (OEM) tootjatele.<\/p><p>Meie termotr\u00fckilahendused vastavad n\u00f5udmistele, pakkudes suurep\u00e4rast vastupidavust kuumusele, \u00f5lidele, lahustitele ja teistele karmidele kemikaalidele, tagades samas kvaliteetse tr\u00fckikvaliteedi vastavalt teie vajadustele.<\/p>\t\t\t\t\t\t\t\t<\/div>\n\t\t\t\t<\/div>\n\t\t\t\t<\/div>\n\t\t\t\t<\/div>\n\t\t\t\t<\/div>\n\t\t<\/p><\/div>\n\t\t\t\t\t\t\t\t\t<div class=\"elementor-tab-title elementor-tab-mobile-title\" aria-selected=\"false\" data-tab=\"2\" role=\"tab\" tabindex=\"-1\" aria-controls=\"elementor-tab-content-6762\" aria-expanded=\"false\">Interj\u00f6\u00f6r<\/div>\n\t\t\t\t\t<div id=\"elementor-tab-content-6762\" class=\"elementor-tab-content elementor-clearfix\" data-tab=\"2\" role=\"tabpanel\" aria-labelledby=\"elementor-tab-title-6762\" tabindex=\"0\" hidden=\"hidden\"><p>\t\t<div data-elementor-type=\"container\" data-elementor-id=\"724\" class=\"elementor elementor-724\" data-elementor-post-type=\"elementor_library\">\n\t\t\t\t<div class=\"elementor-element elementor-element-e1dd7f5 e-con-full e-flex e-con e-parent\" data-id=\"e1dd7f5\" data-element_type=\"container\" data-e-type=\"container\">\n\t\t<div class=\"elementor-element elementor-element-0079144 e-con-full e-flex e-con e-child\" data-id=\"0079144\" data-element_type=\"container\" data-e-type=\"container\">\n\t\t\t\t<div class=\"elementor-element elementor-element-9f70289 elementor-widget elementor-widget-image\" data-id=\"9f70289\" data-element_type=\"widget\" data-e-type=\"widget\" data-widget_type=\"image.default\">\n\t\t\t\t<div class=\"elementor-widget-container\">\n\t\t\t\t\t\t\t\t\t\t\t\t\t\t\t<img decoding=\"async\" width=\"1024\" height=\"1024\" src=\"https:\/\/suptex.eu\/wp-content\/uploads\/2024\/01\/Airbag-Cutout-1024x1024.webp\" class=\"attachment-large size-large wp-image-725\" alt=\"\" srcset=\"https:\/\/suptex.eu\/wp-content\/uploads\/2024\/01\/Airbag-Cutout-1024x1024.webp 1024w, https:\/\/suptex.eu\/wp-content\/uploads\/2024\/01\/Airbag-Cutout-300x300.webp 300w, https:\/\/suptex.eu\/wp-content\/uploads\/2024\/01\/Airbag-Cutout-150x150.webp 150w, https:\/\/suptex.eu\/wp-content\/uploads\/2024\/01\/Airbag-Cutout-768x768.webp 768w, https:\/\/suptex.eu\/wp-content\/uploads\/2024\/01\/Airbag-Cutout-600x600.webp 600w, https:\/\/suptex.eu\/wp-content\/uploads\/2024\/01\/Airbag-Cutout-100x100.webp 100w, https:\/\/suptex.eu\/wp-content\/uploads\/2024\/01\/Airbag-Cutout.webp 1163w\" sizes=\"(max-width: 1024px) 100vw, 1024px\" \/>\t\t\t\t\t\t\t\t\t\t\t\t\t\t\t<\/div>\n\t\t\t\t<\/div>\n\t\t\t\t<\/div>\n\t\t<div class=\"elementor-element elementor-element-952ce6e e-con-full e-flex e-con e-child\" data-id=\"952ce6e\" data-element_type=\"container\" data-e-type=\"container\">\n\t\t\t\t<div class=\"elementor-element elementor-element-a83d145 elementor-widget elementor-widget-text-editor\" data-id=\"a83d145\" data-element_type=\"widget\" data-e-type=\"widget\" data-widget_type=\"text-editor.default\">\n\t\t\t\t<div class=\"elementor-widget-container\">\n\t\t\t\t\t\t\t\t\t<p>Meie s\u00f5idukisisesed etiketid on abiks, et tuvastavada usaldusv\u00e4\u00e4rselt turvapatjade, turvav\u00f6\u00f6de, andurite ja teiste s\u00fcsteemide seeriam\u00e4rgistust, mis on loodud reisijate turvalisuse tagamiseks.<\/p>\n<p>Turvapadja anduri- ja hoiatussildid Mahutavuse ja m\u00e4rgistuste sildid, sealhulgas s\u00f5iduki koormustaluvuse m\u00e4rgistused&nbsp;<\/p>\t\t\t\t\t\t\t\t<\/div>\n\t\t\t\t<\/div>\n\t\t\t\t<\/div>\n\t\t\t\t<\/div>\n\t\t\t\t<\/div>\n\t\t<\/p><\/div>\n\t\t\t\t\t\t\t\t\t<div class=\"elementor-tab-title elementor-tab-mobile-title\" aria-selected=\"false\" data-tab=\"3\" role=\"tab\" tabindex=\"-1\" aria-controls=\"elementor-tab-content-6763\" aria-expanded=\"false\">Elektris\u00fcsteem<\/div>\n\t\t\t\t\t<div id=\"elementor-tab-content-6763\" class=\"elementor-tab-content elementor-clearfix\" data-tab=\"3\" role=\"tabpanel\" aria-labelledby=\"elementor-tab-title-6763\" tabindex=\"0\" hidden=\"hidden\">\t\t<div data-elementor-type=\"container\" data-elementor-id=\"786\" class=\"elementor elementor-786\" data-elementor-post-type=\"elementor_library\">\n\t\t\t\t<div class=\"elementor-element elementor-element-e1dd7f5 e-con-full e-flex e-con e-parent\" data-id=\"e1dd7f5\" data-element_type=\"container\" data-e-type=\"container\">\n\t\t<div class=\"elementor-element elementor-element-0079144 e-con-full e-flex e-con e-child\" data-id=\"0079144\" data-element_type=\"container\" data-e-type=\"container\">\n\t\t\t\t<div class=\"elementor-element elementor-element-9f70289 elementor-widget elementor-widget-image\" data-id=\"9f70289\" data-element_type=\"widget\" data-e-type=\"widget\" data-widget_type=\"image.default\">\n\t\t\t\t<div class=\"elementor-widget-container\">\n\t\t\t\t\t\t\t\t\t\t\t\t\t\t\t<img decoding=\"async\" width=\"1024\" height=\"1024\" src=\"https:\/\/suptex.eu\/wp-content\/uploads\/2024\/02\/61f9753c-3527-4a79-8b27-f7deee16ede1-1024x1024.png\" class=\"attachment-large size-large wp-image-787\" alt=\"\" srcset=\"https:\/\/suptex.eu\/wp-content\/uploads\/2024\/02\/61f9753c-3527-4a79-8b27-f7deee16ede1-1024x1024.png 1024w, https:\/\/suptex.eu\/wp-content\/uploads\/2024\/02\/61f9753c-3527-4a79-8b27-f7deee16ede1-300x300.png 300w, https:\/\/suptex.eu\/wp-content\/uploads\/2024\/02\/61f9753c-3527-4a79-8b27-f7deee16ede1-150x150.png 150w, https:\/\/suptex.eu\/wp-content\/uploads\/2024\/02\/61f9753c-3527-4a79-8b27-f7deee16ede1-768x767.png 768w, https:\/\/suptex.eu\/wp-content\/uploads\/2024\/02\/61f9753c-3527-4a79-8b27-f7deee16ede1-600x600.png 600w, https:\/\/suptex.eu\/wp-content\/uploads\/2024\/02\/61f9753c-3527-4a79-8b27-f7deee16ede1-100x100.png 100w, https:\/\/suptex.eu\/wp-content\/uploads\/2024\/02\/61f9753c-3527-4a79-8b27-f7deee16ede1.png 1439w\" sizes=\"(max-width: 1024px) 100vw, 1024px\" \/>\t\t\t\t\t\t\t\t\t\t\t\t\t\t\t<\/div>\n\t\t\t\t<\/div>\n\t\t\t\t<\/div>\n\t\t<div class=\"elementor-element elementor-element-952ce6e e-con-full e-flex e-con e-child\" data-id=\"952ce6e\" data-element_type=\"container\" data-e-type=\"container\">\n\t\t\t\t<div class=\"elementor-element elementor-element-a83d145 elementor-widget elementor-widget-text-editor\" data-id=\"a83d145\" data-element_type=\"widget\" data-e-type=\"widget\" data-widget_type=\"text-editor.default\">\n\t\t\t\t<div class=\"elementor-widget-container\">\n\t\t\t\t\t\t\t\t\t<p>IDENTCO &#8211; tunnustatud juhtiv markeerimislahenduste tootja autot\u00f6\u00f6stuses. Kes j\u00e4rjepidevalt arendavad tootjad autot\u00f6\u00f6stuse OEM n\u00f5udmistele vastavalt.<\/p><p>Kapotialusest juhtmek\u00f6idikust kunid tarkade juhiabideni pakume ulatusliku valikut identifitseerimislahendustest.<\/p><ul><li>Autot\u00f6\u00f6stue tarbeks koostatud\u00a0 tooteportfell tagab OEM-i ja Tier 1 n\u00f5uetele vastavuse.<\/li><li>Lai valik vastupidavaid materjaliteadusi pakub otstarbekaid ja kulut\u00f5husaid lahendusi<\/li><li>Majasisene usaldusv\u00e4\u00e4rsus- ja j\u00f5udluskatsete labor tagab kiirema j\u00f5udluse valideerimise.<\/li><li>Eeltr\u00fckitud kombineeritud etiketid v\u00f5imaldavad printida vastavalt vajadusele muutuvaid andmeid.<\/li><\/ul>\t\t\t\t\t\t\t\t<\/div>\n\t\t\t\t<\/div>\n\t\t\t\t<\/div>\n\t\t\t\t<\/div>\n\t\t\t\t<\/div>\n\t\t<br><\/div>\n\t\t\t\t\t\t\t\t\t<div class=\"elementor-tab-title elementor-tab-mobile-title\" aria-selected=\"false\" data-tab=\"4\" role=\"tab\" tabindex=\"-1\" aria-controls=\"elementor-tab-content-6764\" aria-expanded=\"false\">Juhtimine ja vedrustus<\/div>\n\t\t\t\t\t<div id=\"elementor-tab-content-6764\" class=\"elementor-tab-content elementor-clearfix\" data-tab=\"4\" role=\"tabpanel\" aria-labelledby=\"elementor-tab-title-6764\" tabindex=\"0\" hidden=\"hidden\"><p>\t\t<div data-elementor-type=\"container\" data-elementor-id=\"794\" class=\"elementor elementor-794\" data-elementor-post-type=\"elementor_library\">\n\t\t\t\t<div class=\"elementor-element elementor-element-e1dd7f5 e-con-full e-flex e-con e-parent\" data-id=\"e1dd7f5\" data-element_type=\"container\" data-e-type=\"container\">\n\t\t<div class=\"elementor-element elementor-element-0079144 e-con-full e-flex e-con e-child\" data-id=\"0079144\" data-element_type=\"container\" data-e-type=\"container\">\n\t\t\t\t<div class=\"elementor-element elementor-element-9f70289 elementor-widget elementor-widget-image\" data-id=\"9f70289\" data-element_type=\"widget\" data-e-type=\"widget\" data-widget_type=\"image.default\">\n\t\t\t\t<div class=\"elementor-widget-container\">\n\t\t\t\t\t\t\t\t\t\t\t\t\t\t\t<img loading=\"lazy\" decoding=\"async\" width=\"1024\" height=\"738\" src=\"https:\/\/suptex.eu\/wp-content\/uploads\/2024\/02\/Home_Solutions_Automotive_SteeringSuspension-1024x738.jpg\" class=\"attachment-large size-large wp-image-801\" alt=\"\" srcset=\"https:\/\/suptex.eu\/wp-content\/uploads\/2024\/02\/Home_Solutions_Automotive_SteeringSuspension-1024x738.jpg 1024w, https:\/\/suptex.eu\/wp-content\/uploads\/2024\/02\/Home_Solutions_Automotive_SteeringSuspension-300x216.jpg 300w, https:\/\/suptex.eu\/wp-content\/uploads\/2024\/02\/Home_Solutions_Automotive_SteeringSuspension-768x553.jpg 768w, https:\/\/suptex.eu\/wp-content\/uploads\/2024\/02\/Home_Solutions_Automotive_SteeringSuspension-1536x1106.jpg 1536w, https:\/\/suptex.eu\/wp-content\/uploads\/2024\/02\/Home_Solutions_Automotive_SteeringSuspension-2048x1475.jpg 2048w, https:\/\/suptex.eu\/wp-content\/uploads\/2024\/02\/Home_Solutions_Automotive_SteeringSuspension-600x432.jpg 600w\" sizes=\"(max-width: 1024px) 100vw, 1024px\" \/>\t\t\t\t\t\t\t\t\t\t\t\t\t\t\t<\/div>\n\t\t\t\t<\/div>\n\t\t\t\t<\/div>\n\t\t<div class=\"elementor-element elementor-element-952ce6e e-con-full e-flex e-con e-child\" data-id=\"952ce6e\" data-element_type=\"container\" data-e-type=\"container\">\n\t\t\t\t<div class=\"elementor-element elementor-element-a83d145 elementor-widget elementor-widget-text-editor\" data-id=\"a83d145\" data-element_type=\"widget\" data-e-type=\"widget\" data-widget_type=\"text-editor.default\">\n\t\t\t\t<div class=\"elementor-widget-container\">\n\t\t\t\t\t\t\t\t\t<p><strong>Juht ja stabiilsuss\u00fcteemid<\/strong><\/p><p>Juht ja stabiilsuss\u00fcteemide m\u00e4rgised on v\u00e4lja t\u00f6\u00f6tatud karmidesse oludesse ning \u00a0kohandatud madala energiaga substraatidele, mida sageli leidub nendes rakendustes.<\/p><ul><li>Disainitud k\u00f5rge j\u00f5udluse saavutamiseks enamiku madala energiaga pindade korral.<\/li><li>Spetsiaalselt v\u00e4lja t\u00f6\u00f6tatud pealispinnakatted on vastupidavad keemilisele kokkupuutele, samuti kulumisele ja soolapritsmele.<\/li><li>Saadaval t\u00fchjadena v\u00f5i eeltr\u00fckitud kombinatsioonidena muutuva andmete tr\u00fckkimiseks vastavalt vajadusele.<\/li><li>Majasisene usaldusv\u00e4\u00e4rsuse ja j\u00f5udluse testimise labor parandab NPI protot\u00fc\u00fcpimist.<\/li><\/ul>\t\t\t\t\t\t\t\t<\/div>\n\t\t\t\t<\/div>\n\t\t\t\t<\/div>\n\t\t\t\t<\/div>\n\t\t\t\t<\/div>\n\t\t<\/p><\/div>\n\t\t\t\t\t\t\t\t\t<div class=\"elementor-tab-title elementor-tab-mobile-title\" aria-selected=\"false\" data-tab=\"5\" role=\"tab\" tabindex=\"-1\" aria-controls=\"elementor-tab-content-6765\" aria-expanded=\"false\">Piduris\u00fcsteem<\/div>\n\t\t\t\t\t<div id=\"elementor-tab-content-6765\" class=\"elementor-tab-content elementor-clearfix\" data-tab=\"5\" role=\"tabpanel\" aria-labelledby=\"elementor-tab-title-6765\" tabindex=\"0\" hidden=\"hidden\"><p>\t\t<div data-elementor-type=\"container\" data-elementor-id=\"795\" class=\"elementor elementor-795\" data-elementor-post-type=\"elementor_library\">\n\t\t\t\t<div class=\"elementor-element elementor-element-e1dd7f5 e-con-full e-flex e-con e-parent\" data-id=\"e1dd7f5\" data-element_type=\"container\" data-e-type=\"container\">\n\t\t<div class=\"elementor-element elementor-element-0079144 e-con-full e-flex e-con e-child\" data-id=\"0079144\" data-element_type=\"container\" data-e-type=\"container\">\n\t\t\t\t<div class=\"elementor-element elementor-element-9f70289 elementor-widget elementor-widget-image\" data-id=\"9f70289\" data-element_type=\"widget\" data-e-type=\"widget\" data-widget_type=\"image.default\">\n\t\t\t\t<div class=\"elementor-widget-container\">\n\t\t\t\t\t\t\t\t\t\t\t\t\t\t\t<img loading=\"lazy\" decoding=\"async\" width=\"1024\" height=\"1024\" src=\"https:\/\/suptex.eu\/wp-content\/uploads\/2024\/02\/b3256abf-6367-4cb4-b21a-1e0bea8b33a7-1024x1024.png\" class=\"attachment-large size-large wp-image-806\" alt=\"\" srcset=\"https:\/\/suptex.eu\/wp-content\/uploads\/2024\/02\/b3256abf-6367-4cb4-b21a-1e0bea8b33a7-1024x1024.png 1024w, https:\/\/suptex.eu\/wp-content\/uploads\/2024\/02\/b3256abf-6367-4cb4-b21a-1e0bea8b33a7-300x300.png 300w, https:\/\/suptex.eu\/wp-content\/uploads\/2024\/02\/b3256abf-6367-4cb4-b21a-1e0bea8b33a7-150x150.png 150w, https:\/\/suptex.eu\/wp-content\/uploads\/2024\/02\/b3256abf-6367-4cb4-b21a-1e0bea8b33a7-768x768.png 768w, https:\/\/suptex.eu\/wp-content\/uploads\/2024\/02\/b3256abf-6367-4cb4-b21a-1e0bea8b33a7-1536x1536.png 1536w, https:\/\/suptex.eu\/wp-content\/uploads\/2024\/02\/b3256abf-6367-4cb4-b21a-1e0bea8b33a7-600x600.png 600w, https:\/\/suptex.eu\/wp-content\/uploads\/2024\/02\/b3256abf-6367-4cb4-b21a-1e0bea8b33a7-100x100.png 100w, https:\/\/suptex.eu\/wp-content\/uploads\/2024\/02\/b3256abf-6367-4cb4-b21a-1e0bea8b33a7.png 1840w\" sizes=\"(max-width: 1024px) 100vw, 1024px\" \/>\t\t\t\t\t\t\t\t\t\t\t\t\t\t\t<\/div>\n\t\t\t\t<\/div>\n\t\t\t\t<\/div>\n\t\t<div class=\"elementor-element elementor-element-952ce6e e-con-full e-flex e-con e-child\" data-id=\"952ce6e\" data-element_type=\"container\" data-e-type=\"container\">\n\t\t\t\t<div class=\"elementor-element elementor-element-a83d145 elementor-widget elementor-widget-text-editor\" data-id=\"a83d145\" data-element_type=\"widget\" data-e-type=\"widget\" data-widget_type=\"text-editor.default\">\n\t\t\t\t<div class=\"elementor-widget-container\">\n\t\t\t\t\t\t\t\t\t<h4>Piduris\u00fcsteem<\/h4><p>IDENTCO m\u00e4rgistuslahendused piduris\u00fcsteemide jaoks, sealhulgas kuumuskindel identifitseerimine piduritorudele ja ABS kontrollmooduli m\u00e4rgised, on kavandatud vastu pidama rasketes autoalustes keskkondades ning tagama usaldusv\u00e4\u00e4rse t\u00f6\u00f6 kasutusaja jooksul.<\/p><ul><li>ABS juhtploki m\u00e4rgised ja PCB-m\u00e4rgised juhtimismoodulites<\/li><li>Disainitud ka vastu pidama pidurivedelikuga kokkupuutele<\/li><li>Piduritoru\u00a0 identifitseerimine, et n\u00e4idata DOT sertifikaati<\/li><li>M\u00e4rgistused pidurikomponentidel nagu ABS-pumba juhtploki identifitseerimine<\/li><\/ul>\t\t\t\t\t\t\t\t<\/div>\n\t\t\t\t<\/div>\n\t\t\t\t<\/div>\n\t\t\t\t<\/div>\n\t\t\t\t<\/div>\n\t\t<\/p><\/div>\n\t\t\t\t\t\t\t<\/div>\n\t\t<\/div>\n\t\t\t\t\t\t<\/div>\n\t\t\t\t<\/div>\n\t\t\t\t\t<\/div>\n\t\t\t\t<\/div>\n\t\t\t\t<\/div>","protected":false},"excerpt":{"rendered":"<p>Kapoti all Interj\u00f6\u00f6r Elektris\u00fcsteem Juhtimine ja vedrustus Piduris\u00fcsteem Kapoti all Mootoriruumi Komponendid Mootoriruumi m\u00e4rgistused n\u00f5uavad vastupidavaid sildistamislahendusi, mis suudavad selgelt kuvada olulist teavet pikaajalisel kasutamisel ja karmides tingimustes. Meie mitmek\u00fclgne valik autot\u00f6\u00f6stuse tarbeks arendatud kleebised tagavad parima sobivuse iga vajaduse jaoks. Valged ja h\u00f5bedased PET-materjalid koos kvaliteetseteliimidega, mis on eelnevalt heaks kiidetud suurimate autotootjate poolt,&#8230;<\/p>","protected":false},"author":1,"featured_media":0,"parent":0,"menu_order":0,"comment_status":"closed","ping_status":"closed","template":"","meta":{"_kadence_starter_templates_imported_post":false,"_kad_post_transparent":"","_kad_post_title":"hide","_kad_post_layout":"fullwidth","_kad_post_sidebar_id":"","_kad_post_content_style":"unboxed","_kad_post_vertical_padding":"hide","_kad_post_feature":"hide","_kad_post_feature_position":"","_kad_post_header":false,"_kad_post_footer":false,"footnotes":""},"class_list":["post-692","page","type-page","status-publish","hentry"],"_links":{"self":[{"href":"https:\/\/suptex.eu\/en\/wp-json\/wp\/v2\/pages\/692","targetHints":{"allow":["GET"]}}],"collection":[{"href":"https:\/\/suptex.eu\/en\/wp-json\/wp\/v2\/pages"}],"about":[{"href":"https:\/\/suptex.eu\/en\/wp-json\/wp\/v2\/types\/page"}],"author":[{"embeddable":true,"href":"https:\/\/suptex.eu\/en\/wp-json\/wp\/v2\/users\/1"}],"replies":[{"embeddable":true,"href":"https:\/\/suptex.eu\/en\/wp-json\/wp\/v2\/comments?post=692"}],"version-history":[{"count":19,"href":"https:\/\/suptex.eu\/en\/wp-json\/wp\/v2\/pages\/692\/revisions"}],"predecessor-version":[{"id":812,"href":"https:\/\/suptex.eu\/en\/wp-json\/wp\/v2\/pages\/692\/revisions\/812"}],"wp:attachment":[{"href":"https:\/\/suptex.eu\/en\/wp-json\/wp\/v2\/media?parent=692"}],"curies":[{"name":"wp","href":"https:\/\/api.w.org\/{rel}","templated":true}]}}