{"id":698,"date":"2024-01-16T22:33:24","date_gmt":"2024-01-16T20:33:24","guid":{"rendered":"https:\/\/suptex.eu\/?page_id=698"},"modified":"2024-02-17T22:06:27","modified_gmt":"2024-02-17T20:06:27","slug":"toostused","status":"publish","type":"page","link":"https:\/\/suptex.eu\/en\/toostused\/","title":{"rendered":"Industrial"},"content":{"rendered":"<div data-elementor-type=\"wp-page\" data-elementor-id=\"698\" class=\"elementor elementor-698\" data-elementor-post-type=\"page\">\n\t\t\t\t<div class=\"elementor-element elementor-element-4f822b0 e-flex e-con-boxed e-con e-parent\" data-id=\"4f822b0\" data-element_type=\"container\" data-e-type=\"container\">\n\t\t\t\t\t<div class=\"e-con-inner\">\n\t\t\t\t<div class=\"elementor-element elementor-element-fdc7d90 elementor-tabs-view-horizontal elementor-widget elementor-widget-tabs\" data-id=\"fdc7d90\" data-element_type=\"widget\" data-e-type=\"widget\" data-widget_type=\"tabs.default\">\n\t\t\t\t<div class=\"elementor-widget-container\">\n\t\t\t\t\t\t\t<div class=\"elementor-tabs\">\n\t\t\t<div class=\"elementor-tabs-wrapper\" role=\"tablist\" >\n\t\t\t\t\t\t\t\t\t<div id=\"elementor-tab-title-2661\" class=\"elementor-tab-title elementor-tab-desktop-title\" aria-selected=\"true\" data-tab=\"1\" role=\"tab\" tabindex=\"0\" aria-controls=\"elementor-tab-content-2661\" aria-expanded=\"false\">Energia ja voolujaotus<\/div>\n\t\t\t\t\t\t\t\t\t<div id=\"elementor-tab-title-2662\" class=\"elementor-tab-title elementor-tab-desktop-title\" aria-selected=\"false\" data-tab=\"2\" role=\"tab\" tabindex=\"-1\" aria-controls=\"elementor-tab-content-2662\" aria-expanded=\"false\">Elektrilised t\u00f6\u00f6riistad<\/div>\n\t\t\t\t\t\t\t\t\t<div id=\"elementor-tab-title-2663\" class=\"elementor-tab-title elementor-tab-desktop-title\" aria-selected=\"false\" data-tab=\"3\" role=\"tab\" tabindex=\"-1\" aria-controls=\"elementor-tab-content-2663\" aria-expanded=\"false\">V\u00e4li elektriseadmed<\/div>\n\t\t\t\t\t\t\t\t\t<div id=\"elementor-tab-title-2664\" class=\"elementor-tab-title elementor-tab-desktop-title\" aria-selected=\"false\" data-tab=\"4\" role=\"tab\" tabindex=\"-1\" aria-controls=\"elementor-tab-content-2664\" aria-expanded=\"false\">Seadmed<\/div>\n\t\t\t\t\t\t\t\t\t<div id=\"elementor-tab-title-2665\" class=\"elementor-tab-title elementor-tab-desktop-title\" aria-selected=\"false\" data-tab=\"5\" role=\"tab\" tabindex=\"-1\" aria-controls=\"elementor-tab-content-2665\" aria-expanded=\"false\">HVAC<\/div>\n\t\t\t\t\t\t\t<\/div>\n\t\t\t<div class=\"elementor-tabs-content-wrapper\" role=\"tablist\" aria-orientation=\"vertical\">\n\t\t\t\t\t\t\t\t\t<div class=\"elementor-tab-title elementor-tab-mobile-title\" aria-selected=\"true\" data-tab=\"1\" role=\"tab\" tabindex=\"0\" aria-controls=\"elementor-tab-content-2661\" aria-expanded=\"false\">Energia ja voolujaotus<\/div>\n\t\t\t\t\t<div id=\"elementor-tab-content-2661\" class=\"elementor-tab-content elementor-clearfix\" data-tab=\"1\" role=\"tabpanel\" aria-labelledby=\"elementor-tab-title-2661\" tabindex=\"0\" hidden=\"false\"><p>\t\t<div data-elementor-type=\"container\" data-elementor-id=\"837\" class=\"elementor elementor-837\" data-elementor-post-type=\"elementor_library\">\n\t\t\t\t<div class=\"elementor-element elementor-element-95700db e-con-full e-flex e-con e-parent\" data-id=\"95700db\" data-element_type=\"container\" data-e-type=\"container\">\n\t\t<div class=\"elementor-element elementor-element-9f7fb4a e-con-full e-flex e-con e-child\" data-id=\"9f7fb4a\" data-element_type=\"container\" data-e-type=\"container\">\n\t\t\t\t<div class=\"elementor-element elementor-element-a8ba559 elementor-widget elementor-widget-image\" data-id=\"a8ba559\" data-element_type=\"widget\" data-e-type=\"widget\" data-widget_type=\"image.default\">\n\t\t\t\t<div class=\"elementor-widget-container\">\n\t\t\t\t\t\t\t\t\t\t\t\t\t\t\t<img fetchpriority=\"high\" decoding=\"async\" width=\"1024\" height=\"1024\" src=\"https:\/\/suptex.eu\/wp-content\/uploads\/2024\/02\/04c23adb-37dc-42f1-83ce-92c67dc4081b-1024x1024.png\" class=\"attachment-large size-large wp-image-854\" alt=\"\" srcset=\"https:\/\/suptex.eu\/wp-content\/uploads\/2024\/02\/04c23adb-37dc-42f1-83ce-92c67dc4081b-1024x1024.png 1024w, https:\/\/suptex.eu\/wp-content\/uploads\/2024\/02\/04c23adb-37dc-42f1-83ce-92c67dc4081b-300x300.png 300w, https:\/\/suptex.eu\/wp-content\/uploads\/2024\/02\/04c23adb-37dc-42f1-83ce-92c67dc4081b-150x150.png 150w, https:\/\/suptex.eu\/wp-content\/uploads\/2024\/02\/04c23adb-37dc-42f1-83ce-92c67dc4081b-768x768.png 768w, https:\/\/suptex.eu\/wp-content\/uploads\/2024\/02\/04c23adb-37dc-42f1-83ce-92c67dc4081b-600x600.png 600w, https:\/\/suptex.eu\/wp-content\/uploads\/2024\/02\/04c23adb-37dc-42f1-83ce-92c67dc4081b-100x100.png 100w, https:\/\/suptex.eu\/wp-content\/uploads\/2024\/02\/04c23adb-37dc-42f1-83ce-92c67dc4081b.png 1370w\" sizes=\"(max-width: 1024px) 100vw, 1024px\" \/>\t\t\t\t\t\t\t\t\t\t\t\t\t\t\t<\/div>\n\t\t\t\t<\/div>\n\t\t\t\t<\/div>\n\t\t<div class=\"elementor-element elementor-element-b195477 e-con-full e-flex e-con e-child\" data-id=\"b195477\" data-element_type=\"container\" data-e-type=\"container\">\n\t\t\t\t<div class=\"elementor-element elementor-element-431ca19 elementor-widget elementor-widget-text-editor\" data-id=\"431ca19\" data-element_type=\"widget\" data-e-type=\"widget\" data-widget_type=\"text-editor.default\">\n\t\t\t\t<div class=\"elementor-widget-container\">\n\t\t\t\t\t\t\t\t\t<h1>Energia ja voolujaotus<\/h1><p>Meie vastupidavad m\u00e4rgistuslahendused nutika v\u00f5rgu ja toitejaotusseadmete tootjatele pakuvad uuenduslikke ja kulut\u00f5husaid alternatiive traditsioonilistele toodetele, mida tavaliselt kasutatakse, ilma et see kahjustaks ranget t\u00f6\u00f6stuse eeskirjade j\u00e4rgimist.<\/p><ul><li>Laialdane UL, cUL ja CSA materjalide portfell<\/li><li>Spetsiaalselt projekteeritud tooted madala pinnaenergiaga rakenduste jaoks<\/li><li>Ettev\u00f5ttesisene t\u00f6\u00f6kindluse ja j\u00f5udluse testimise labor pakub kiiret testimist ja kinnitamist<\/li><li>Lai valik etikettide teisendamise tehnoloogiaid optimeerib kulude kokkuhoidu<\/li><li>VMI ja saadetiste programmid toetavad JIT-i algatusi ja minimeerivad kohapealset ja vananenud inventari<\/li><li>\u00dclemaailmne tootmisplatvorm standardiseeritud s\u00fcsteemide ja protsessidega tagab j\u00e4rjepidevuse<\/li><\/ul>\t\t\t\t\t\t\t\t<\/div>\n\t\t\t\t<\/div>\n\t\t\t\t<\/div>\n\t\t\t\t<\/div>\n\t\t\t\t<\/div>\n\t\t<\/p><\/div>\n\t\t\t\t\t\t\t\t\t<div class=\"elementor-tab-title elementor-tab-mobile-title\" aria-selected=\"false\" data-tab=\"2\" role=\"tab\" tabindex=\"-1\" aria-controls=\"elementor-tab-content-2662\" aria-expanded=\"false\">Elektrilised t\u00f6\u00f6riistad<\/div>\n\t\t\t\t\t<div id=\"elementor-tab-content-2662\" class=\"elementor-tab-content elementor-clearfix\" data-tab=\"2\" role=\"tabpanel\" aria-labelledby=\"elementor-tab-title-2662\" tabindex=\"0\" hidden=\"hidden\"><p>\t\t<div data-elementor-type=\"container\" data-elementor-id=\"840\" class=\"elementor elementor-840\" data-elementor-post-type=\"elementor_library\">\n\t\t\t\t<div class=\"elementor-element elementor-element-95700db e-con-full e-flex e-con e-parent\" data-id=\"95700db\" data-element_type=\"container\" data-e-type=\"container\">\n\t\t<div class=\"elementor-element elementor-element-9f7fb4a e-con-full e-flex e-con e-child\" data-id=\"9f7fb4a\" data-element_type=\"container\" data-e-type=\"container\">\n\t\t\t\t<div class=\"elementor-element elementor-element-a8ba559 elementor-widget elementor-widget-image\" data-id=\"a8ba559\" data-element_type=\"widget\" data-e-type=\"widget\" data-widget_type=\"image.default\">\n\t\t\t\t<div class=\"elementor-widget-container\">\n\t\t\t\t\t\t\t\t\t\t\t\t\t\t\t<img decoding=\"async\" width=\"1000\" height=\"1000\" src=\"https:\/\/suptex.eu\/wp-content\/uploads\/2024\/02\/08ff5f68-39e5-4804-b354-19b5587a972c.png\" class=\"attachment-large size-large wp-image-853\" alt=\"\" srcset=\"https:\/\/suptex.eu\/wp-content\/uploads\/2024\/02\/08ff5f68-39e5-4804-b354-19b5587a972c.png 1000w, https:\/\/suptex.eu\/wp-content\/uploads\/2024\/02\/08ff5f68-39e5-4804-b354-19b5587a972c-300x300.png 300w, https:\/\/suptex.eu\/wp-content\/uploads\/2024\/02\/08ff5f68-39e5-4804-b354-19b5587a972c-150x150.png 150w, https:\/\/suptex.eu\/wp-content\/uploads\/2024\/02\/08ff5f68-39e5-4804-b354-19b5587a972c-768x768.png 768w, https:\/\/suptex.eu\/wp-content\/uploads\/2024\/02\/08ff5f68-39e5-4804-b354-19b5587a972c-600x600.png 600w, https:\/\/suptex.eu\/wp-content\/uploads\/2024\/02\/08ff5f68-39e5-4804-b354-19b5587a972c-100x100.png 100w\" sizes=\"(max-width: 1000px) 100vw, 1000px\" \/>\t\t\t\t\t\t\t\t\t\t\t\t\t\t\t<\/div>\n\t\t\t\t<\/div>\n\t\t\t\t<\/div>\n\t\t<div class=\"elementor-element elementor-element-b195477 e-con-full e-flex e-con e-child\" data-id=\"b195477\" data-element_type=\"container\" data-e-type=\"container\">\n\t\t\t\t<div class=\"elementor-element elementor-element-431ca19 elementor-widget elementor-widget-text-editor\" data-id=\"431ca19\" data-element_type=\"widget\" data-e-type=\"widget\" data-widget_type=\"text-editor.default\">\n\t\t\t\t<div class=\"elementor-widget-container\">\n\t\t\t\t\t\t\t\t\t<h1>Elektrilised t\u00f6\u00f6riistad<\/h1><p>Alates puuridest ja saagidest kuni taskulampide ja tolmuimejateni t\u00f6\u00f6tame v\u00e4lja uuenduslikke m\u00e4rgistamislahendusi, mis vastavad karmi k\u00e4sitsemise, keemilise kokkupuute ning ainulaadsete v\u00e4rvi- ja kasutusn\u00f5uetega seotud v\u00e4ljakutsetele.<\/p><ul><li>Ulatuslik UL, cUL ja CSA materjalide kogu<\/li><li>Tehnoloogiad h\u00f5lmavad serialiseerimist ja ainulaadseid muutuvaid andmeid \u00fclikestvates etiketikonstruktsioonides<\/li><li>\u00dclelamineeritud sildid tagavad \u00fclima vastupidavuse karmides keskkondades ja karmi k\u00e4sitsemise korral<\/li><li>VMI ja saadetiste programmid toetavad JIT-i algatusi ja minimeerivad kohapealset ja vananenud inventari<\/li><li>Ettev\u00f5ttesisene t\u00f6\u00f6kindluse ja j\u00f5udluse testimise labor pakub kiiret testimist ja kinnitamist<\/li><li>Standardiseeritud s\u00fcsteemide ja protsessidega globaalne tootmisplatvorm tagab j\u00e4rjepidevuse igas tootmiskohas<\/li><li>Lai valik etikettide teisendamise tehnoloogiaid optimeerib etikettide kulude kokkuhoidu<\/li><li>\u00dclemaailmne tootmisplatvorm standardiseeritud s\u00fcsteemide ja protsessidega tagab j\u00e4rjepidevuse<\/li><li>T\u00e4pne v\u00e4rvihaldusprotsess tagab t\u00e4pse ja j\u00e4rjepideva v\u00e4rvide sobitamise<\/li><\/ul>\t\t\t\t\t\t\t\t<\/div>\n\t\t\t\t<\/div>\n\t\t\t\t<\/div>\n\t\t\t\t<\/div>\n\t\t\t\t<\/div>\n\t\t<\/p><\/div>\n\t\t\t\t\t\t\t\t\t<div class=\"elementor-tab-title elementor-tab-mobile-title\" aria-selected=\"false\" data-tab=\"3\" role=\"tab\" tabindex=\"-1\" aria-controls=\"elementor-tab-content-2663\" aria-expanded=\"false\">V\u00e4li elektriseadmed<\/div>\n\t\t\t\t\t<div id=\"elementor-tab-content-2663\" class=\"elementor-tab-content elementor-clearfix\" data-tab=\"3\" role=\"tabpanel\" aria-labelledby=\"elementor-tab-title-2663\" tabindex=\"0\" hidden=\"hidden\"><p>\t\t<div data-elementor-type=\"container\" data-elementor-id=\"842\" class=\"elementor elementor-842\" data-elementor-post-type=\"elementor_library\">\n\t\t\t\t<div class=\"elementor-element elementor-element-95700db e-con-full e-flex e-con e-parent\" data-id=\"95700db\" data-element_type=\"container\" data-e-type=\"container\">\n\t\t<div class=\"elementor-element elementor-element-9f7fb4a e-con-full e-flex e-con e-child\" data-id=\"9f7fb4a\" data-element_type=\"container\" data-e-type=\"container\">\n\t\t\t\t<div class=\"elementor-element elementor-element-a8ba559 elementor-widget elementor-widget-image\" data-id=\"a8ba559\" data-element_type=\"widget\" data-e-type=\"widget\" data-widget_type=\"image.default\">\n\t\t\t\t<div class=\"elementor-widget-container\">\n\t\t\t\t\t\t\t\t\t\t\t\t\t\t\t<img decoding=\"async\" width=\"1024\" height=\"715\" src=\"https:\/\/suptex.eu\/wp-content\/uploads\/2024\/02\/43d8032e-fc67-4baf-9ec2-377864dfd577-1024x715.png\" class=\"attachment-large size-large wp-image-852\" alt=\"\" srcset=\"https:\/\/suptex.eu\/wp-content\/uploads\/2024\/02\/43d8032e-fc67-4baf-9ec2-377864dfd577-1024x715.png 1024w, https:\/\/suptex.eu\/wp-content\/uploads\/2024\/02\/43d8032e-fc67-4baf-9ec2-377864dfd577-300x210.png 300w, https:\/\/suptex.eu\/wp-content\/uploads\/2024\/02\/43d8032e-fc67-4baf-9ec2-377864dfd577-768x536.png 768w, https:\/\/suptex.eu\/wp-content\/uploads\/2024\/02\/43d8032e-fc67-4baf-9ec2-377864dfd577-1536x1073.png 1536w, https:\/\/suptex.eu\/wp-content\/uploads\/2024\/02\/43d8032e-fc67-4baf-9ec2-377864dfd577-2048x1430.png 2048w, https:\/\/suptex.eu\/wp-content\/uploads\/2024\/02\/43d8032e-fc67-4baf-9ec2-377864dfd577-600x419.png 600w\" sizes=\"(max-width: 1024px) 100vw, 1024px\" \/>\t\t\t\t\t\t\t\t\t\t\t\t\t\t\t<\/div>\n\t\t\t\t<\/div>\n\t\t\t\t<\/div>\n\t\t<div class=\"elementor-element elementor-element-b195477 e-con-full e-flex e-con e-child\" data-id=\"b195477\" data-element_type=\"container\" data-e-type=\"container\">\n\t\t\t\t<div class=\"elementor-element elementor-element-431ca19 elementor-widget elementor-widget-text-editor\" data-id=\"431ca19\" data-element_type=\"widget\" data-e-type=\"widget\" data-widget_type=\"text-editor.default\">\n\t\t\t\t<div class=\"elementor-widget-container\">\n\t\t\t\t\t\t\t\t\t<h1>V\u00e4li elektriseadmed<\/h1><p>Meie ilmastikukindlad survetundlikud m\u00e4rgistuslahendused on sama vastupidavad kui t\u00f6\u00f6riistad, millel neid leidub, sealhulgas mootorsaed, mootorid ja traktorid.<\/p><ul><li>Materjalid ja tint on spetsiaalselt loodud pikaajaliseks v\u00e4listingimustes kasutamiseks<\/li><li>Teise pinna sildikonstruktsioonid tagavad \u00fclima vastupidavuse karmides keskkondades ja karmi k\u00e4sitsemise korral<\/li><li>UV-filtritega laminaadid v\u00e4hendavad kahjuliku UV-kiirguse m\u00f5ju<\/li><li>Bensiini- ja kemikaalikindlad konstruktsioonid hoiavad \u00e4ra sildi t\u00f5stmise, v\u00e4rvimuutuse ja loetamatuse<\/li><li>Ulatuslik UL, cUL ja CSA materjalide raamatukogu<\/li><\/ul>\t\t\t\t\t\t\t\t<\/div>\n\t\t\t\t<\/div>\n\t\t\t\t<\/div>\n\t\t\t\t<\/div>\n\t\t\t\t<\/div>\n\t\t<\/p><\/div>\n\t\t\t\t\t\t\t\t\t<div class=\"elementor-tab-title elementor-tab-mobile-title\" aria-selected=\"false\" data-tab=\"4\" role=\"tab\" tabindex=\"-1\" aria-controls=\"elementor-tab-content-2664\" aria-expanded=\"false\">Seadmed<\/div>\n\t\t\t\t\t<div id=\"elementor-tab-content-2664\" class=\"elementor-tab-content elementor-clearfix\" data-tab=\"4\" role=\"tabpanel\" aria-labelledby=\"elementor-tab-title-2664\" tabindex=\"0\" hidden=\"hidden\"><p>\t\t<div data-elementor-type=\"container\" data-elementor-id=\"844\" class=\"elementor elementor-844\" data-elementor-post-type=\"elementor_library\">\n\t\t\t\t<div class=\"elementor-element elementor-element-95700db e-con-full e-flex e-con e-parent\" data-id=\"95700db\" data-element_type=\"container\" data-e-type=\"container\">\n\t\t<div class=\"elementor-element elementor-element-9f7fb4a e-con-full e-flex e-con e-child\" data-id=\"9f7fb4a\" data-element_type=\"container\" data-e-type=\"container\">\n\t\t\t\t<div class=\"elementor-element elementor-element-a8ba559 elementor-widget elementor-widget-image\" data-id=\"a8ba559\" data-element_type=\"widget\" data-e-type=\"widget\" data-widget_type=\"image.default\">\n\t\t\t\t<div class=\"elementor-widget-container\">\n\t\t\t\t\t\t\t\t\t\t\t\t\t\t\t<img loading=\"lazy\" decoding=\"async\" width=\"1024\" height=\"1024\" src=\"https:\/\/suptex.eu\/wp-content\/uploads\/2024\/02\/0460aeaa-25fb-4035-9530-5b0759ea6aa4-1024x1024.png\" class=\"attachment-large size-large wp-image-851\" alt=\"\" srcset=\"https:\/\/suptex.eu\/wp-content\/uploads\/2024\/02\/0460aeaa-25fb-4035-9530-5b0759ea6aa4-1024x1024.png 1024w, https:\/\/suptex.eu\/wp-content\/uploads\/2024\/02\/0460aeaa-25fb-4035-9530-5b0759ea6aa4-300x300.png 300w, https:\/\/suptex.eu\/wp-content\/uploads\/2024\/02\/0460aeaa-25fb-4035-9530-5b0759ea6aa4-150x150.png 150w, https:\/\/suptex.eu\/wp-content\/uploads\/2024\/02\/0460aeaa-25fb-4035-9530-5b0759ea6aa4-768x768.png 768w, https:\/\/suptex.eu\/wp-content\/uploads\/2024\/02\/0460aeaa-25fb-4035-9530-5b0759ea6aa4-600x600.png 600w, https:\/\/suptex.eu\/wp-content\/uploads\/2024\/02\/0460aeaa-25fb-4035-9530-5b0759ea6aa4-100x100.png 100w, https:\/\/suptex.eu\/wp-content\/uploads\/2024\/02\/0460aeaa-25fb-4035-9530-5b0759ea6aa4.png 1370w\" sizes=\"(max-width: 1024px) 100vw, 1024px\" \/>\t\t\t\t\t\t\t\t\t\t\t\t\t\t\t<\/div>\n\t\t\t\t<\/div>\n\t\t\t\t<\/div>\n\t\t<div class=\"elementor-element elementor-element-b195477 e-con-full e-flex e-con e-child\" data-id=\"b195477\" data-element_type=\"container\" data-e-type=\"container\">\n\t\t\t\t<div class=\"elementor-element elementor-element-431ca19 elementor-widget elementor-widget-text-editor\" data-id=\"431ca19\" data-element_type=\"widget\" data-e-type=\"widget\" data-widget_type=\"text-editor.default\">\n\t\t\t\t<div class=\"elementor-widget-container\">\n\t\t\t\t\t\t\t\t\t<h1>Majapidamis seadmed<\/h1><p>Meie kohandatud kaubam\u00e4rgilahendused ja t\u00f6\u00f6stusharule vastavad nimesildid leiate tarbe- ja t\u00f6\u00f6stusseadmetest, sealhulgas k\u00fclmikutest, pesumasinatest ja -kuivatitest, n\u00f5udepesumasinatest ja kuumaveeboileritest.<\/p><ul><li>\u00dclelamineeritud sildid tagavad \u00fclima vastupidavuse karmides keskkondades ja karmi k\u00e4sitsemise korral<\/li><li>VMI ja saadetiste programmid toetavad JIT-i algatusi ja minimeerivad kohapealset ja vananenud inventari<\/li><li>Erinevad tr\u00fcki- ja viimistlustehnoloogiad v\u00e4hendavad tootmiskulusid<\/li><li>Tootearenduslabor h\u00f5lbustab kliendi praeguste reitingute ja nimesiltide v\u00f5rdlusuuringuid, et tuvastada odavamaid lahendusi<\/li><li>T\u00e4pne v\u00e4rvihaldusprotsess tagab t\u00e4pse ja j\u00e4rjepideva v\u00e4rvide sobitamise<\/li><li>Materjalid ja tindis\u00fcsteemid, mis on spetsiaalselt loodud pesumasinate jaoks trummelrakendustes<\/li><li>Standardiseeritud s\u00fcsteemide ja protsessidega globaalne tootmisplatvorm tagab j\u00e4rjepidevuse igas tootmiskohas<\/li><\/ul>\t\t\t\t\t\t\t\t<\/div>\n\t\t\t\t<\/div>\n\t\t\t\t<\/div>\n\t\t\t\t<\/div>\n\t\t\t\t<\/div>\n\t\t<\/p><\/div>\n\t\t\t\t\t\t\t\t\t<div class=\"elementor-tab-title elementor-tab-mobile-title\" aria-selected=\"false\" data-tab=\"5\" role=\"tab\" tabindex=\"-1\" aria-controls=\"elementor-tab-content-2665\" aria-expanded=\"false\">HVAC<\/div>\n\t\t\t\t\t<div id=\"elementor-tab-content-2665\" class=\"elementor-tab-content elementor-clearfix\" data-tab=\"5\" role=\"tabpanel\" aria-labelledby=\"elementor-tab-title-2665\" tabindex=\"0\" hidden=\"hidden\"><p>\t\t<div data-elementor-type=\"container\" data-elementor-id=\"846\" class=\"elementor elementor-846\" data-elementor-post-type=\"elementor_library\">\n\t\t\t\t<div class=\"elementor-element elementor-element-95700db e-con-full e-flex e-con e-parent\" data-id=\"95700db\" data-element_type=\"container\" data-e-type=\"container\">\n\t\t<div class=\"elementor-element elementor-element-9f7fb4a e-con-full e-flex e-con e-child\" data-id=\"9f7fb4a\" data-element_type=\"container\" data-e-type=\"container\">\n\t\t\t\t<div class=\"elementor-element elementor-element-a8ba559 elementor-widget elementor-widget-image\" data-id=\"a8ba559\" data-element_type=\"widget\" data-e-type=\"widget\" data-widget_type=\"image.default\">\n\t\t\t\t<div class=\"elementor-widget-container\">\n\t\t\t\t\t\t\t\t\t\t\t\t\t\t\t<img loading=\"lazy\" decoding=\"async\" width=\"731\" height=\"731\" src=\"https:\/\/suptex.eu\/wp-content\/uploads\/2024\/02\/Commercial-HVAC.png\" class=\"attachment-large size-large wp-image-855\" alt=\"\" srcset=\"https:\/\/suptex.eu\/wp-content\/uploads\/2024\/02\/Commercial-HVAC.png 731w, https:\/\/suptex.eu\/wp-content\/uploads\/2024\/02\/Commercial-HVAC-300x300.png 300w, https:\/\/suptex.eu\/wp-content\/uploads\/2024\/02\/Commercial-HVAC-150x150.png 150w, https:\/\/suptex.eu\/wp-content\/uploads\/2024\/02\/Commercial-HVAC-600x600.png 600w, https:\/\/suptex.eu\/wp-content\/uploads\/2024\/02\/Commercial-HVAC-100x100.png 100w\" sizes=\"(max-width: 731px) 100vw, 731px\" \/>\t\t\t\t\t\t\t\t\t\t\t\t\t\t\t<\/div>\n\t\t\t\t<\/div>\n\t\t\t\t<\/div>\n\t\t<div class=\"elementor-element elementor-element-b195477 e-con-full e-flex e-con e-child\" data-id=\"b195477\" data-element_type=\"container\" data-e-type=\"container\">\n\t\t\t\t<div class=\"elementor-element elementor-element-431ca19 elementor-widget elementor-widget-text-editor\" data-id=\"431ca19\" data-element_type=\"widget\" data-e-type=\"widget\" data-widget_type=\"text-editor.default\">\n\t\t\t\t<div class=\"elementor-widget-container\">\n\t\t\t\t\t\t\t\t\t<h1><span style=\"font-family: var(--global-body-font-family);\">Soojus, ventilatsioon ja jahutus<\/span><\/h1><p>Loome m\u00e4rgistamis- ja identifitseerimislahendusi elamute k\u00fctte- ja jahutuss\u00fcsteemidele ning kaubanduslikele HVAC-s\u00fcsteemidele, mis peavad vastu keerulistele keskkonnatingimustele ja regulatiivsetele n\u00f5uetele.<\/p><ul><li>K\u00f5rgele temperatuurile vastupidavad etiketimaterjalist konstruktsioonidUlatuslik UL, cUL ja CSA materjalide raamatukogu<\/li><li>Erinevad tr\u00fcki- ja viimistlustehnoloogiad v\u00e4hendavad tootmiskulusid<\/li><li>Tootearenduslabor h\u00f5lbustab kliendi praeguste reitingute ja nimesiltide v\u00f5rdlusuuringuid, et tuvastada odavamaid lahendusi<\/li><li>VMI ja saadetiste programmid toetavad JIT-i algatusi ja minimeerivad kohapealset ja vananenud inventari<\/li><\/ul>\t\t\t\t\t\t\t\t<\/div>\n\t\t\t\t<\/div>\n\t\t\t\t<\/div>\n\t\t\t\t<\/div>\n\t\t\t\t<\/div>\n\t\t<\/p><\/div>\n\t\t\t\t\t\t\t<\/div>\n\t\t<\/div>\n\t\t\t\t\t\t<\/div>\n\t\t\t\t<\/div>\n\t\t\t\t\t<\/div>\n\t\t\t\t<\/div>\n\t\t\t\t<\/div>","protected":false},"excerpt":{"rendered":"<p>Energia ja voolujaotus Elektrilised t\u00f6\u00f6riistad V\u00e4li elektriseadmed Seadmed HVAC Energia ja voolujaotus Mootoriruumi Komponendid Mootoriruumi m\u00e4rgistused n\u00f5uavad vastupidavaid sildistamislahendusi, mis suudavad selgelt kuvada olulist teavet pikaajalisel kasutamisel ja karmides tingimustes. Meie mitmek\u00fclgne valik autot\u00f6\u00f6stuse tarbeks arendatud kleebised tagavad parima sobivuse iga vajaduse jaoks. Valged ja h\u00f5bedased PET-materjalid koos kvaliteetseteliimidega, mis on eelnevalt heaks kiidetud suurimate&#8230;<\/p>","protected":false},"author":1,"featured_media":0,"parent":0,"menu_order":0,"comment_status":"closed","ping_status":"closed","template":"","meta":{"_kadence_starter_templates_imported_post":false,"_kad_post_transparent":"","_kad_post_title":"hide","_kad_post_layout":"fullwidth","_kad_post_sidebar_id":"","_kad_post_content_style":"unboxed","_kad_post_vertical_padding":"hide","_kad_post_feature":"hide","_kad_post_feature_position":"","_kad_post_header":false,"_kad_post_footer":false,"footnotes":""},"class_list":["post-698","page","type-page","status-publish","hentry"],"_links":{"self":[{"href":"https:\/\/suptex.eu\/en\/wp-json\/wp\/v2\/pages\/698","targetHints":{"allow":["GET"]}}],"collection":[{"href":"https:\/\/suptex.eu\/en\/wp-json\/wp\/v2\/pages"}],"about":[{"href":"https:\/\/suptex.eu\/en\/wp-json\/wp\/v2\/types\/page"}],"author":[{"embeddable":true,"href":"https:\/\/suptex.eu\/en\/wp-json\/wp\/v2\/users\/1"}],"replies":[{"embeddable":true,"href":"https:\/\/suptex.eu\/en\/wp-json\/wp\/v2\/comments?post=698"}],"version-history":[{"count":4,"href":"https:\/\/suptex.eu\/en\/wp-json\/wp\/v2\/pages\/698\/revisions"}],"predecessor-version":[{"id":850,"href":"https:\/\/suptex.eu\/en\/wp-json\/wp\/v2\/pages\/698\/revisions\/850"}],"wp:attachment":[{"href":"https:\/\/suptex.eu\/en\/wp-json\/wp\/v2\/media?parent=698"}],"curies":[{"name":"wp","href":"https:\/\/api.w.org\/{rel}","templated":true}]}}