{"id":700,"date":"2024-01-16T22:34:06","date_gmt":"2024-01-16T20:34:06","guid":{"rendered":"https:\/\/suptex.eu\/?page_id=700"},"modified":"2024-12-13T14:52:22","modified_gmt":"2024-12-13T11:52:22","slug":"avaleht-2","status":"publish","type":"page","link":"https:\/\/suptex.eu\/en\/avaleht-2\/","title":{"rendered":"Electronics"},"content":{"rendered":"<div data-elementor-type=\"wp-page\" data-elementor-id=\"700\" class=\"elementor elementor-700\" data-elementor-post-type=\"page\">\n\t\t\t\t<div class=\"elementor-element elementor-element-95142bd e-flex e-con-boxed e-con e-parent\" data-id=\"95142bd\" data-element_type=\"container\" data-e-type=\"container\">\n\t\t\t\t\t<div class=\"e-con-inner\">\n\t\t\t\t<div class=\"elementor-element elementor-element-6330ce2 elementor-tabs-view-horizontal elementor-widget elementor-widget-tabs\" data-id=\"6330ce2\" data-element_type=\"widget\" data-e-type=\"widget\" data-widget_type=\"tabs.default\">\n\t\t\t\t<div class=\"elementor-widget-container\">\n\t\t\t\t\t\t\t<div class=\"elementor-tabs\">\n\t\t\t<div class=\"elementor-tabs-wrapper\" role=\"tablist\" >\n\t\t\t\t\t\t\t\t\t<div id=\"elementor-tab-title-1041\" class=\"elementor-tab-title elementor-tab-desktop-title\" aria-selected=\"true\" data-tab=\"1\" role=\"tab\" tabindex=\"0\" aria-controls=\"elementor-tab-content-1041\" aria-expanded=\"false\">PC-plaadid ja elektroonilised komponendid<\/div>\n\t\t\t\t\t\t\t\t\t<div id=\"elementor-tab-title-1042\" class=\"elementor-tab-title elementor-tab-desktop-title\" aria-selected=\"false\" data-tab=\"2\" role=\"tab\" tabindex=\"-1\" aria-controls=\"elementor-tab-content-1042\" aria-expanded=\"false\">Tarbeelektroonika<\/div>\n\t\t\t\t\t\t\t<\/div>\n\t\t\t<div class=\"elementor-tabs-content-wrapper\" role=\"tablist\" aria-orientation=\"vertical\">\n\t\t\t\t\t\t\t\t\t<div class=\"elementor-tab-title elementor-tab-mobile-title\" aria-selected=\"true\" data-tab=\"1\" role=\"tab\" tabindex=\"0\" aria-controls=\"elementor-tab-content-1041\" aria-expanded=\"false\">PC-plaadid ja elektroonilised komponendid<\/div>\n\t\t\t\t\t<div id=\"elementor-tab-content-1041\" class=\"elementor-tab-content elementor-clearfix\" data-tab=\"1\" role=\"tabpanel\" aria-labelledby=\"elementor-tab-title-1041\" tabindex=\"0\" hidden=\"false\"><p>\t\t<div data-elementor-type=\"container\" data-elementor-id=\"816\" class=\"elementor elementor-816\" data-elementor-post-type=\"elementor_library\">\n\t\t\t\t<div class=\"elementor-element elementor-element-95700db e-con-full e-flex e-con e-parent\" data-id=\"95700db\" data-element_type=\"container\" data-e-type=\"container\">\n\t\t<div class=\"elementor-element elementor-element-9f7fb4a e-con-full e-flex e-con e-child\" data-id=\"9f7fb4a\" data-element_type=\"container\" data-e-type=\"container\">\n\t\t\t\t<div class=\"elementor-element elementor-element-a8ba559 elementor-widget elementor-widget-image\" data-id=\"a8ba559\" data-element_type=\"widget\" data-e-type=\"widget\" data-widget_type=\"image.default\">\n\t\t\t\t<div class=\"elementor-widget-container\">\n\t\t\t\t\t\t\t\t\t\t\t\t\t\t\t<img fetchpriority=\"high\" decoding=\"async\" width=\"1024\" height=\"1024\" src=\"https:\/\/suptex.eu\/wp-content\/uploads\/2024\/02\/90d56732-3cd4-45a3-aa02-dfe836a57a26-1024x1024.png\" class=\"attachment-large size-large wp-image-823\" alt=\"\" srcset=\"https:\/\/suptex.eu\/wp-content\/uploads\/2024\/02\/90d56732-3cd4-45a3-aa02-dfe836a57a26-1024x1024.png 1024w, https:\/\/suptex.eu\/wp-content\/uploads\/2024\/02\/90d56732-3cd4-45a3-aa02-dfe836a57a26-300x300.png 300w, https:\/\/suptex.eu\/wp-content\/uploads\/2024\/02\/90d56732-3cd4-45a3-aa02-dfe836a57a26-150x150.png 150w, https:\/\/suptex.eu\/wp-content\/uploads\/2024\/02\/90d56732-3cd4-45a3-aa02-dfe836a57a26-768x768.png 768w, https:\/\/suptex.eu\/wp-content\/uploads\/2024\/02\/90d56732-3cd4-45a3-aa02-dfe836a57a26-600x600.png 600w, https:\/\/suptex.eu\/wp-content\/uploads\/2024\/02\/90d56732-3cd4-45a3-aa02-dfe836a57a26-100x100.png 100w, https:\/\/suptex.eu\/wp-content\/uploads\/2024\/02\/90d56732-3cd4-45a3-aa02-dfe836a57a26.png 1500w\" sizes=\"(max-width: 1024px) 100vw, 1024px\" \/>\t\t\t\t\t\t\t\t\t\t\t\t\t\t\t<\/div>\n\t\t\t\t<\/div>\n\t\t\t\t<\/div>\n\t\t<div class=\"elementor-element elementor-element-b195477 e-con-full e-flex e-con e-child\" data-id=\"b195477\" data-element_type=\"container\" data-e-type=\"container\">\n\t\t\t\t<div class=\"elementor-element elementor-element-431ca19 elementor-widget elementor-widget-text-editor\" data-id=\"431ca19\" data-element_type=\"widget\" data-e-type=\"widget\" data-widget_type=\"text-editor.default\">\n\t\t\t\t<div class=\"elementor-widget-container\">\n\t\t\t\t\t\t\t\t\t<h1>PC-plaadid ja elektroonilised komponendid<\/h1><p>Meie tr\u00fckkplaatide ja elektroonikakomponentide sildid on loodud taluma k\u00f5rget kuumust ja tugevatoimelisi puhastuslahuseid.<\/p><ul><li>PC-plaatide 100% j\u00e4lgitavus tootmise ajal ja p\u00e4rast valmimist objektil<\/li><li>M\u00f5eldud karmide pesuprotsesside \u00fcleelamiseks<\/li><li>Siltide automaatne lisamine eemaldab inimlikud vead<\/li><li>Antistaatilised &#8220;<strong>ESD&#8221;<\/strong> omadused<\/li><\/ul>\t\t\t\t\t\t\t\t<\/div>\n\t\t\t\t<\/div>\n\t\t\t\t<\/div>\n\t\t\t\t<\/div>\n\t\t\t\t<\/div>\n\t\t<\/p><\/div>\n\t\t\t\t\t\t\t\t\t<div class=\"elementor-tab-title elementor-tab-mobile-title\" aria-selected=\"false\" data-tab=\"2\" role=\"tab\" tabindex=\"-1\" aria-controls=\"elementor-tab-content-1042\" aria-expanded=\"false\">Tarbeelektroonika<\/div>\n\t\t\t\t\t<div id=\"elementor-tab-content-1042\" class=\"elementor-tab-content elementor-clearfix\" data-tab=\"2\" role=\"tabpanel\" aria-labelledby=\"elementor-tab-title-1042\" tabindex=\"0\" hidden=\"hidden\"><p>\t\t<div data-elementor-type=\"container\" data-elementor-id=\"817\" class=\"elementor elementor-817\" data-elementor-post-type=\"elementor_library\">\n\t\t\t\t<div class=\"elementor-element elementor-element-95700db e-con-full e-flex e-con e-parent\" data-id=\"95700db\" data-element_type=\"container\" data-e-type=\"container\">\n\t\t<div class=\"elementor-element elementor-element-9f7fb4a e-con-full e-flex e-con e-child\" data-id=\"9f7fb4a\" data-element_type=\"container\" data-e-type=\"container\">\n\t\t\t\t<div class=\"elementor-element elementor-element-a8ba559 elementor-widget elementor-widget-image\" data-id=\"a8ba559\" data-element_type=\"widget\" data-e-type=\"widget\" data-widget_type=\"image.default\">\n\t\t\t\t<div class=\"elementor-widget-container\">\n\t\t\t\t\t\t\t\t\t\t\t\t\t\t\t<img decoding=\"async\" width=\"779\" height=\"779\" src=\"https:\/\/suptex.eu\/wp-content\/uploads\/2024\/02\/37ccdb1d-bbb4-4161-9e36-c845d8d2b423.png\" class=\"attachment-large size-large wp-image-822\" alt=\"\" srcset=\"https:\/\/suptex.eu\/wp-content\/uploads\/2024\/02\/37ccdb1d-bbb4-4161-9e36-c845d8d2b423.png 779w, https:\/\/suptex.eu\/wp-content\/uploads\/2024\/02\/37ccdb1d-bbb4-4161-9e36-c845d8d2b423-300x300.png 300w, https:\/\/suptex.eu\/wp-content\/uploads\/2024\/02\/37ccdb1d-bbb4-4161-9e36-c845d8d2b423-150x150.png 150w, https:\/\/suptex.eu\/wp-content\/uploads\/2024\/02\/37ccdb1d-bbb4-4161-9e36-c845d8d2b423-768x768.png 768w, https:\/\/suptex.eu\/wp-content\/uploads\/2024\/02\/37ccdb1d-bbb4-4161-9e36-c845d8d2b423-600x600.png 600w, https:\/\/suptex.eu\/wp-content\/uploads\/2024\/02\/37ccdb1d-bbb4-4161-9e36-c845d8d2b423-100x100.png 100w\" sizes=\"(max-width: 779px) 100vw, 779px\" \/>\t\t\t\t\t\t\t\t\t\t\t\t\t\t\t<\/div>\n\t\t\t\t<\/div>\n\t\t\t\t<\/div>\n\t\t<div class=\"elementor-element elementor-element-b195477 e-con-full e-flex e-con e-child\" data-id=\"b195477\" data-element_type=\"container\" data-e-type=\"container\">\n\t\t\t\t<div class=\"elementor-element elementor-element-431ca19 elementor-widget elementor-widget-text-editor\" data-id=\"431ca19\" data-element_type=\"widget\" data-e-type=\"widget\" data-widget_type=\"text-editor.default\">\n\t\t\t\t<div class=\"elementor-widget-container\">\n\t\t\t\t\t\t\t\t\t<h1>Tarbeelektroonika<\/h1><p style=\"text-align: left;\">Tarbeelektroonika h\u00f5lmab pidevalt laienevat tooter\u00fchma, sealhulgas telefone, s\u00fclearvuteid, telereid, GPS-seadmeid, tahvelarvuteid ja palju teisi tooteid. Kohandume t\u00f6\u00f6stuse muutuvate vajadustega kohandatud lahendustega, mis vastavad keerukatele disaini-, j\u00f5udlus- ja vastavusvajadustele.<\/p><ul><li>Madala profiiliga sildid v\u00e4ikeste ruumide jaoks<\/li><li>Sildid, mis s\u00e4ilitavad oma teksti ja kuju elektroonikatoodete karmis tootmisprotsessis<\/li><li>Maskeerivad kleebised<\/li><li>Serialiseeritud v\u00f6\u00f6tkoodisildid garantiiremondiks<\/li><li>Turvakleebised aitavad hoiduda kaubam\u00e4rgi pettustest ja tagab garantii k\u00f5lblikkuse.<\/li><\/ul>\t\t\t\t\t\t\t\t<\/div>\n\t\t\t\t<\/div>\n\t\t\t\t<\/div>\n\t\t\t\t<\/div>\n\t\t\t\t<\/div>\n\t\t<\/p><\/div>\n\t\t\t\t\t\t\t<\/div>\n\t\t<\/div>\n\t\t\t\t\t\t<\/div>\n\t\t\t\t<\/div>\n\t\t\t\t\t<\/div>\n\t\t\t\t<\/div>\n\t\t\t\t<\/div>","protected":false},"excerpt":{"rendered":"<p>PC-plaadid ja elektroonilised komponendid Tarbeelektroonika PC-plaadid ja elektroonilised komponendid PC-plaadid ja elektroonilised komponendid Meie tr\u00fckkplaatide ja elektroonikakomponentide sildid on loodud taluma k\u00f5rget kuumust ja tugevatoimelisi puhastuslahuseid. PC-plaatide 100% j\u00e4lgitavus tootmise ajal ja p\u00e4rast valmimist objektil M\u00f5eldud karmide pesuprotsesside \u00fcleelamiseks Siltide automaatne lisamine eemaldab inimlikud vead Antistaatilised &#8220;ESD&#8221; omadused Tarbeelektroonika Tarbeelektroonika Tarbeelektroonika h\u00f5lmab pidevalt laienevat tooter\u00fchma,&#8230;<\/p>","protected":false},"author":1,"featured_media":0,"parent":0,"menu_order":0,"comment_status":"closed","ping_status":"closed","template":"","meta":{"_kadence_starter_templates_imported_post":false,"_kad_post_transparent":"","_kad_post_title":"hide","_kad_post_layout":"fullwidth","_kad_post_sidebar_id":"","_kad_post_content_style":"unboxed","_kad_post_vertical_padding":"hide","_kad_post_feature":"hide","_kad_post_feature_position":"","_kad_post_header":false,"_kad_post_footer":false,"footnotes":""},"class_list":["post-700","page","type-page","status-publish","hentry"],"_links":{"self":[{"href":"https:\/\/suptex.eu\/en\/wp-json\/wp\/v2\/pages\/700","targetHints":{"allow":["GET"]}}],"collection":[{"href":"https:\/\/suptex.eu\/en\/wp-json\/wp\/v2\/pages"}],"about":[{"href":"https:\/\/suptex.eu\/en\/wp-json\/wp\/v2\/types\/page"}],"author":[{"embeddable":true,"href":"https:\/\/suptex.eu\/en\/wp-json\/wp\/v2\/users\/1"}],"replies":[{"embeddable":true,"href":"https:\/\/suptex.eu\/en\/wp-json\/wp\/v2\/comments?post=700"}],"version-history":[{"count":11,"href":"https:\/\/suptex.eu\/en\/wp-json\/wp\/v2\/pages\/700\/revisions"}],"predecessor-version":[{"id":813,"href":"https:\/\/suptex.eu\/en\/wp-json\/wp\/v2\/pages\/700\/revisions\/813"}],"wp:attachment":[{"href":"https:\/\/suptex.eu\/en\/wp-json\/wp\/v2\/media?parent=700"}],"curies":[{"name":"wp","href":"https:\/\/api.w.org\/{rel}","templated":true}]}}