{"id":702,"date":"2024-01-16T22:34:59","date_gmt":"2024-01-16T20:34:59","guid":{"rendered":"https:\/\/suptex.eu\/?page_id=702"},"modified":"2024-02-18T10:35:51","modified_gmt":"2024-02-18T08:35:51","slug":"transport","status":"publish","type":"page","link":"https:\/\/suptex.eu\/en\/transport\/","title":{"rendered":"Transportation"},"content":{"rendered":"<div data-elementor-type=\"wp-page\" data-elementor-id=\"702\" class=\"elementor elementor-702\" data-elementor-post-type=\"page\">\n\t\t\t\t<div class=\"elementor-element elementor-element-acb5c6c e-flex e-con-boxed e-con e-parent\" data-id=\"acb5c6c\" data-element_type=\"container\" data-e-type=\"container\">\n\t\t\t\t\t<div class=\"e-con-inner\">\n\t\t\t\t<div class=\"elementor-element elementor-element-317f4df elementor-tabs-view-horizontal elementor-widget elementor-widget-tabs\" data-id=\"317f4df\" data-element_type=\"widget\" data-e-type=\"widget\" data-widget_type=\"tabs.default\">\n\t\t\t\t<div class=\"elementor-widget-container\">\n\t\t\t\t\t\t\t<div class=\"elementor-tabs\">\n\t\t\t<div class=\"elementor-tabs-wrapper\" role=\"tablist\" >\n\t\t\t\t\t\t\t\t\t<div id=\"elementor-tab-title-5191\" class=\"elementor-tab-title elementor-tab-desktop-title\" aria-selected=\"true\" data-tab=\"1\" role=\"tab\" tabindex=\"0\" aria-controls=\"elementor-tab-content-5191\" aria-expanded=\"false\">Kommertss\u00f5idukid<\/div>\n\t\t\t\t\t\t\t\t\t<div id=\"elementor-tab-title-5192\" class=\"elementor-tab-title elementor-tab-desktop-title\" aria-selected=\"false\" data-tab=\"2\" role=\"tab\" tabindex=\"-1\" aria-controls=\"elementor-tab-content-5192\" aria-expanded=\"false\">Rasketehnika<\/div>\n\t\t\t\t\t\t\t\t\t<div id=\"elementor-tab-title-5193\" class=\"elementor-tab-title elementor-tab-desktop-title\" aria-selected=\"false\" data-tab=\"3\" role=\"tab\" tabindex=\"-1\" aria-controls=\"elementor-tab-content-5193\" aria-expanded=\"false\">Vabaajas\u00f5idukid<\/div>\n\t\t\t\t\t\t\t\t\t<div id=\"elementor-tab-title-5194\" class=\"elementor-tab-title elementor-tab-desktop-title\" aria-selected=\"false\" data-tab=\"4\" role=\"tab\" tabindex=\"-1\" aria-controls=\"elementor-tab-content-5194\" aria-expanded=\"false\">Raudtee ja massitransport<\/div>\n\t\t\t\t\t\t\t\t\t<div id=\"elementor-tab-title-5195\" class=\"elementor-tab-title elementor-tab-desktop-title\" aria-selected=\"false\" data-tab=\"5\" role=\"tab\" tabindex=\"-1\" aria-controls=\"elementor-tab-content-5195\" aria-expanded=\"false\">Meretransport<\/div>\n\t\t\t\t\t\t\t<\/div>\n\t\t\t<div class=\"elementor-tabs-content-wrapper\" role=\"tablist\" aria-orientation=\"vertical\">\n\t\t\t\t\t\t\t\t\t<div class=\"elementor-tab-title elementor-tab-mobile-title\" aria-selected=\"true\" data-tab=\"1\" role=\"tab\" tabindex=\"0\" aria-controls=\"elementor-tab-content-5191\" aria-expanded=\"false\">Kommertss\u00f5idukid<\/div>\n\t\t\t\t\t<div id=\"elementor-tab-content-5191\" class=\"elementor-tab-content elementor-clearfix\" data-tab=\"1\" role=\"tabpanel\" aria-labelledby=\"elementor-tab-title-5191\" tabindex=\"0\" hidden=\"false\"><p>\t\t<div data-elementor-type=\"container\" data-elementor-id=\"861\" class=\"elementor elementor-861\" data-elementor-post-type=\"elementor_library\">\n\t\t\t\t<div class=\"elementor-element elementor-element-95700db e-con-full e-flex e-con e-parent\" data-id=\"95700db\" data-element_type=\"container\" data-e-type=\"container\">\n\t\t<div class=\"elementor-element elementor-element-9f7fb4a e-con-full e-flex e-con e-child\" data-id=\"9f7fb4a\" data-element_type=\"container\" data-e-type=\"container\">\n\t\t\t\t<div class=\"elementor-element elementor-element-a8ba559 elementor-widget elementor-widget-image\" data-id=\"a8ba559\" data-element_type=\"widget\" data-e-type=\"widget\" data-widget_type=\"image.default\">\n\t\t\t\t<div class=\"elementor-widget-container\">\n\t\t\t\t\t\t\t\t\t\t\t\t\t\t\t<img fetchpriority=\"high\" decoding=\"async\" width=\"958\" height=\"958\" src=\"https:\/\/suptex.eu\/wp-content\/uploads\/2024\/02\/19f23113-b2b2-4ece-8b04-827af9c06ecc.png\" class=\"attachment-large size-large wp-image-877\" alt=\"\" srcset=\"https:\/\/suptex.eu\/wp-content\/uploads\/2024\/02\/19f23113-b2b2-4ece-8b04-827af9c06ecc.png 958w, https:\/\/suptex.eu\/wp-content\/uploads\/2024\/02\/19f23113-b2b2-4ece-8b04-827af9c06ecc-300x300.png 300w, https:\/\/suptex.eu\/wp-content\/uploads\/2024\/02\/19f23113-b2b2-4ece-8b04-827af9c06ecc-150x150.png 150w, https:\/\/suptex.eu\/wp-content\/uploads\/2024\/02\/19f23113-b2b2-4ece-8b04-827af9c06ecc-768x768.png 768w, https:\/\/suptex.eu\/wp-content\/uploads\/2024\/02\/19f23113-b2b2-4ece-8b04-827af9c06ecc-600x600.png 600w, https:\/\/suptex.eu\/wp-content\/uploads\/2024\/02\/19f23113-b2b2-4ece-8b04-827af9c06ecc-100x100.png 100w\" sizes=\"(max-width: 958px) 100vw, 958px\" \/>\t\t\t\t\t\t\t\t\t\t\t\t\t\t\t<\/div>\n\t\t\t\t<\/div>\n\t\t\t\t<\/div>\n\t\t<div class=\"elementor-element elementor-element-b195477 e-con-full e-flex e-con e-child\" data-id=\"b195477\" data-element_type=\"container\" data-e-type=\"container\">\n\t\t\t\t<div class=\"elementor-element elementor-element-431ca19 elementor-widget elementor-widget-text-editor\" data-id=\"431ca19\" data-element_type=\"widget\" data-e-type=\"widget\" data-widget_type=\"text-editor.default\">\n\t\t\t\t<div class=\"elementor-widget-container\">\n\t\t\t\t\t\t\t\t\t<h1>Kommertss\u00f5idukid<\/h1><p>Pakume laia valikut vastupidavaid etikettide ja lintide lahendusi, mis on loodud toime tulema mitmesuguste v\u00e4ljakutsetega erinevates rakendustes.<\/p><ul><li>Suurep\u00e4rane nakkuvus paljude aluspindadega, sealhulgas kareda ja madala pinnaenergiaga plastiga<\/li><li>K\u00f5rge temperatuuri- ja kemikaalikindlus<\/li><li>Vastab REACH-i, RoHS-i, IMDS-i ja autot\u00f6\u00f6stuse originaalseadmete tootjate v\u00e4ljastatud spetsifikatsioonidele<\/li><li>Siserakendused, sealhulgas turvapadjas\u00fcsteemide sildid; turva- ja v\u00f5ltsimisvastased etiketid; ja hoiatus-\/juhend-\/j\u00e4lgimissildid elektroonilistel komponentidel ja s\u00f5iduki sisemustel<\/li><li>Kapotialused rakendused h\u00f5lmavad hoiatus-\/juhiseid silte mootori komponentidel; etiketid vedelikumahutitel; ning juhtmete ja kaablite identifitseerimine<\/li><li>\u00dclemaailmne tooteportfell t\u00f6\u00f6tati v\u00e4lja selleks, et see vastaks autot\u00f6\u00f6stuse originaalseadmete tootjate ja erinevate tarnijate rangetele spetsifikatsioonidele<\/li><\/ul>\t\t\t\t\t\t\t\t<\/div>\n\t\t\t\t<\/div>\n\t\t\t\t<\/div>\n\t\t\t\t<\/div>\n\t\t\t\t<\/div>\n\t\t<\/p><\/div>\n\t\t\t\t\t\t\t\t\t<div class=\"elementor-tab-title elementor-tab-mobile-title\" aria-selected=\"false\" data-tab=\"2\" role=\"tab\" tabindex=\"-1\" aria-controls=\"elementor-tab-content-5192\" aria-expanded=\"false\">Rasketehnika<\/div>\n\t\t\t\t\t<div id=\"elementor-tab-content-5192\" class=\"elementor-tab-content elementor-clearfix\" data-tab=\"2\" role=\"tabpanel\" aria-labelledby=\"elementor-tab-title-5192\" tabindex=\"0\" hidden=\"hidden\"><p>\t\t<div data-elementor-type=\"container\" data-elementor-id=\"863\" class=\"elementor elementor-863\" data-elementor-post-type=\"elementor_library\">\n\t\t\t\t<div class=\"elementor-element elementor-element-95700db e-con-full e-flex e-con e-parent\" data-id=\"95700db\" data-element_type=\"container\" data-e-type=\"container\">\n\t\t<div class=\"elementor-element elementor-element-9f7fb4a e-con-full e-flex e-con e-child\" data-id=\"9f7fb4a\" data-element_type=\"container\" data-e-type=\"container\">\n\t\t\t\t<div class=\"elementor-element elementor-element-a8ba559 elementor-widget elementor-widget-image\" data-id=\"a8ba559\" data-element_type=\"widget\" data-e-type=\"widget\" data-widget_type=\"image.default\">\n\t\t\t\t<div class=\"elementor-widget-container\">\n\t\t\t\t\t\t\t\t\t\t\t\t\t\t\t<img decoding=\"async\" width=\"778\" height=\"778\" src=\"https:\/\/suptex.eu\/wp-content\/uploads\/2024\/02\/a2a63b8c-f250-47bb-a89f-98174ad50adb.png\" class=\"attachment-large size-large wp-image-876\" alt=\"\" srcset=\"https:\/\/suptex.eu\/wp-content\/uploads\/2024\/02\/a2a63b8c-f250-47bb-a89f-98174ad50adb.png 778w, https:\/\/suptex.eu\/wp-content\/uploads\/2024\/02\/a2a63b8c-f250-47bb-a89f-98174ad50adb-300x300.png 300w, https:\/\/suptex.eu\/wp-content\/uploads\/2024\/02\/a2a63b8c-f250-47bb-a89f-98174ad50adb-150x150.png 150w, https:\/\/suptex.eu\/wp-content\/uploads\/2024\/02\/a2a63b8c-f250-47bb-a89f-98174ad50adb-768x768.png 768w, https:\/\/suptex.eu\/wp-content\/uploads\/2024\/02\/a2a63b8c-f250-47bb-a89f-98174ad50adb-600x600.png 600w, https:\/\/suptex.eu\/wp-content\/uploads\/2024\/02\/a2a63b8c-f250-47bb-a89f-98174ad50adb-100x100.png 100w\" sizes=\"(max-width: 778px) 100vw, 778px\" \/>\t\t\t\t\t\t\t\t\t\t\t\t\t\t\t<\/div>\n\t\t\t\t<\/div>\n\t\t\t\t<\/div>\n\t\t<div class=\"elementor-element elementor-element-b195477 e-con-full e-flex e-con e-child\" data-id=\"b195477\" data-element_type=\"container\" data-e-type=\"container\">\n\t\t\t\t<div class=\"elementor-element elementor-element-431ca19 elementor-widget elementor-widget-text-editor\" data-id=\"431ca19\" data-element_type=\"widget\" data-e-type=\"widget\" data-widget_type=\"text-editor.default\">\n\t\t\t\t<div class=\"elementor-widget-container\">\n\t\t\t\t\t\t\t\t\t<h1>Rasketehnika<\/h1><p>Spetsiaalselt \u00e4\u00e4rmiselt karmidesse keskkondadesse loodud, pakume raskete seadmete originaalseadmete tootjatele ja Tier&#8217;i tarnijatele laia valikut vastupidavaid silte ja linte peaaegu k\u00f5igi rakenduste jaoks.<\/p><ul><li>T\u00f5estatud vastupidavus \u00e4\u00e4rmuslikele temperatuuridele<\/li><li>Rakmete tuvastamine kriitiliste rakenduste jaoks<\/li><li>Hindamissildid, mis peavad vastu v\u00e4litingimustes (buldooseri kandev\u00f5ime jne)<\/li><li>Metalliseeritud silt n\u00e4eb v\u00e4lja ilma tegeliku metalli maksumuseta<\/li><li>Kaitsmete\/kaitsel\u00fclitite paneelide \u00fclekatted<\/li><li>\u00dclimalt vastupidavad ohutus- ja hoiatussildid<\/li><li>Seadmete graafilised overlayd<\/li><\/ul>\t\t\t\t\t\t\t\t<\/div>\n\t\t\t\t<\/div>\n\t\t\t\t<\/div>\n\t\t\t\t<\/div>\n\t\t\t\t<\/div>\n\t\t<\/p><\/div>\n\t\t\t\t\t\t\t\t\t<div class=\"elementor-tab-title elementor-tab-mobile-title\" aria-selected=\"false\" data-tab=\"3\" role=\"tab\" tabindex=\"-1\" aria-controls=\"elementor-tab-content-5193\" aria-expanded=\"false\">Vabaajas\u00f5idukid<\/div>\n\t\t\t\t\t<div id=\"elementor-tab-content-5193\" class=\"elementor-tab-content elementor-clearfix\" data-tab=\"3\" role=\"tabpanel\" aria-labelledby=\"elementor-tab-title-5193\" tabindex=\"0\" hidden=\"hidden\"><p>\t\t<div data-elementor-type=\"container\" data-elementor-id=\"865\" class=\"elementor elementor-865\" data-elementor-post-type=\"elementor_library\">\n\t\t\t\t<div class=\"elementor-element elementor-element-95700db e-con-full e-flex e-con e-parent\" data-id=\"95700db\" data-element_type=\"container\" data-e-type=\"container\">\n\t\t<div class=\"elementor-element elementor-element-9f7fb4a e-con-full e-flex e-con e-child\" data-id=\"9f7fb4a\" data-element_type=\"container\" data-e-type=\"container\">\n\t\t\t\t<div class=\"elementor-element elementor-element-a8ba559 elementor-widget elementor-widget-image\" data-id=\"a8ba559\" data-element_type=\"widget\" data-e-type=\"widget\" data-widget_type=\"image.default\">\n\t\t\t\t<div class=\"elementor-widget-container\">\n\t\t\t\t\t\t\t\t\t\t\t\t\t\t\t<img decoding=\"async\" width=\"1024\" height=\"1024\" src=\"https:\/\/suptex.eu\/wp-content\/uploads\/2024\/02\/c3f63b67-77e9-4fa8-b4e4-01286d361c05-1024x1024.png\" class=\"attachment-large size-large wp-image-878\" alt=\"\" srcset=\"https:\/\/suptex.eu\/wp-content\/uploads\/2024\/02\/c3f63b67-77e9-4fa8-b4e4-01286d361c05-1024x1024.png 1024w, https:\/\/suptex.eu\/wp-content\/uploads\/2024\/02\/c3f63b67-77e9-4fa8-b4e4-01286d361c05-300x300.png 300w, https:\/\/suptex.eu\/wp-content\/uploads\/2024\/02\/c3f63b67-77e9-4fa8-b4e4-01286d361c05-150x150.png 150w, https:\/\/suptex.eu\/wp-content\/uploads\/2024\/02\/c3f63b67-77e9-4fa8-b4e4-01286d361c05-768x768.png 768w, https:\/\/suptex.eu\/wp-content\/uploads\/2024\/02\/c3f63b67-77e9-4fa8-b4e4-01286d361c05-1536x1536.png 1536w, https:\/\/suptex.eu\/wp-content\/uploads\/2024\/02\/c3f63b67-77e9-4fa8-b4e4-01286d361c05-600x600.png 600w, https:\/\/suptex.eu\/wp-content\/uploads\/2024\/02\/c3f63b67-77e9-4fa8-b4e4-01286d361c05-100x100.png 100w, https:\/\/suptex.eu\/wp-content\/uploads\/2024\/02\/c3f63b67-77e9-4fa8-b4e4-01286d361c05.png 1602w\" sizes=\"(max-width: 1024px) 100vw, 1024px\" \/>\t\t\t\t\t\t\t\t\t\t\t\t\t\t\t<\/div>\n\t\t\t\t<\/div>\n\t\t\t\t<\/div>\n\t\t<div class=\"elementor-element elementor-element-b195477 e-con-full e-flex e-con e-child\" data-id=\"b195477\" data-element_type=\"container\" data-e-type=\"container\">\n\t\t\t\t<div class=\"elementor-element elementor-element-431ca19 elementor-widget elementor-widget-text-editor\" data-id=\"431ca19\" data-element_type=\"widget\" data-e-type=\"widget\" data-widget_type=\"text-editor.default\">\n\t\t\t\t<div class=\"elementor-widget-container\">\n\t\t\t\t\t\t\t\t\t<h1>Vabaajas\u00f5idukid<\/h1><p>Olenemata sellest, kas neid leidub miinustemperatuuril t\u00f6\u00f6tavatel mootorsaanidel v\u00f5i riiki l\u00e4bivatel mootorratastel, vastavad meie suure j\u00f5udlusega identifitseerimislahendused karmidele keskkonna- ja vastavusstandarditele.<\/p>\t\t\t\t\t\t\t\t<\/div>\n\t\t\t\t<\/div>\n\t\t\t\t<\/div>\n\t\t\t\t<\/div>\n\t\t\t\t<\/div>\n\t\t<\/p><\/div>\n\t\t\t\t\t\t\t\t\t<div class=\"elementor-tab-title elementor-tab-mobile-title\" aria-selected=\"false\" data-tab=\"4\" role=\"tab\" tabindex=\"-1\" aria-controls=\"elementor-tab-content-5194\" aria-expanded=\"false\">Raudtee ja massitransport<\/div>\n\t\t\t\t\t<div id=\"elementor-tab-content-5194\" class=\"elementor-tab-content elementor-clearfix\" data-tab=\"4\" role=\"tabpanel\" aria-labelledby=\"elementor-tab-title-5194\" tabindex=\"0\" hidden=\"hidden\"><p>\t\t<div data-elementor-type=\"container\" data-elementor-id=\"867\" class=\"elementor elementor-867\" data-elementor-post-type=\"elementor_library\">\n\t\t\t\t<div class=\"elementor-element elementor-element-95700db e-con-full e-flex e-con e-parent\" data-id=\"95700db\" data-element_type=\"container\" data-e-type=\"container\">\n\t\t<div class=\"elementor-element elementor-element-9f7fb4a e-con-full e-flex e-con e-child\" data-id=\"9f7fb4a\" data-element_type=\"container\" data-e-type=\"container\">\n\t\t\t\t<div class=\"elementor-element elementor-element-a8ba559 elementor-widget elementor-widget-image\" data-id=\"a8ba559\" data-element_type=\"widget\" data-e-type=\"widget\" data-widget_type=\"image.default\">\n\t\t\t\t<div class=\"elementor-widget-container\">\n\t\t\t\t\t\t\t\t\t\t\t\t\t\t\t<img loading=\"lazy\" decoding=\"async\" width=\"976\" height=\"976\" src=\"https:\/\/suptex.eu\/wp-content\/uploads\/2024\/02\/201cf686-b00c-4be8-b531-32f96c551687.png\" class=\"attachment-large size-large wp-image-875\" alt=\"\" srcset=\"https:\/\/suptex.eu\/wp-content\/uploads\/2024\/02\/201cf686-b00c-4be8-b531-32f96c551687.png 976w, https:\/\/suptex.eu\/wp-content\/uploads\/2024\/02\/201cf686-b00c-4be8-b531-32f96c551687-300x300.png 300w, https:\/\/suptex.eu\/wp-content\/uploads\/2024\/02\/201cf686-b00c-4be8-b531-32f96c551687-150x150.png 150w, https:\/\/suptex.eu\/wp-content\/uploads\/2024\/02\/201cf686-b00c-4be8-b531-32f96c551687-768x768.png 768w, https:\/\/suptex.eu\/wp-content\/uploads\/2024\/02\/201cf686-b00c-4be8-b531-32f96c551687-600x600.png 600w, https:\/\/suptex.eu\/wp-content\/uploads\/2024\/02\/201cf686-b00c-4be8-b531-32f96c551687-100x100.png 100w\" sizes=\"(max-width: 976px) 100vw, 976px\" \/>\t\t\t\t\t\t\t\t\t\t\t\t\t\t\t<\/div>\n\t\t\t\t<\/div>\n\t\t\t\t<\/div>\n\t\t<div class=\"elementor-element elementor-element-b195477 e-con-full e-flex e-con e-child\" data-id=\"b195477\" data-element_type=\"container\" data-e-type=\"container\">\n\t\t\t\t<div class=\"elementor-element elementor-element-431ca19 elementor-widget elementor-widget-text-editor\" data-id=\"431ca19\" data-element_type=\"widget\" data-e-type=\"widget\" data-widget_type=\"text-editor.default\">\n\t\t\t\t<div class=\"elementor-widget-container\">\n\t\t\t\t\t\t\t\t\t<h1>Raudtee ja massitransport<\/h1><p>Metroos\u00fcsteemid, reisivagunid ja bussid kasutavad meie silte, et tuvastada usaldusv\u00e4\u00e4rselt komponendid ja s\u00fcsteemid, mis neid liikumas hoiavad.<\/p><ul><li>Juhtmete identifitseerimiss\u00fcsteemid taluvad karmi keskkonda, sealhulgas mootori k\u00f5rgeid temperatuure<\/li><li>Hoiatussildid, et hoida eemal liikuvatest osadest \/ muljumispunktidest \/ k\u00f5rgepingest<\/li><li>L\u00fclitusseadme terminali identifitseerimine \u00f5igeks r\u00f6\u00f6bastee\u00e4\u00e4rseks signaalimiseks<\/li><li>R\u00f6\u00f6baste ja j\u00e4lgede m\u00e4rgistamine<\/li><li>Graffitivastased sildid, mis puhtaks p\u00fchitavad<\/li><\/ul>\t\t\t\t\t\t\t\t<\/div>\n\t\t\t\t<\/div>\n\t\t\t\t<\/div>\n\t\t\t\t<\/div>\n\t\t\t\t<\/div>\n\t\t<\/p><\/div>\n\t\t\t\t\t\t\t\t\t<div class=\"elementor-tab-title elementor-tab-mobile-title\" aria-selected=\"false\" data-tab=\"5\" role=\"tab\" tabindex=\"-1\" aria-controls=\"elementor-tab-content-5195\" aria-expanded=\"false\">Meretransport<\/div>\n\t\t\t\t\t<div id=\"elementor-tab-content-5195\" class=\"elementor-tab-content elementor-clearfix\" data-tab=\"5\" role=\"tabpanel\" aria-labelledby=\"elementor-tab-title-5195\" tabindex=\"0\" hidden=\"hidden\"><p>\t\t<div data-elementor-type=\"container\" data-elementor-id=\"869\" class=\"elementor elementor-869\" data-elementor-post-type=\"elementor_library\">\n\t\t\t\t<div class=\"elementor-element elementor-element-95700db e-con-full e-flex e-con e-parent\" data-id=\"95700db\" data-element_type=\"container\" data-e-type=\"container\">\n\t\t<div class=\"elementor-element elementor-element-9f7fb4a e-con-full e-flex e-con e-child\" data-id=\"9f7fb4a\" data-element_type=\"container\" data-e-type=\"container\">\n\t\t\t\t<div class=\"elementor-element elementor-element-a8ba559 elementor-widget elementor-widget-image\" data-id=\"a8ba559\" data-element_type=\"widget\" data-e-type=\"widget\" data-widget_type=\"image.default\">\n\t\t\t\t<div class=\"elementor-widget-container\">\n\t\t\t\t\t\t\t\t\t\t\t\t\t\t\t<img loading=\"lazy\" decoding=\"async\" width=\"1024\" height=\"1024\" src=\"https:\/\/suptex.eu\/wp-content\/uploads\/2024\/02\/39f0e092-15a1-4c2d-8d8c-fd02000f8eb6-1024x1024.png\" class=\"attachment-large size-large wp-image-874\" alt=\"\" srcset=\"https:\/\/suptex.eu\/wp-content\/uploads\/2024\/02\/39f0e092-15a1-4c2d-8d8c-fd02000f8eb6-1024x1024.png 1024w, https:\/\/suptex.eu\/wp-content\/uploads\/2024\/02\/39f0e092-15a1-4c2d-8d8c-fd02000f8eb6-300x300.png 300w, https:\/\/suptex.eu\/wp-content\/uploads\/2024\/02\/39f0e092-15a1-4c2d-8d8c-fd02000f8eb6-150x150.png 150w, https:\/\/suptex.eu\/wp-content\/uploads\/2024\/02\/39f0e092-15a1-4c2d-8d8c-fd02000f8eb6-768x768.png 768w, https:\/\/suptex.eu\/wp-content\/uploads\/2024\/02\/39f0e092-15a1-4c2d-8d8c-fd02000f8eb6-600x600.png 600w, https:\/\/suptex.eu\/wp-content\/uploads\/2024\/02\/39f0e092-15a1-4c2d-8d8c-fd02000f8eb6-100x100.png 100w, https:\/\/suptex.eu\/wp-content\/uploads\/2024\/02\/39f0e092-15a1-4c2d-8d8c-fd02000f8eb6.png 1236w\" sizes=\"(max-width: 1024px) 100vw, 1024px\" \/>\t\t\t\t\t\t\t\t\t\t\t\t\t\t\t<\/div>\n\t\t\t\t<\/div>\n\t\t\t\t<\/div>\n\t\t<div class=\"elementor-element elementor-element-b195477 e-con-full e-flex e-con e-child\" data-id=\"b195477\" data-element_type=\"container\" data-e-type=\"container\">\n\t\t\t\t<div class=\"elementor-element elementor-element-431ca19 elementor-widget elementor-widget-text-editor\" data-id=\"431ca19\" data-element_type=\"widget\" data-e-type=\"widget\" data-widget_type=\"text-editor.default\">\n\t\t\t\t<div class=\"elementor-widget-container\">\n\t\t\t\t\t\t\t\t\t<h1>Meretransport<\/h1><p>Alates mereveekindlatest ohutusm\u00e4rgistest kuni karmides avamerekeskkondades t\u00f6\u00f6tamiseks loodud juhtmemarkeriteni \u2013 meie merelahendusi testitakse rangelt, et need vastaksid rangetele vastavus- ja j\u00f5udlusn\u00f5uetele<\/p><ul><li>Sildid, mis on loodud vastu pidama soolase vee pihustamisel ja sukeldumisel<\/li><li>Heitkoguste kontrolli m\u00e4rgistus EPA-le vastavuse tagamiseks<\/li><li>Sildid, mis taluvad mootoriruumides k\u00f5rgeid temperatuure<\/li><\/ul>\t\t\t\t\t\t\t\t<\/div>\n\t\t\t\t<\/div>\n\t\t\t\t<\/div>\n\t\t\t\t<\/div>\n\t\t\t\t<\/div>\n\t\t<\/p><\/div>\n\t\t\t\t\t\t\t<\/div>\n\t\t<\/div>\n\t\t\t\t\t\t<\/div>\n\t\t\t\t<\/div>\n\t\t\t\t\t<\/div>\n\t\t\t\t<\/div>\n\t\t\t\t<\/div>","protected":false},"excerpt":{"rendered":"<p>Kommertss\u00f5idukid Rasketehnika Vabaajas\u00f5idukid Raudtee ja massitransport Meretransport Kommertss\u00f5idukid Kommertss\u00f5idukid Pakume laia valikut vastupidavaid etikettide ja lintide lahendusi, mis on loodud toime tulema mitmesuguste v\u00e4ljakutsetega erinevates rakendustes. Suurep\u00e4rane nakkuvus paljude aluspindadega, sealhulgas kareda ja madala pinnaenergiaga plastiga K\u00f5rge temperatuuri- ja kemikaalikindlus Vastab REACH-i, RoHS-i, IMDS-i ja autot\u00f6\u00f6stuse originaalseadmete tootjate v\u00e4ljastatud spetsifikatsioonidele Siserakendused, sealhulgas turvapadjas\u00fcsteemide sildid; turva-&#8230;<\/p>","protected":false},"author":1,"featured_media":0,"parent":0,"menu_order":0,"comment_status":"closed","ping_status":"closed","template":"","meta":{"_kadence_starter_templates_imported_post":false,"_kad_post_transparent":"","_kad_post_title":"hide","_kad_post_layout":"fullwidth","_kad_post_sidebar_id":"","_kad_post_content_style":"unboxed","_kad_post_vertical_padding":"hide","_kad_post_feature":"hide","_kad_post_feature_position":"","_kad_post_header":false,"_kad_post_footer":false,"footnotes":""},"class_list":["post-702","page","type-page","status-publish","hentry"],"_links":{"self":[{"href":"https:\/\/suptex.eu\/en\/wp-json\/wp\/v2\/pages\/702","targetHints":{"allow":["GET"]}}],"collection":[{"href":"https:\/\/suptex.eu\/en\/wp-json\/wp\/v2\/pages"}],"about":[{"href":"https:\/\/suptex.eu\/en\/wp-json\/wp\/v2\/types\/page"}],"author":[{"embeddable":true,"href":"https:\/\/suptex.eu\/en\/wp-json\/wp\/v2\/users\/1"}],"replies":[{"embeddable":true,"href":"https:\/\/suptex.eu\/en\/wp-json\/wp\/v2\/comments?post=702"}],"version-history":[{"count":7,"href":"https:\/\/suptex.eu\/en\/wp-json\/wp\/v2\/pages\/702\/revisions"}],"predecessor-version":[{"id":883,"href":"https:\/\/suptex.eu\/en\/wp-json\/wp\/v2\/pages\/702\/revisions\/883"}],"wp:attachment":[{"href":"https:\/\/suptex.eu\/en\/wp-json\/wp\/v2\/media?parent=702"}],"curies":[{"name":"wp","href":"https:\/\/api.w.org\/{rel}","templated":true}]}}