{"id":21,"date":"2025-01-11T12:31:05","date_gmt":"2025-01-11T09:31:05","guid":{"rendered":"https:\/\/suptex.eu\/?post_type=product&#038;p=21"},"modified":"2025-01-11T12:32:53","modified_gmt":"2025-01-11T09:32:53","slug":"tsc-tc300-12-punkti-mm-300-dpi-rtc-tspl-ez-usb-rs232-lpt-ethernet","status":"publish","type":"product","link":"https:\/\/suptex.eu\/en\/product\/tsc-tc300-12-punkti-mm-300-dpi-rtc-tspl-ez-usb-rs232-lpt-ethernet\/","title":{"rendered":"TSC TC300, 12 punkti\/mm (300 dpi), RTC, TSPL-EZ, USB, RS232, LPT, Ethernet"},"content":{"rendered":"<p>etiketiprinter, lauaprinter, termosiirde, 12 punkti\/mm (300 dpi), kandja laius (max.): 112 mm, prindilaius (max.): 106mm, rulli l\u00e4bim\u00f5\u00f5t (max.): 127mm, kiirus (max. ): 102 mm\/s, USB, RS232, paralleelne, Ethernet, SD-pesa, emulatsioon: TSPL-EZ, RAM: 8 MB, v\u00e4lkm\u00e4lu: 4 MB, reaalajas kell, kaasas: kaabel (USB), toiteplokk , toitekaabel, etikettide printimise tarkvara, v\u00e4rv: tumesinine<\/p>","protected":false},"excerpt":{"rendered":"<p>etiketiprinter, lauaprinter, termosiirde, 12 punkti\/mm (300 dpi), kandja laius (max.): 112 mm, prindilaius (max.): 106mm, rulli l\u00e4bim\u00f5\u00f5t (max.): 127mm, kiirus (max. ): 102 mm\/s, USB, RS232, paralleelne, Ethernet, SD-pesa, emulatsioon: TSPL-EZ, RAM: 8 MB, v\u00e4lkm\u00e4lu: 4 MB, reaalajas kell, kaasas: kaabel (USB), toiteplokk , toitekaabel, etikettide printimise tarkvara, v\u00e4rv: tumesinine<\/p>","protected":false},"featured_media":20,"template":"","meta":{"_kadence_starter_templates_imported_post":false,"_kad_post_transparent":"default","_kad_post_title":"","_kad_post_layout":"default","_kad_post_sidebar_id":"","_kad_post_content_style":"default","_kad_post_vertical_padding":"default","_kad_post_feature":"","_kad_post_feature_position":"","_kad_post_header":false,"_kad_post_footer":false},"product_brand":[],"product_cat":[26,46],"product_tag":[19],"class_list":{"0":"post-21","1":"product","2":"type-product","3":"status-publish","4":"has-post-thumbnail","6":"product_cat-printerid","7":"product_cat-termosiirde-printerid","8":"product_tag-lauaprinterid","10":"first","11":"instock","12":"taxable","13":"shipping-taxable","14":"purchasable","15":"product-type-simple","16":"entry","17":"content-bg","18":"loop-entry"},"_links":{"self":[{"href":"https:\/\/suptex.eu\/en\/wp-json\/wp\/v2\/product\/21","targetHints":{"allow":["GET"]}}],"collection":[{"href":"https:\/\/suptex.eu\/en\/wp-json\/wp\/v2\/product"}],"about":[{"href":"https:\/\/suptex.eu\/en\/wp-json\/wp\/v2\/types\/product"}],"wp:featuredmedia":[{"embeddable":true,"href":"https:\/\/suptex.eu\/en\/wp-json\/wp\/v2\/media\/20"}],"wp:attachment":[{"href":"https:\/\/suptex.eu\/en\/wp-json\/wp\/v2\/media?parent=21"}],"wp:term":[{"taxonomy":"product_brand","embeddable":true,"href":"https:\/\/suptex.eu\/en\/wp-json\/wp\/v2\/product_brand?post=21"},{"taxonomy":"product_cat","embeddable":true,"href":"https:\/\/suptex.eu\/en\/wp-json\/wp\/v2\/product_cat?post=21"},{"taxonomy":"product_tag","embeddable":true,"href":"https:\/\/suptex.eu\/en\/wp-json\/wp\/v2\/product_tag?post=21"}],"curies":[{"name":"wp","href":"https:\/\/api.w.org\/{rel}","templated":true}]}}