{"id":28,"date":"2025-01-11T12:31:04","date_gmt":"2025-01-11T09:31:04","guid":{"rendered":"https:\/\/suptex.eu\/?post_type=product&#038;p=28"},"modified":"2025-01-11T12:31:04","modified_gmt":"2025-01-11T09:31:04","slug":"tsc-da320-12-punkti-mm-300-dpi-rtc-epl-zpl-zplii-tspl-ez-usb-rs232-ethernet","status":"publish","type":"product","link":"https:\/\/suptex.eu\/en\/product\/tsc-da320-12-punkti-mm-300-dpi-rtc-epl-zpl-zplii-tspl-ez-usb-rs232-ethernet\/","title":{"rendered":"TSC DA320, 12 punkti\/mm (300 dpi), RTC, EPL, ZPL, ZPLII, TSPL-EZ, USB, RS232, Ethernet"},"content":{"rendered":"<p>etiketiprinter, otsesoojus, 12 punkti\/mm (300 dpi), kandja laius (max.): 114 mm, prindilaius (max.): 105mm, rulli l\u00e4bim\u00f5\u00f5t (max.): 127mm, kiirus (max.): 102 mm\/s, USB (host), RS232, Ethernet, EPL, ZPL, ZPLII, TSPL-EZ, RAM: 64 MB, Flash: 128 MB, reaalajas kell, Black Mark Sensor, Gap Sensor, kaasas: kaabel (USB ), toiteplokk, toitekaabel (EU), etikettide kujundamise tarkvara, QSG<\/p>","protected":false},"excerpt":{"rendered":"<p>etiketiprinter, otsesoojus, 12 punkti\/mm (300 dpi), kandja laius (max.): 114 mm, prindilaius (max.): 105mm, rulli l\u00e4bim\u00f5\u00f5t (max.): 127mm, kiirus (max.): 102 mm\/s, USB (host), RS232, Ethernet, EPL, ZPL, ZPLII, TSPL-EZ, RAM: 64 MB, Flash: 128 MB, reaalajas kell, Black Mark Sensor, Gap Sensor, kaasas: kaabel (USB ), toiteplokk, toitekaabel (EU), etikettide kujundamise tarkvara, QSG<\/p>","protected":false},"featured_media":23,"template":"","meta":{"_kadence_starter_templates_imported_post":false,"_kad_post_transparent":"","_kad_post_title":"","_kad_post_layout":"","_kad_post_sidebar_id":"","_kad_post_content_style":"","_kad_post_vertical_padding":"","_kad_post_feature":"","_kad_post_feature_position":"","_kad_post_header":false,"_kad_post_footer":false},"product_brand":[],"product_cat":[26],"product_tag":[19],"class_list":{"0":"post-28","1":"product","2":"type-product","3":"status-publish","4":"has-post-thumbnail","6":"product_cat-printerid","7":"product_tag-lauaprinterid","9":"first","10":"instock","11":"taxable","12":"shipping-taxable","13":"purchasable","14":"product-type-simple","15":"entry","16":"content-bg","17":"loop-entry"},"_links":{"self":[{"href":"https:\/\/suptex.eu\/en\/wp-json\/wp\/v2\/product\/28","targetHints":{"allow":["GET"]}}],"collection":[{"href":"https:\/\/suptex.eu\/en\/wp-json\/wp\/v2\/product"}],"about":[{"href":"https:\/\/suptex.eu\/en\/wp-json\/wp\/v2\/types\/product"}],"wp:featuredmedia":[{"embeddable":true,"href":"https:\/\/suptex.eu\/en\/wp-json\/wp\/v2\/media\/23"}],"wp:attachment":[{"href":"https:\/\/suptex.eu\/en\/wp-json\/wp\/v2\/media?parent=28"}],"wp:term":[{"taxonomy":"product_brand","embeddable":true,"href":"https:\/\/suptex.eu\/en\/wp-json\/wp\/v2\/product_brand?post=28"},{"taxonomy":"product_cat","embeddable":true,"href":"https:\/\/suptex.eu\/en\/wp-json\/wp\/v2\/product_cat?post=28"},{"taxonomy":"product_tag","embeddable":true,"href":"https:\/\/suptex.eu\/en\/wp-json\/wp\/v2\/product_tag?post=28"}],"curies":[{"name":"wp","href":"https:\/\/api.w.org\/{rel}","templated":true}]}}