{"id":32,"date":"2025-01-11T12:31:04","date_gmt":"2025-01-11T09:31:04","guid":{"rendered":"https:\/\/suptex.eu\/?post_type=product&#038;p=32"},"modified":"2025-01-11T12:32:53","modified_gmt":"2025-01-11T09:32:53","slug":"tsc-mb340-12-punkti-mm-300-dpi-rtc-epl-zpl-zplii-dpl-usb-rs232-ethernet-wi-fi","status":"publish","type":"product","link":"https:\/\/suptex.eu\/en\/product\/tsc-mb340-12-punkti-mm-300-dpi-rtc-epl-zpl-zplii-dpl-usb-rs232-ethernet-wi-fi\/","title":{"rendered":"TSC MB340, 12 punkti\/mm (300 dpi), RTC, EPL, ZPL, ZPLII, DPL, USB, RS232, Ethernet, Wi-Fi"},"content":{"rendered":"<p>etiketiprinter, termosiirde, 12 punkti\/mm (300 dpi), kandja laius (max.): 120 mm, prindilaius (max.): 105mm, rulli l\u00e4bim\u00f5\u00f5t (max.): 203mm, kiirus (max.): 152 mm\/s, USB, RS232, Ethernet, Wi-Fi (802.11a\/b\/g\/n), EPL, ZPL, ZPLII, DPL, RAM: 64 MB, v\u00e4lkm\u00e4lu: 128 MB, reaalajas kell, Black Mark Sensor, Vaheandur, sealhulgas: toiteplokk, toitekaabel (EU)<\/p>","protected":false},"excerpt":{"rendered":"<p>etiketiprinter, termosiirde, 12 punkti\/mm (300 dpi), kandja laius (max.): 120 mm, prindilaius (max.): 105mm, rulli l\u00e4bim\u00f5\u00f5t (max.): 203mm, kiirus (max.): 152 mm\/s, USB, RS232, Ethernet, Wi-Fi (802.11a\/b\/g\/n), EPL, ZPL, ZPLII, DPL, RAM: 64 MB, v\u00e4lkm\u00e4lu: 128 MB, reaalajas kell, Black Mark Sensor, Vaheandur, sealhulgas: toiteplokk, toitekaabel (EU)<\/p>","protected":false},"featured_media":30,"template":"","meta":{"_kadence_starter_templates_imported_post":false,"_kad_post_transparent":"","_kad_post_title":"","_kad_post_layout":"","_kad_post_sidebar_id":"","_kad_post_content_style":"","_kad_post_vertical_padding":"","_kad_post_feature":"","_kad_post_feature_position":"","_kad_post_header":false,"_kad_post_footer":false},"product_brand":[],"product_cat":[26,46],"product_tag":[20],"class_list":{"0":"post-32","1":"product","2":"type-product","3":"status-publish","4":"has-post-thumbnail","6":"product_cat-printerid","7":"product_cat-termosiirde-printerid","8":"product_tag-keskmise-hinnaklassi-printerid","10":"first","11":"instock","12":"taxable","13":"shipping-taxable","14":"purchasable","15":"product-type-simple","16":"entry","17":"content-bg","18":"loop-entry"},"_links":{"self":[{"href":"https:\/\/suptex.eu\/en\/wp-json\/wp\/v2\/product\/32","targetHints":{"allow":["GET"]}}],"collection":[{"href":"https:\/\/suptex.eu\/en\/wp-json\/wp\/v2\/product"}],"about":[{"href":"https:\/\/suptex.eu\/en\/wp-json\/wp\/v2\/types\/product"}],"wp:featuredmedia":[{"embeddable":true,"href":"https:\/\/suptex.eu\/en\/wp-json\/wp\/v2\/media\/30"}],"wp:attachment":[{"href":"https:\/\/suptex.eu\/en\/wp-json\/wp\/v2\/media?parent=32"}],"wp:term":[{"taxonomy":"product_brand","embeddable":true,"href":"https:\/\/suptex.eu\/en\/wp-json\/wp\/v2\/product_brand?post=32"},{"taxonomy":"product_cat","embeddable":true,"href":"https:\/\/suptex.eu\/en\/wp-json\/wp\/v2\/product_cat?post=32"},{"taxonomy":"product_tag","embeddable":true,"href":"https:\/\/suptex.eu\/en\/wp-json\/wp\/v2\/product_tag?post=32"}],"curies":[{"name":"wp","href":"https:\/\/api.w.org\/{rel}","templated":true}]}}