{"id":33,"date":"2025-01-11T12:31:04","date_gmt":"2025-01-11T09:31:04","guid":{"rendered":"https:\/\/suptex.eu\/?post_type=product&#038;p=33"},"modified":"2025-01-11T12:31:04","modified_gmt":"2025-01-11T09:31:04","slug":"tsc-tdp-324w-12-punkti-mm-300-dpi-ekraan-rtc-tspl-ez-usb-ethernet","status":"publish","type":"product","link":"https:\/\/suptex.eu\/en\/product\/tsc-tdp-324w-12-punkti-mm-300-dpi-ekraan-rtc-tspl-ez-usb-ethernet\/","title":{"rendered":"TSC TDP-324W, 12 punkti\/mm (300 dpi), ekraan, RTC, TSPL-EZ, USB, Ethernet"},"content":{"rendered":"<p>randmeprinter, otsesoojus, eraldusv\u00f5ime: 12 punkti\/mm (300 dpi), kandja laius (max.): 52mm, prindilaius (max.): 48 mm, rulli l\u00e4bim\u00f5\u00f5t (max.): 165mm, kiirus (maks.) : 102 mm\/s, USB, Ethernet, Micro SD-pesa, TSPL-EZ, RAM: 8 MB, Flash: 4 MB, ekraan, reaalajas kell, kaasas: kaabel (USB), toiteplokk, toitekaabel, etikettide kujundamise tarkvara<\/p>","protected":false},"excerpt":{"rendered":"<p>randmeprinter, otsesoojus, eraldusv\u00f5ime: 12 punkti\/mm (300 dpi), kandja laius (max.): 52mm, prindilaius (max.): 48 mm, rulli l\u00e4bim\u00f5\u00f5t (max.): 165mm, kiirus (maks.) : 102 mm\/s, USB, Ethernet, Micro SD-pesa, TSPL-EZ, RAM: 8 MB, Flash: 4 MB, ekraan, reaalajas kell, kaasas: kaabel (USB), toiteplokk, toitekaabel, etikettide kujundamise tarkvara<\/p>","protected":false},"featured_media":34,"template":"","meta":{"_kadence_starter_templates_imported_post":false,"_kad_post_transparent":"","_kad_post_title":"","_kad_post_layout":"","_kad_post_sidebar_id":"","_kad_post_content_style":"","_kad_post_vertical_padding":"","_kad_post_feature":"","_kad_post_feature_position":"","_kad_post_header":false,"_kad_post_footer":false},"product_brand":[],"product_cat":[26],"product_tag":[21],"class_list":{"0":"post-33","1":"product","2":"type-product","3":"status-publish","4":"has-post-thumbnail","6":"product_cat-printerid","7":"product_tag-kaepaela-printerid","9":"first","10":"instock","11":"taxable","12":"shipping-taxable","13":"purchasable","14":"product-type-simple","15":"entry","16":"content-bg","17":"loop-entry"},"_links":{"self":[{"href":"https:\/\/suptex.eu\/en\/wp-json\/wp\/v2\/product\/33","targetHints":{"allow":["GET"]}}],"collection":[{"href":"https:\/\/suptex.eu\/en\/wp-json\/wp\/v2\/product"}],"about":[{"href":"https:\/\/suptex.eu\/en\/wp-json\/wp\/v2\/types\/product"}],"wp:featuredmedia":[{"embeddable":true,"href":"https:\/\/suptex.eu\/en\/wp-json\/wp\/v2\/media\/34"}],"wp:attachment":[{"href":"https:\/\/suptex.eu\/en\/wp-json\/wp\/v2\/media?parent=33"}],"wp:term":[{"taxonomy":"product_brand","embeddable":true,"href":"https:\/\/suptex.eu\/en\/wp-json\/wp\/v2\/product_brand?post=33"},{"taxonomy":"product_cat","embeddable":true,"href":"https:\/\/suptex.eu\/en\/wp-json\/wp\/v2\/product_cat?post=33"},{"taxonomy":"product_tag","embeddable":true,"href":"https:\/\/suptex.eu\/en\/wp-json\/wp\/v2\/product_tag?post=33"}],"curies":[{"name":"wp","href":"https:\/\/api.w.org\/{rel}","templated":true}]}}