{"id":4007,"date":"1970-01-01T00:00:00","date_gmt":"1969-12-31T21:00:00","guid":{"rendered":"https:\/\/suptex.eu\/toode\/kinnitatav-mcb-lukustus-keskmine-480-600\/"},"modified":"2025-12-24T11:59:41","modified_gmt":"2025-12-24T08:59:41","slug":"kinnitatav-mcb-lukustus-keskmine-480-600","status":"publish","type":"product","link":"https:\/\/suptex.eu\/en\/product\/kinnitatav-mcb-lukustus-keskmine-480-600\/","title":{"rendered":"Kinnitatav MCB lukustus keskmine 480\/600"},"content":{"rendered":"","protected":false},"excerpt":{"rendered":"<p>Kinnitatavad kaitsel\u00fclitid on mitmek\u00fclgsed ja h\u00f5lpsasti paigaldatavad, kasutades patenteeritud p\u00f6idla konstruktsiooni. Seadme paigaldamiseks pole vaja t\u00e4iendavaid t\u00f6\u00f6riistu. See t\u00f6\u00f6tab paljude \u00fchepooluseliste ja sisemiste mitmepooluseliste kaitsel\u00fclititega. Eemaldatav klamber (kaasas) laiendab kasutatavate kaitsel\u00fclitite valikut.<\/p>","protected":false},"featured_media":1957,"template":"","meta":{"_kadence_starter_templates_imported_post":false,"_kad_post_transparent":"","_kad_post_title":"","_kad_post_layout":"","_kad_post_sidebar_id":"","_kad_post_content_style":"","_kad_post_vertical_padding":"","_kad_post_feature":"","_kad_post_feature_position":"","_kad_post_header":false,"_kad_post_footer":false},"product_brand":[],"product_cat":[134],"product_tag":[],"class_list":{"0":"post-4007","1":"product","2":"type-product","3":"status-publish","4":"has-post-thumbnail","6":"product_cat-mcb-kaitselulitite-lukud-kaitselulitite-lukud","8":"first","9":"instock","10":"taxable","11":"shipping-taxable","12":"purchasable","13":"product-type-simple","14":"entry","15":"content-bg","16":"loop-entry"},"_links":{"self":[{"href":"https:\/\/suptex.eu\/en\/wp-json\/wp\/v2\/product\/4007","targetHints":{"allow":["GET"]}}],"collection":[{"href":"https:\/\/suptex.eu\/en\/wp-json\/wp\/v2\/product"}],"about":[{"href":"https:\/\/suptex.eu\/en\/wp-json\/wp\/v2\/types\/product"}],"wp:featuredmedia":[{"embeddable":true,"href":"https:\/\/suptex.eu\/en\/wp-json\/wp\/v2\/media\/1957"}],"wp:attachment":[{"href":"https:\/\/suptex.eu\/en\/wp-json\/wp\/v2\/media?parent=4007"}],"wp:term":[{"taxonomy":"product_brand","embeddable":true,"href":"https:\/\/suptex.eu\/en\/wp-json\/wp\/v2\/product_brand?post=4007"},{"taxonomy":"product_cat","embeddable":true,"href":"https:\/\/suptex.eu\/en\/wp-json\/wp\/v2\/product_cat?post=4007"},{"taxonomy":"product_tag","embeddable":true,"href":"https:\/\/suptex.eu\/en\/wp-json\/wp\/v2\/product_tag?post=4007"}],"curies":[{"name":"wp","href":"https:\/\/api.w.org\/{rel}","templated":true}]}}