{"id":4011,"date":"2025-03-15T21:08:39","date_gmt":"2025-03-15T18:08:39","guid":{"rendered":"https:\/\/suptex.eu\/toode\/mini-mcb-lockout-universaalne-sobivus-2\/"},"modified":"2025-12-24T11:59:37","modified_gmt":"2025-12-24T08:59:37","slug":"mini-mcb-lockout-universaalne-sobivus-2","status":"publish","type":"product","link":"https:\/\/suptex.eu\/en\/product\/mini-mcb-lockout-universaalne-sobivus-2\/","title":{"rendered":"Mini MCB Lockout universaalne sobivus"},"content":{"rendered":"","protected":false},"excerpt":{"rendered":"<p>See universaalne miniatuurse kaitsel\u00fcliti lukustusseade lukustab enamiku miniatuursed ISO\/DIN-pistikl\u00fclitid kogu maailmas. Seade sobib kaitsel\u00fclitiga ja seda saab kruvikeerajaga pingutada. Kasutage MCB l\u00fcliti kinnitamiseks deelektrilise lukustuse tabalukku.<\/p>","protected":false},"featured_media":1939,"template":"","meta":{"_kadence_starter_templates_imported_post":false,"_kad_post_transparent":"","_kad_post_title":"","_kad_post_layout":"","_kad_post_sidebar_id":"","_kad_post_content_style":"","_kad_post_vertical_padding":"","_kad_post_feature":"","_kad_post_feature_position":"","_kad_post_header":false,"_kad_post_footer":false},"product_brand":[],"product_cat":[48],"product_tag":[],"class_list":{"0":"post-4011","1":"product","2":"type-product","3":"status-publish","4":"has-post-thumbnail","6":"product_cat-lockout-tagout","8":"first","9":"outofstock","10":"taxable","11":"shipping-taxable","12":"product-type-variable","13":"entry","14":"content-bg","15":"loop-entry"},"_links":{"self":[{"href":"https:\/\/suptex.eu\/en\/wp-json\/wp\/v2\/product\/4011","targetHints":{"allow":["GET"]}}],"collection":[{"href":"https:\/\/suptex.eu\/en\/wp-json\/wp\/v2\/product"}],"about":[{"href":"https:\/\/suptex.eu\/en\/wp-json\/wp\/v2\/types\/product"}],"wp:featuredmedia":[{"embeddable":true,"href":"https:\/\/suptex.eu\/en\/wp-json\/wp\/v2\/media\/1939"}],"wp:attachment":[{"href":"https:\/\/suptex.eu\/en\/wp-json\/wp\/v2\/media?parent=4011"}],"wp:term":[{"taxonomy":"product_brand","embeddable":true,"href":"https:\/\/suptex.eu\/en\/wp-json\/wp\/v2\/product_brand?post=4011"},{"taxonomy":"product_cat","embeddable":true,"href":"https:\/\/suptex.eu\/en\/wp-json\/wp\/v2\/product_cat?post=4011"},{"taxonomy":"product_tag","embeddable":true,"href":"https:\/\/suptex.eu\/en\/wp-json\/wp\/v2\/product_tag?post=4011"}],"curies":[{"name":"wp","href":"https:\/\/api.w.org\/{rel}","templated":true}]}}