{"id":4012,"date":"1970-01-01T00:00:00","date_gmt":"1969-12-31T21:00:00","guid":{"rendered":"https:\/\/suptex.eu\/toode\/valatud-korpusega-kaitselulitite-lukustusseade\/"},"modified":"2025-12-24T11:59:43","modified_gmt":"2025-12-24T08:59:43","slug":"valatud-korpusega-kaitselulitite-lukustusseade","status":"publish","type":"product","link":"https:\/\/suptex.eu\/en\/product\/valatud-korpusega-kaitselulitite-lukustusseade\/","title":{"rendered":"Valatud korpusega kaitsel\u00fclitite lukustusseade"},"content":{"rendered":"","protected":false},"excerpt":{"rendered":"<p>See lukustusseade on ette n\u00e4htud vormitud korpuse kaitsel\u00fclitite isoleerimiseks. See v\u00f5ib aidata v\u00e4ltida energiaallika tahtmatut pingestamist. Kinnitage lukustusseade kaitsel\u00fcliti l\u00fcliti k\u00fclge asendis OFF, kasutades v\u00e4ikest kruvikeerajat, pingutades seadmes olevat seadistuskruvi. Kruvile juurdep\u00e4\u00e4su takistamiseks asetage tabalukk l\u00e4bi augu.<\/p>","protected":false},"featured_media":1947,"template":"","meta":{"_kadence_starter_templates_imported_post":false,"_kad_post_transparent":"","_kad_post_title":"","_kad_post_layout":"","_kad_post_sidebar_id":"","_kad_post_content_style":"","_kad_post_vertical_padding":"","_kad_post_feature":"","_kad_post_feature_position":"","_kad_post_header":false,"_kad_post_footer":false},"product_brand":[],"product_cat":[134],"product_tag":[],"class_list":{"0":"post-4012","1":"product","2":"type-product","3":"status-publish","4":"has-post-thumbnail","6":"product_cat-mcb-kaitselulitite-lukud-kaitselulitite-lukud","8":"first","9":"instock","10":"taxable","11":"shipping-taxable","12":"purchasable","13":"product-type-simple","14":"entry","15":"content-bg","16":"loop-entry"},"_links":{"self":[{"href":"https:\/\/suptex.eu\/en\/wp-json\/wp\/v2\/product\/4012","targetHints":{"allow":["GET"]}}],"collection":[{"href":"https:\/\/suptex.eu\/en\/wp-json\/wp\/v2\/product"}],"about":[{"href":"https:\/\/suptex.eu\/en\/wp-json\/wp\/v2\/types\/product"}],"wp:featuredmedia":[{"embeddable":true,"href":"https:\/\/suptex.eu\/en\/wp-json\/wp\/v2\/media\/1947"}],"wp:attachment":[{"href":"https:\/\/suptex.eu\/en\/wp-json\/wp\/v2\/media?parent=4012"}],"wp:term":[{"taxonomy":"product_brand","embeddable":true,"href":"https:\/\/suptex.eu\/en\/wp-json\/wp\/v2\/product_brand?post=4012"},{"taxonomy":"product_cat","embeddable":true,"href":"https:\/\/suptex.eu\/en\/wp-json\/wp\/v2\/product_cat?post=4012"},{"taxonomy":"product_tag","embeddable":true,"href":"https:\/\/suptex.eu\/en\/wp-json\/wp\/v2\/product_tag?post=4012"}],"curies":[{"name":"wp","href":"https:\/\/api.w.org\/{rel}","templated":true}]}}