{"id":4014,"date":"1970-01-01T00:00:00","date_gmt":"1969-12-31T21:00:00","guid":{"rendered":"https:\/\/suptex.eu\/toode\/mcb-lukustusseade-siemensi-jaoks\/"},"modified":"2025-12-24T11:59:45","modified_gmt":"2025-12-24T08:59:45","slug":"mcb-lukustusseade-siemensi-jaoks","status":"publish","type":"product","link":"https:\/\/suptex.eu\/en\/product\/mcb-lukustusseade-siemensi-jaoks\/","title":{"rendered":"MCB lukustusseade Siemensi jaoks"},"content":{"rendered":"","protected":false},"excerpt":{"rendered":"<p>\u00c4\u00e4rmiselt lihtne paigaldada, lihtsalt sisestage lukustusseade MCB \u00fcmber asendisse OFF, seej\u00e4rel keerake kruvi kruvikeerajaga kinni. Kruvile juurdep\u00e4\u00e4su takistamiseks asetage tabalukk l\u00e4bi augu. P\u00e4rast t\u00e4ielikku paigaldamist peatab lukustus MCB liikumise, muutes v\u00f5imatuks puudega seadmete kogemata sissel\u00fclitamise. Spetsiaalselt toodetud Siemensi miniatuursete kaitsel\u00fclitite kinnitamiseks.<\/p>","protected":false},"featured_media":1950,"template":"","meta":{"_kadence_starter_templates_imported_post":false,"_kad_post_transparent":"","_kad_post_title":"","_kad_post_layout":"","_kad_post_sidebar_id":"","_kad_post_content_style":"","_kad_post_vertical_padding":"","_kad_post_feature":"","_kad_post_feature_position":"","_kad_post_header":false,"_kad_post_footer":false},"product_brand":[],"product_cat":[134],"product_tag":[],"class_list":{"0":"post-4014","1":"product","2":"type-product","3":"status-publish","4":"has-post-thumbnail","6":"product_cat-mcb-kaitselulitite-lukud-kaitselulitite-lukud","8":"first","9":"instock","10":"taxable","11":"shipping-taxable","12":"purchasable","13":"product-type-simple","14":"entry","15":"content-bg","16":"loop-entry"},"_links":{"self":[{"href":"https:\/\/suptex.eu\/en\/wp-json\/wp\/v2\/product\/4014","targetHints":{"allow":["GET"]}}],"collection":[{"href":"https:\/\/suptex.eu\/en\/wp-json\/wp\/v2\/product"}],"about":[{"href":"https:\/\/suptex.eu\/en\/wp-json\/wp\/v2\/types\/product"}],"wp:featuredmedia":[{"embeddable":true,"href":"https:\/\/suptex.eu\/en\/wp-json\/wp\/v2\/media\/1950"}],"wp:attachment":[{"href":"https:\/\/suptex.eu\/en\/wp-json\/wp\/v2\/media?parent=4014"}],"wp:term":[{"taxonomy":"product_brand","embeddable":true,"href":"https:\/\/suptex.eu\/en\/wp-json\/wp\/v2\/product_brand?post=4014"},{"taxonomy":"product_cat","embeddable":true,"href":"https:\/\/suptex.eu\/en\/wp-json\/wp\/v2\/product_cat?post=4014"},{"taxonomy":"product_tag","embeddable":true,"href":"https:\/\/suptex.eu\/en\/wp-json\/wp\/v2\/product_tag?post=4014"}],"curies":[{"name":"wp","href":"https:\/\/api.w.org\/{rel}","templated":true}]}}