{"id":4019,"date":"1970-01-01T00:00:00","date_gmt":"1969-12-31T21:00:00","guid":{"rendered":"https:\/\/suptex.eu\/toode\/pin-out-wide-tuupi-mcb-lukustus-120-277-volti\/"},"modified":"2025-12-24T11:59:48","modified_gmt":"2025-12-24T08:59:48","slug":"pin-out-wide-tuupi-mcb-lukustus-120-277-volti","status":"publish","type":"product","link":"https:\/\/suptex.eu\/en\/product\/pin-out-wide-tuupi-mcb-lukustus-120-277-volti\/","title":{"rendered":"Pin-Out-Wide t\u00fc\u00fcpi MCB lukustus 120\/277 volti"},"content":{"rendered":"","protected":false},"excerpt":{"rendered":"<p>Tavalisi &#8220;Pin&#8221; stiilis lukustusi saab h\u00f5lpsasti paigaldada \u00fche surunupu abil. Neid saab kasutada nii \u00fche- kui ka mitmepooluseliste kaitsel\u00fclitite jaoks. Need on ohutu ja t\u00f5hus meetod miniatuursete kaitsel\u00fclitite lukustamiseks.<\/p>","protected":false},"featured_media":2008,"template":"","meta":{"_kadence_starter_templates_imported_post":false,"_kad_post_transparent":"","_kad_post_title":"","_kad_post_layout":"","_kad_post_sidebar_id":"","_kad_post_content_style":"","_kad_post_vertical_padding":"","_kad_post_feature":"","_kad_post_feature_position":"","_kad_post_header":false,"_kad_post_footer":false},"product_brand":[],"product_cat":[134],"product_tag":[],"class_list":{"0":"post-4019","1":"product","2":"type-product","3":"status-publish","4":"has-post-thumbnail","6":"product_cat-mcb-kaitselulitite-lukud-kaitselulitite-lukud","8":"first","9":"instock","10":"taxable","11":"shipping-taxable","12":"purchasable","13":"product-type-simple","14":"entry","15":"content-bg","16":"loop-entry"},"_links":{"self":[{"href":"https:\/\/suptex.eu\/en\/wp-json\/wp\/v2\/product\/4019","targetHints":{"allow":["GET"]}}],"collection":[{"href":"https:\/\/suptex.eu\/en\/wp-json\/wp\/v2\/product"}],"about":[{"href":"https:\/\/suptex.eu\/en\/wp-json\/wp\/v2\/types\/product"}],"wp:featuredmedia":[{"embeddable":true,"href":"https:\/\/suptex.eu\/en\/wp-json\/wp\/v2\/media\/2008"}],"wp:attachment":[{"href":"https:\/\/suptex.eu\/en\/wp-json\/wp\/v2\/media?parent=4019"}],"wp:term":[{"taxonomy":"product_brand","embeddable":true,"href":"https:\/\/suptex.eu\/en\/wp-json\/wp\/v2\/product_brand?post=4019"},{"taxonomy":"product_cat","embeddable":true,"href":"https:\/\/suptex.eu\/en\/wp-json\/wp\/v2\/product_cat?post=4019"},{"taxonomy":"product_tag","embeddable":true,"href":"https:\/\/suptex.eu\/en\/wp-json\/wp\/v2\/product_tag?post=4019"}],"curies":[{"name":"wp","href":"https:\/\/api.w.org\/{rel}","templated":true}]}}