{"id":4020,"date":"1970-01-01T00:00:00","date_gmt":"1969-12-31T21:00:00","guid":{"rendered":"https:\/\/suptex.eu\/toode\/uhepooluseline-mcb-blokeering\/"},"modified":"2025-12-24T11:59:49","modified_gmt":"2025-12-24T08:59:49","slug":"uhepooluseline-mcb-blokeering","status":"publish","type":"product","link":"https:\/\/suptex.eu\/en\/product\/uhepooluseline-mcb-blokeering\/","title":{"rendered":"\u00dchepooluseline MCB blokeering"},"content":{"rendered":"","protected":false},"excerpt":{"rendered":"<p>\u00dchepooluseliste kaitsel\u00fclitite kaitsel\u00fcliti lukustus. See j\u00e4igast plastist valmistatud kaitsel\u00fcliti lukustus v\u00f5imaldab kaitsel\u00fcliteid eraldi lukustada. See n\u00f5uab l\u00fcliti kaitsel\u00fclitit, mille sees on s\u00fcvistatud auk. See mahutab kuni 14 mm laiused kaitsel\u00fclitid.<\/p>","protected":false},"featured_media":1921,"template":"","meta":{"_kadence_starter_templates_imported_post":false,"_kad_post_transparent":"","_kad_post_title":"","_kad_post_layout":"","_kad_post_sidebar_id":"","_kad_post_content_style":"","_kad_post_vertical_padding":"","_kad_post_feature":"","_kad_post_feature_position":"","_kad_post_header":false,"_kad_post_footer":false},"product_brand":[],"product_cat":[134],"product_tag":[],"class_list":{"0":"post-4020","1":"product","2":"type-product","3":"status-publish","4":"has-post-thumbnail","6":"product_cat-mcb-kaitselulitite-lukud-kaitselulitite-lukud","8":"first","9":"instock","10":"taxable","11":"shipping-taxable","12":"purchasable","13":"product-type-simple","14":"entry","15":"content-bg","16":"loop-entry"},"_links":{"self":[{"href":"https:\/\/suptex.eu\/en\/wp-json\/wp\/v2\/product\/4020","targetHints":{"allow":["GET"]}}],"collection":[{"href":"https:\/\/suptex.eu\/en\/wp-json\/wp\/v2\/product"}],"about":[{"href":"https:\/\/suptex.eu\/en\/wp-json\/wp\/v2\/types\/product"}],"wp:featuredmedia":[{"embeddable":true,"href":"https:\/\/suptex.eu\/en\/wp-json\/wp\/v2\/media\/1921"}],"wp:attachment":[{"href":"https:\/\/suptex.eu\/en\/wp-json\/wp\/v2\/media?parent=4020"}],"wp:term":[{"taxonomy":"product_brand","embeddable":true,"href":"https:\/\/suptex.eu\/en\/wp-json\/wp\/v2\/product_brand?post=4020"},{"taxonomy":"product_cat","embeddable":true,"href":"https:\/\/suptex.eu\/en\/wp-json\/wp\/v2\/product_cat?post=4020"},{"taxonomy":"product_tag","embeddable":true,"href":"https:\/\/suptex.eu\/en\/wp-json\/wp\/v2\/product_tag?post=4020"}],"curies":[{"name":"wp","href":"https:\/\/api.w.org\/{rel}","templated":true}]}}