{"id":4022,"date":"1970-01-01T00:00:00","date_gmt":"1969-12-31T21:00:00","guid":{"rendered":"https:\/\/suptex.eu\/toode\/mcb-blokeering-uksikutele-poolakatele\/"},"modified":"2025-12-24T11:59:38","modified_gmt":"2025-12-24T08:59:38","slug":"mcb-blokeering-uksikutele-poolakatele","status":"publish","type":"product","link":"https:\/\/suptex.eu\/en\/product\/mcb-blokeering-uksikutele-poolakatele\/","title":{"rendered":"MCB blokeering \u00fcksikutele poolakatele"},"content":{"rendered":"","protected":false},"excerpt":{"rendered":"<p>Lukustage ja isoleerige kaitsel\u00fclitid v\u00e4ljal\u00fclitatud asendisse ilma elektriliste v\u00f5i mehaaniliste muudatusteta. See kaitsel\u00fcliti lukustus sobib enamiku suuremate kaubam\u00e4rkide \u00fche- v\u00f5i kahepooluseliste kaitsel\u00fclititega. Seade sobib kaitsel\u00fclitiga ja seda saab kruvikeerajaga pingutada. Kasutage MCB l\u00fcliti kinnitamiseks deelektrilise lukustuse tabalukku.<\/p>","protected":false},"featured_media":1928,"template":"","meta":{"_kadence_starter_templates_imported_post":false,"_kad_post_transparent":"","_kad_post_title":"","_kad_post_layout":"","_kad_post_sidebar_id":"","_kad_post_content_style":"","_kad_post_vertical_padding":"","_kad_post_feature":"","_kad_post_feature_position":"","_kad_post_header":false,"_kad_post_footer":false},"product_brand":[],"product_cat":[134],"product_tag":[],"class_list":{"0":"post-4022","1":"product","2":"type-product","3":"status-publish","4":"has-post-thumbnail","6":"product_cat-mcb-kaitselulitite-lukud-kaitselulitite-lukud","8":"first","9":"instock","10":"taxable","11":"shipping-taxable","12":"purchasable","13":"product-type-simple","14":"entry","15":"content-bg","16":"loop-entry"},"_links":{"self":[{"href":"https:\/\/suptex.eu\/en\/wp-json\/wp\/v2\/product\/4022","targetHints":{"allow":["GET"]}}],"collection":[{"href":"https:\/\/suptex.eu\/en\/wp-json\/wp\/v2\/product"}],"about":[{"href":"https:\/\/suptex.eu\/en\/wp-json\/wp\/v2\/types\/product"}],"wp:featuredmedia":[{"embeddable":true,"href":"https:\/\/suptex.eu\/en\/wp-json\/wp\/v2\/media\/1928"}],"wp:attachment":[{"href":"https:\/\/suptex.eu\/en\/wp-json\/wp\/v2\/media?parent=4022"}],"wp:term":[{"taxonomy":"product_brand","embeddable":true,"href":"https:\/\/suptex.eu\/en\/wp-json\/wp\/v2\/product_brand?post=4022"},{"taxonomy":"product_cat","embeddable":true,"href":"https:\/\/suptex.eu\/en\/wp-json\/wp\/v2\/product_cat?post=4022"},{"taxonomy":"product_tag","embeddable":true,"href":"https:\/\/suptex.eu\/en\/wp-json\/wp\/v2\/product_tag?post=4022"}],"curies":[{"name":"wp","href":"https:\/\/api.w.org\/{rel}","templated":true}]}}