{"id":4024,"date":"1970-01-01T00:00:00","date_gmt":"1969-12-31T21:00:00","guid":{"rendered":"https:\/\/suptex.eu\/toode\/roolivarda-mcb-lukustus\/"},"modified":"2025-12-24T11:59:38","modified_gmt":"2025-12-24T08:59:38","slug":"roolivarda-mcb-lukustus","status":"publish","type":"product","link":"https:\/\/suptex.eu\/en\/product\/roolivarda-mcb-lukustus\/","title":{"rendered":"Roolivarda MCB lukustus"},"content":{"rendered":"","protected":false},"excerpt":{"rendered":"<p>Riidevarda MCB lukustused on ohutu ja t\u00f5hus meetod ristlatiga \u00fchendatud mitmepooluseliste minikaitsel\u00fclitite lukustamiseks. Seade ei vaja paigaldamiseks spetsiaalset t\u00f6\u00f6riista. Lihtsalt kandke see MCB-le ja pingutage seadet p\u00f6idla abil ning seej\u00e4rel rakendage deelektrilise lukustuse tabalukk, et seade kinnitada ja v\u00e4ltida energiaallika ootamatut k\u00e4ivitamist. See seade sobib enamiku MCB-dega \u00fcle maailma.<\/p>","protected":false},"featured_media":2100,"template":"","meta":{"_kadence_starter_templates_imported_post":false,"_kad_post_transparent":"","_kad_post_title":"","_kad_post_layout":"","_kad_post_sidebar_id":"","_kad_post_content_style":"","_kad_post_vertical_padding":"","_kad_post_feature":"","_kad_post_feature_position":"","_kad_post_header":false,"_kad_post_footer":false},"product_brand":[],"product_cat":[134],"product_tag":[],"class_list":{"0":"post-4024","1":"product","2":"type-product","3":"status-publish","4":"has-post-thumbnail","6":"product_cat-mcb-kaitselulitite-lukud-kaitselulitite-lukud","8":"first","9":"instock","10":"taxable","11":"shipping-taxable","12":"purchasable","13":"product-type-simple","14":"entry","15":"content-bg","16":"loop-entry"},"_links":{"self":[{"href":"https:\/\/suptex.eu\/en\/wp-json\/wp\/v2\/product\/4024","targetHints":{"allow":["GET"]}}],"collection":[{"href":"https:\/\/suptex.eu\/en\/wp-json\/wp\/v2\/product"}],"about":[{"href":"https:\/\/suptex.eu\/en\/wp-json\/wp\/v2\/types\/product"}],"wp:featuredmedia":[{"embeddable":true,"href":"https:\/\/suptex.eu\/en\/wp-json\/wp\/v2\/media\/2100"}],"wp:attachment":[{"href":"https:\/\/suptex.eu\/en\/wp-json\/wp\/v2\/media?parent=4024"}],"wp:term":[{"taxonomy":"product_brand","embeddable":true,"href":"https:\/\/suptex.eu\/en\/wp-json\/wp\/v2\/product_brand?post=4024"},{"taxonomy":"product_cat","embeddable":true,"href":"https:\/\/suptex.eu\/en\/wp-json\/wp\/v2\/product_cat?post=4024"},{"taxonomy":"product_tag","embeddable":true,"href":"https:\/\/suptex.eu\/en\/wp-json\/wp\/v2\/product_tag?post=4024"}],"curies":[{"name":"wp","href":"https:\/\/api.w.org\/{rel}","templated":true}]}}