{"id":4025,"date":"1970-01-01T00:00:00","date_gmt":"1969-12-31T21:00:00","guid":{"rendered":"https:\/\/suptex.eu\/toode\/tiheda-kaepidemega-mcb-lukustus-tuup-a\/"},"modified":"2025-12-24T11:59:39","modified_gmt":"2025-12-24T08:59:39","slug":"tiheda-kaepidemega-mcb-lukustus-tuup-a","status":"publish","type":"product","link":"https:\/\/suptex.eu\/en\/product\/tiheda-kaepidemega-mcb-lukustus-tuup-a\/","title":{"rendered":"Tiheda k\u00e4epidemega MCB lukustus t\u00fc\u00fcp A"},"content":{"rendered":"","protected":false},"excerpt":{"rendered":"<p>See kaitsel\u00fcliti lukustusseade sobib standardk\u00f5rgusega ja kinnitusvarda l\u00fclititega, mida tavaliselt leidub 120 V ja 240 V kaitsel\u00fclititel. See lukustab t\u00f5husalt kaitsel\u00fclitid v\u00e4lja lihtsa p\u00f6idlaga keeramisega ja seej\u00e4rel sulgege kinnitusk\u00e4epide, et l\u00fclitit tugevasti kinni hoida. Seadme kinnitamiseks ja energiaallikate volitamata k\u00e4ivitamise v\u00e4ltimiseks kasutage deelektrilise lukustuse tabalukku. See on vastupidav konstruktsioon, mis talub karmi t\u00f6\u00f6stuskeskkonda.<\/p>","protected":false},"featured_media":1833,"template":"","meta":{"_kadence_starter_templates_imported_post":false,"_kad_post_transparent":"","_kad_post_title":"","_kad_post_layout":"","_kad_post_sidebar_id":"","_kad_post_content_style":"","_kad_post_vertical_padding":"","_kad_post_feature":"","_kad_post_feature_position":"","_kad_post_header":false,"_kad_post_footer":false},"product_brand":[],"product_cat":[134],"product_tag":[],"class_list":{"0":"post-4025","1":"product","2":"type-product","3":"status-publish","4":"has-post-thumbnail","6":"product_cat-mcb-kaitselulitite-lukud-kaitselulitite-lukud","8":"first","9":"instock","10":"taxable","11":"shipping-taxable","12":"purchasable","13":"product-type-simple","14":"entry","15":"content-bg","16":"loop-entry"},"_links":{"self":[{"href":"https:\/\/suptex.eu\/en\/wp-json\/wp\/v2\/product\/4025","targetHints":{"allow":["GET"]}}],"collection":[{"href":"https:\/\/suptex.eu\/en\/wp-json\/wp\/v2\/product"}],"about":[{"href":"https:\/\/suptex.eu\/en\/wp-json\/wp\/v2\/types\/product"}],"wp:featuredmedia":[{"embeddable":true,"href":"https:\/\/suptex.eu\/en\/wp-json\/wp\/v2\/media\/1833"}],"wp:attachment":[{"href":"https:\/\/suptex.eu\/en\/wp-json\/wp\/v2\/media?parent=4025"}],"wp:term":[{"taxonomy":"product_brand","embeddable":true,"href":"https:\/\/suptex.eu\/en\/wp-json\/wp\/v2\/product_brand?post=4025"},{"taxonomy":"product_cat","embeddable":true,"href":"https:\/\/suptex.eu\/en\/wp-json\/wp\/v2\/product_cat?post=4025"},{"taxonomy":"product_tag","embeddable":true,"href":"https:\/\/suptex.eu\/en\/wp-json\/wp\/v2\/product_tag?post=4025"}],"curies":[{"name":"wp","href":"https:\/\/api.w.org\/{rel}","templated":true}]}}