{"id":4026,"date":"1970-01-01T00:00:00","date_gmt":"1969-12-31T21:00:00","guid":{"rendered":"https:\/\/suptex.eu\/toode\/tiheda-kaepidemega-mcb-lukustus-tuup-b\/"},"modified":"2025-12-24T11:59:40","modified_gmt":"2025-12-24T08:59:40","slug":"tiheda-kaepidemega-mcb-lukustus-tuup-b","status":"publish","type":"product","link":"https:\/\/suptex.eu\/en\/product\/tiheda-kaepidemega-mcb-lukustus-tuup-b\/","title":{"rendered":"Tiheda k\u00e4epidemega MCB lukustus t\u00fc\u00fcp B"},"content":{"rendered":"","protected":false},"excerpt":{"rendered":"<p>See kaitsel\u00fcliti lukustusseade sobib laiade v\u00f5i k\u00f5rgete kaitsel\u00fclititega, mida tavaliselt leidub k\u00f5rgepinge-\/k\u00f5rgvoolukaitsel\u00fclititel. See on loodud kaitsel\u00fclitite t\u00f5husaks lukustamiseks lihtsa p\u00f6idlaga keeramisega ja seej\u00e4rel kinnitusk\u00e4epideme sulgemiseks, et l\u00fclitit tugevalt haarduda. See on vastupidav konstruktsioon, mis talub karmi t\u00f6\u00f6stuskeskkonda.<\/p>","protected":false},"featured_media":1836,"template":"","meta":{"_kadence_starter_templates_imported_post":false,"_kad_post_transparent":"","_kad_post_title":"","_kad_post_layout":"","_kad_post_sidebar_id":"","_kad_post_content_style":"","_kad_post_vertical_padding":"","_kad_post_feature":"","_kad_post_feature_position":"","_kad_post_header":false,"_kad_post_footer":false},"product_brand":[],"product_cat":[134],"product_tag":[],"class_list":{"0":"post-4026","1":"product","2":"type-product","3":"status-publish","4":"has-post-thumbnail","6":"product_cat-mcb-kaitselulitite-lukud-kaitselulitite-lukud","8":"first","9":"instock","10":"taxable","11":"shipping-taxable","12":"purchasable","13":"product-type-simple","14":"entry","15":"content-bg","16":"loop-entry"},"_links":{"self":[{"href":"https:\/\/suptex.eu\/en\/wp-json\/wp\/v2\/product\/4026","targetHints":{"allow":["GET"]}}],"collection":[{"href":"https:\/\/suptex.eu\/en\/wp-json\/wp\/v2\/product"}],"about":[{"href":"https:\/\/suptex.eu\/en\/wp-json\/wp\/v2\/types\/product"}],"wp:featuredmedia":[{"embeddable":true,"href":"https:\/\/suptex.eu\/en\/wp-json\/wp\/v2\/media\/1836"}],"wp:attachment":[{"href":"https:\/\/suptex.eu\/en\/wp-json\/wp\/v2\/media?parent=4026"}],"wp:term":[{"taxonomy":"product_brand","embeddable":true,"href":"https:\/\/suptex.eu\/en\/wp-json\/wp\/v2\/product_brand?post=4026"},{"taxonomy":"product_cat","embeddable":true,"href":"https:\/\/suptex.eu\/en\/wp-json\/wp\/v2\/product_cat?post=4026"},{"taxonomy":"product_tag","embeddable":true,"href":"https:\/\/suptex.eu\/en\/wp-json\/wp\/v2\/product_tag?post=4026"}],"curies":[{"name":"wp","href":"https:\/\/api.w.org\/{rel}","templated":true}]}}