{"id":4027,"date":"1970-01-01T00:00:00","date_gmt":"1969-12-31T21:00:00","guid":{"rendered":"https:\/\/suptex.eu\/toode\/120-v-sisselulitatav-kaitseluliti-lukustus\/"},"modified":"2025-12-24T11:59:40","modified_gmt":"2025-12-24T08:59:40","slug":"120-v-sisselulitatav-kaitseluliti-lukustus","status":"publish","type":"product","link":"https:\/\/suptex.eu\/en\/product\/120-v-sisselulitatav-kaitseluliti-lukustus\/","title":{"rendered":"120 V sissel\u00fclitatav kaitsel\u00fcliti lukustus"},"content":{"rendered":"","protected":false},"excerpt":{"rendered":"<p>See MCB lukustus on optimeeritud 120 V kaitsel\u00fclitite lukustamiseks. Selle disain sisaldab kahte \u00f5\u00f5nsusega suurust, mis tagavad, et lukustus mahub \u00fcle erineva suurusega l\u00fclitite. Lisaks sellele on Snap-on Circuit Breaker Lockout disain selline, et seda on nii kiire kui ka lihtne paigaldada. Kasutajal tuleb seade vaid kaitsel\u00fcliti \u00fcmber kinnitada ja lukustustabalukuga kinnitada.<\/p>","protected":false},"featured_media":2086,"template":"","meta":{"_kadence_starter_templates_imported_post":false,"_kad_post_transparent":"","_kad_post_title":"","_kad_post_layout":"","_kad_post_sidebar_id":"","_kad_post_content_style":"","_kad_post_vertical_padding":"","_kad_post_feature":"","_kad_post_feature_position":"","_kad_post_header":false,"_kad_post_footer":false},"product_brand":[],"product_cat":[134],"product_tag":[],"class_list":{"0":"post-4027","1":"product","2":"type-product","3":"status-publish","4":"has-post-thumbnail","6":"product_cat-mcb-kaitselulitite-lukud-kaitselulitite-lukud","8":"first","9":"instock","10":"taxable","11":"shipping-taxable","12":"purchasable","13":"product-type-simple","14":"entry","15":"content-bg","16":"loop-entry"},"_links":{"self":[{"href":"https:\/\/suptex.eu\/en\/wp-json\/wp\/v2\/product\/4027","targetHints":{"allow":["GET"]}}],"collection":[{"href":"https:\/\/suptex.eu\/en\/wp-json\/wp\/v2\/product"}],"about":[{"href":"https:\/\/suptex.eu\/en\/wp-json\/wp\/v2\/types\/product"}],"wp:featuredmedia":[{"embeddable":true,"href":"https:\/\/suptex.eu\/en\/wp-json\/wp\/v2\/media\/2086"}],"wp:attachment":[{"href":"https:\/\/suptex.eu\/en\/wp-json\/wp\/v2\/media?parent=4027"}],"wp:term":[{"taxonomy":"product_brand","embeddable":true,"href":"https:\/\/suptex.eu\/en\/wp-json\/wp\/v2\/product_brand?post=4027"},{"taxonomy":"product_cat","embeddable":true,"href":"https:\/\/suptex.eu\/en\/wp-json\/wp\/v2\/product_cat?post=4027"},{"taxonomy":"product_tag","embeddable":true,"href":"https:\/\/suptex.eu\/en\/wp-json\/wp\/v2\/product_tag?post=4027"}],"curies":[{"name":"wp","href":"https:\/\/api.w.org\/{rel}","templated":true}]}}