{"id":4029,"date":"1970-01-01T00:00:00","date_gmt":"1969-12-31T21:00:00","guid":{"rendered":"https:\/\/suptex.eu\/toode\/universaalne-mcb-lukustus-iso-din-kaitselulititele\/"},"modified":"2025-12-24T11:59:41","modified_gmt":"2025-12-24T08:59:41","slug":"universaalne-mcb-lukustus-iso-din-kaitselulititele","status":"publish","type":"product","link":"https:\/\/suptex.eu\/en\/product\/universaalne-mcb-lukustus-iso-din-kaitselulititele\/","title":{"rendered":"Universaalne MCB lukustus ISO \/ DIN kaitsel\u00fclititele"},"content":{"rendered":"","protected":false},"excerpt":{"rendered":"<p>See universaalne miniatuurse kaitsel\u00fcliti lukustusseade lukustab peaaegu k\u00f5ik miniatuursed ISO\/DIN-pistikl\u00fclitid kogu maailmas. Sellel on p\u00f6idlaga keeratav kruvi lihtsaks kinnitamiseks ja paigaldamiseks pole vaja spetsiaalseid t\u00f6\u00f6riistu. Seade kinnitub kaitsel\u00fcliti k\u00fclge ja muudab eemaldamise v\u00e4ltimiseks valikuketta lukustatud asendis ligip\u00e4\u00e4smatuks. Lukustustabalukku saab seadme kinnitamiseks rakendada horisontaalselt v\u00f5i vertikaalselt ning konstruktsioon v\u00f5imaldab seadet paigaldada k\u00f5rvuti ka k\u00fclgnevatele kaitsel\u00fclititele.<\/p>","protected":false},"featured_media":2121,"template":"","meta":{"_kadence_starter_templates_imported_post":false,"_kad_post_transparent":"","_kad_post_title":"","_kad_post_layout":"","_kad_post_sidebar_id":"","_kad_post_content_style":"","_kad_post_vertical_padding":"","_kad_post_feature":"","_kad_post_feature_position":"","_kad_post_header":false,"_kad_post_footer":false},"product_brand":[],"product_cat":[134],"product_tag":[],"class_list":{"0":"post-4029","1":"product","2":"type-product","3":"status-publish","4":"has-post-thumbnail","6":"product_cat-mcb-kaitselulitite-lukud-kaitselulitite-lukud","8":"first","9":"instock","10":"taxable","11":"shipping-taxable","12":"purchasable","13":"product-type-simple","14":"entry","15":"content-bg","16":"loop-entry"},"_links":{"self":[{"href":"https:\/\/suptex.eu\/en\/wp-json\/wp\/v2\/product\/4029","targetHints":{"allow":["GET"]}}],"collection":[{"href":"https:\/\/suptex.eu\/en\/wp-json\/wp\/v2\/product"}],"about":[{"href":"https:\/\/suptex.eu\/en\/wp-json\/wp\/v2\/types\/product"}],"wp:featuredmedia":[{"embeddable":true,"href":"https:\/\/suptex.eu\/en\/wp-json\/wp\/v2\/media\/2121"}],"wp:attachment":[{"href":"https:\/\/suptex.eu\/en\/wp-json\/wp\/v2\/media?parent=4029"}],"wp:term":[{"taxonomy":"product_brand","embeddable":true,"href":"https:\/\/suptex.eu\/en\/wp-json\/wp\/v2\/product_brand?post=4029"},{"taxonomy":"product_cat","embeddable":true,"href":"https:\/\/suptex.eu\/en\/wp-json\/wp\/v2\/product_cat?post=4029"},{"taxonomy":"product_tag","embeddable":true,"href":"https:\/\/suptex.eu\/en\/wp-json\/wp\/v2\/product_tag?post=4029"}],"curies":[{"name":"wp","href":"https:\/\/api.w.org\/{rel}","templated":true}]}}