{"id":4030,"date":"1970-01-01T00:00:00","date_gmt":"1969-12-31T21:00:00","guid":{"rendered":"https:\/\/suptex.eu\/toode\/universaalne-mcb-lukustus-isekruvi-tuupi-tooriist-tasuta-paigaldamine\/"},"modified":"2025-12-24T11:59:42","modified_gmt":"2025-12-24T08:59:42","slug":"universaalne-mcb-lukustus-isekruvi-tuupi-tooriist-tasuta-paigaldamine","status":"publish","type":"product","link":"https:\/\/suptex.eu\/en\/product\/universaalne-mcb-lukustus-isekruvi-tuupi-tooriist-tasuta-paigaldamine\/","title":{"rendered":"Universaalne MCB lukustus isekruvi t\u00fc\u00fcpi t\u00f6\u00f6riist tasuta paigaldamine"},"content":{"rendered":"","protected":false},"excerpt":{"rendered":"<p>See lukustusseade on valmistatud tugevast tehnilisest plastist. Selle iselukustuva kruvi abil saab seadet h\u00f5lpsasti MCB-le paigaldada ilma t\u00f6\u00f6riistadeta. See sobib igasuguste v\u00e4ikeste ja keskmise suurusega MCCB-de ja k\u00f5igi miniatuursete kaitsel\u00fclitite jaoks (k\u00e4epideme laiusega 14 mm). Seadme kinnitamiseks ja energiaallika volitamata k\u00e4ivitamise v\u00e4ltimiseks rakendage deelektrilise lukustuse tabalukk.<\/p>","protected":false},"featured_media":2118,"template":"","meta":{"_kadence_starter_templates_imported_post":false,"_kad_post_transparent":"","_kad_post_title":"","_kad_post_layout":"","_kad_post_sidebar_id":"","_kad_post_content_style":"","_kad_post_vertical_padding":"","_kad_post_feature":"","_kad_post_feature_position":"","_kad_post_header":false,"_kad_post_footer":false},"product_brand":[],"product_cat":[134],"product_tag":[],"class_list":{"0":"post-4030","1":"product","2":"type-product","3":"status-publish","4":"has-post-thumbnail","6":"product_cat-mcb-kaitselulitite-lukud-kaitselulitite-lukud","8":"first","9":"instock","10":"taxable","11":"shipping-taxable","12":"purchasable","13":"product-type-simple","14":"entry","15":"content-bg","16":"loop-entry"},"_links":{"self":[{"href":"https:\/\/suptex.eu\/en\/wp-json\/wp\/v2\/product\/4030","targetHints":{"allow":["GET"]}}],"collection":[{"href":"https:\/\/suptex.eu\/en\/wp-json\/wp\/v2\/product"}],"about":[{"href":"https:\/\/suptex.eu\/en\/wp-json\/wp\/v2\/types\/product"}],"wp:featuredmedia":[{"embeddable":true,"href":"https:\/\/suptex.eu\/en\/wp-json\/wp\/v2\/media\/2118"}],"wp:attachment":[{"href":"https:\/\/suptex.eu\/en\/wp-json\/wp\/v2\/media?parent=4030"}],"wp:term":[{"taxonomy":"product_brand","embeddable":true,"href":"https:\/\/suptex.eu\/en\/wp-json\/wp\/v2\/product_brand?post=4030"},{"taxonomy":"product_cat","embeddable":true,"href":"https:\/\/suptex.eu\/en\/wp-json\/wp\/v2\/product_cat?post=4030"},{"taxonomy":"product_tag","embeddable":true,"href":"https:\/\/suptex.eu\/en\/wp-json\/wp\/v2\/product_tag?post=4030"}],"curies":[{"name":"wp","href":"https:\/\/api.w.org\/{rel}","templated":true}]}}