{"id":4031,"date":"1970-01-01T00:00:00","date_gmt":"1969-12-31T21:00:00","guid":{"rendered":"https:\/\/suptex.eu\/toode\/pin-out-type-mcb-lockout\/"},"modified":"2025-12-24T11:59:43","modified_gmt":"2025-12-24T08:59:43","slug":"pin-out-type-mcb-lockout","status":"publish","type":"product","link":"https:\/\/suptex.eu\/en\/product\/pin-out-type-mcb-lockout\/","title":{"rendered":"Pin-Out Type MCB Lockout"},"content":{"rendered":"","protected":false},"excerpt":{"rendered":"<p>Seda lukustusseadet saab kasutada \u00fche- ja mitmepooluselistel kaitsel\u00fclititel. Kinnitage traadi tihvtid v\u00e4ikestesse aukudesse, mis asuvad MCB l\u00fcliti m\u00f5lemal k\u00fcljel. Tihvtide kinnitamiseks aukudesse t\u00f5mmake seadme \u00fclemine osa tagasi ja paigaldage see MCB k\u00fclge. Kinnitage lukustusseade deelektrilise lukustuse tabalukuga. Toote paigaldamiseks pole vaja spetsiaalset t\u00f6\u00f6riista.<\/p>","protected":false},"featured_media":2063,"template":"","meta":{"_kadence_starter_templates_imported_post":false,"_kad_post_transparent":"","_kad_post_title":"","_kad_post_layout":"","_kad_post_sidebar_id":"","_kad_post_content_style":"","_kad_post_vertical_padding":"","_kad_post_feature":"","_kad_post_feature_position":"","_kad_post_header":false,"_kad_post_footer":false},"product_brand":[],"product_cat":[134],"product_tag":[],"class_list":{"0":"post-4031","1":"product","2":"type-product","3":"status-publish","4":"has-post-thumbnail","6":"product_cat-mcb-kaitselulitite-lukud-kaitselulitite-lukud","8":"first","9":"instock","10":"taxable","11":"shipping-taxable","12":"purchasable","13":"product-type-simple","14":"entry","15":"content-bg","16":"loop-entry"},"_links":{"self":[{"href":"https:\/\/suptex.eu\/en\/wp-json\/wp\/v2\/product\/4031","targetHints":{"allow":["GET"]}}],"collection":[{"href":"https:\/\/suptex.eu\/en\/wp-json\/wp\/v2\/product"}],"about":[{"href":"https:\/\/suptex.eu\/en\/wp-json\/wp\/v2\/types\/product"}],"wp:featuredmedia":[{"embeddable":true,"href":"https:\/\/suptex.eu\/en\/wp-json\/wp\/v2\/media\/2063"}],"wp:attachment":[{"href":"https:\/\/suptex.eu\/en\/wp-json\/wp\/v2\/media?parent=4031"}],"wp:term":[{"taxonomy":"product_brand","embeddable":true,"href":"https:\/\/suptex.eu\/en\/wp-json\/wp\/v2\/product_brand?post=4031"},{"taxonomy":"product_cat","embeddable":true,"href":"https:\/\/suptex.eu\/en\/wp-json\/wp\/v2\/product_cat?post=4031"},{"taxonomy":"product_tag","embeddable":true,"href":"https:\/\/suptex.eu\/en\/wp-json\/wp\/v2\/product_tag?post=4031"}],"curies":[{"name":"wp","href":"https:\/\/api.w.org\/{rel}","templated":true}]}}