{"id":4118,"date":"1970-01-01T00:00:00","date_gmt":"1969-12-31T21:00:00","guid":{"rendered":"https:\/\/suptex.eu\/toode\/ettevaatust-lockout-sildid-inglise-keel\/"},"modified":"2025-12-24T11:59:46","modified_gmt":"2025-12-24T08:59:46","slug":"ettevaatust-lockout-sildid-inglise-keel","status":"publish","type":"product","link":"https:\/\/suptex.eu\/en\/product\/ettevaatust-lockout-sildid-inglise-keel\/","title":{"rendered":"Ettevaatust Lockout Sildid Inglise keel"},"content":{"rendered":"","protected":false},"excerpt":{"rendered":"<p>Lotomasteri lukustussildid on valmistatud painduvast plastikust, mida saab tabaluku v\u00f5i kaablisideme abil kinnitada k\u00f5ikide lukustusseadmete k\u00fclge. M\u00e4rgistusseadmed hoiatavad ohtlike tingimuste eest, kui masin v\u00f5i seade on pinge all. Lisaks n\u00f5uavad OSHA 1910.333 punktid e ja f, et k\u00f5ik lahti\u00fchendamisvahendid n\u00e4itaksid suurust ja need peavad olema loetavalt m\u00e4rgistatud eesm\u00e4rgi n\u00e4itamiseks, v\u00e4lja arvatud juhul, kui need asuvad ja paigutatakse nii, et eesm\u00e4rk on ilmne.<\/p>","protected":false},"featured_media":2096,"template":"","meta":{"_kadence_starter_templates_imported_post":false,"_kad_post_transparent":"","_kad_post_title":"","_kad_post_layout":"","_kad_post_sidebar_id":"","_kad_post_content_style":"","_kad_post_vertical_padding":"","_kad_post_feature":"","_kad_post_feature_position":"","_kad_post_header":false,"_kad_post_footer":false},"product_brand":[],"product_cat":[158],"product_tag":[],"class_list":{"0":"post-4118","1":"product","2":"type-product","3":"status-publish","4":"has-post-thumbnail","6":"product_cat-hoiatuslukustussildid-ohutuslukustussildid","8":"first","9":"instock","10":"taxable","11":"shipping-taxable","12":"product-type-simple","13":"entry","14":"content-bg","15":"loop-entry"},"_links":{"self":[{"href":"https:\/\/suptex.eu\/en\/wp-json\/wp\/v2\/product\/4118","targetHints":{"allow":["GET"]}}],"collection":[{"href":"https:\/\/suptex.eu\/en\/wp-json\/wp\/v2\/product"}],"about":[{"href":"https:\/\/suptex.eu\/en\/wp-json\/wp\/v2\/types\/product"}],"wp:featuredmedia":[{"embeddable":true,"href":"https:\/\/suptex.eu\/en\/wp-json\/wp\/v2\/media\/2096"}],"wp:attachment":[{"href":"https:\/\/suptex.eu\/en\/wp-json\/wp\/v2\/media?parent=4118"}],"wp:term":[{"taxonomy":"product_brand","embeddable":true,"href":"https:\/\/suptex.eu\/en\/wp-json\/wp\/v2\/product_brand?post=4118"},{"taxonomy":"product_cat","embeddable":true,"href":"https:\/\/suptex.eu\/en\/wp-json\/wp\/v2\/product_cat?post=4118"},{"taxonomy":"product_tag","embeddable":true,"href":"https:\/\/suptex.eu\/en\/wp-json\/wp\/v2\/product_tag?post=4118"}],"curies":[{"name":"wp","href":"https:\/\/api.w.org\/{rel}","templated":true}]}}