{"id":4121,"date":"1970-01-01T00:00:00","date_gmt":"1969-12-31T21:00:00","guid":{"rendered":"https:\/\/suptex.eu\/toode\/terasest-lukustusjaam-labipaistva-esiuksega\/"},"modified":"2025-12-24T11:59:42","modified_gmt":"2025-12-24T08:59:42","slug":"terasest-lukustusjaam-labipaistva-esiuksega","status":"publish","type":"product","link":"https:\/\/suptex.eu\/en\/product\/terasest-lukustusjaam-labipaistva-esiuksega\/","title":{"rendered":"Terasest lukustusjaam l\u00e4bipaistva esiuksega"},"content":{"rendered":"","protected":false},"excerpt":{"rendered":"<p>N\u00fc\u00fcd kinnitage k\u00f5ik oma lukustuskomponendid selles vastupidavas ja h\u00e4sti n\u00e4htavas lukustusjaamas, millel on l\u00e4bipaistev esiuks, mida saab kinnitada seinale v\u00f5i h\u00f5lpsasti transportida \u00fclaosas oleva k\u00e4epidemega. See LOTOMASTERi t\u00f6\u00f6stuslik tugevusega lukustusjaam on lukustatav, t\u00e4ielikult metallist, kollase pulberv\u00e4rviga kaetud ja varustatud reguleeritavate riiulitega. Ukse sisek\u00fcljel on lukustamise ohutusn\u00f5uanded, mis tuletavad sageli meelde \u00f5igeid lukustusprotseduure. Seda lukustusjaama saab kinnitada seinale v\u00f5i lihtsalt transportida \u00fclaosas oleva k\u00e4epidemega.<\/p>","protected":false},"featured_media":2079,"template":"","meta":{"_kadence_starter_templates_imported_post":false,"_kad_post_transparent":"","_kad_post_title":"","_kad_post_layout":"","_kad_post_sidebar_id":"","_kad_post_content_style":"","_kad_post_vertical_padding":"","_kad_post_feature":"","_kad_post_feature_position":"","_kad_post_header":false,"_kad_post_footer":false},"product_brand":[],"product_cat":[48],"product_tag":[],"class_list":{"0":"post-4121","1":"product","2":"type-product","3":"status-publish","4":"has-post-thumbnail","6":"product_cat-lockout-tagout","8":"first","9":"instock","10":"taxable","11":"shipping-taxable","12":"product-type-simple","13":"entry","14":"content-bg","15":"loop-entry"},"_links":{"self":[{"href":"https:\/\/suptex.eu\/en\/wp-json\/wp\/v2\/product\/4121","targetHints":{"allow":["GET"]}}],"collection":[{"href":"https:\/\/suptex.eu\/en\/wp-json\/wp\/v2\/product"}],"about":[{"href":"https:\/\/suptex.eu\/en\/wp-json\/wp\/v2\/types\/product"}],"wp:featuredmedia":[{"embeddable":true,"href":"https:\/\/suptex.eu\/en\/wp-json\/wp\/v2\/media\/2079"}],"wp:attachment":[{"href":"https:\/\/suptex.eu\/en\/wp-json\/wp\/v2\/media?parent=4121"}],"wp:term":[{"taxonomy":"product_brand","embeddable":true,"href":"https:\/\/suptex.eu\/en\/wp-json\/wp\/v2\/product_brand?post=4121"},{"taxonomy":"product_cat","embeddable":true,"href":"https:\/\/suptex.eu\/en\/wp-json\/wp\/v2\/product_cat?post=4121"},{"taxonomy":"product_tag","embeddable":true,"href":"https:\/\/suptex.eu\/en\/wp-json\/wp\/v2\/product_tag?post=4121"}],"curies":[{"name":"wp","href":"https:\/\/api.w.org\/{rel}","templated":true}]}}