{"id":4126,"date":"2025-03-16T14:29:40","date_gmt":"2025-03-16T11:29:40","guid":{"rendered":"https:\/\/suptex.eu\/?post_type=product&#038;p=4126"},"modified":"2025-12-27T13:20:22","modified_gmt":"2025-12-27T10:20:22","slug":"loto-ohutustabalukkude-komplekt-2-tk38-mm-sama-votmega","status":"publish","type":"product","link":"https:\/\/suptex.eu\/en\/product\/loto-ohutustabalukkude-komplekt-2-tk38-mm-sama-votmega\/","title":{"rendered":"LOTO ohutustabalukkude komplekt \u2013 2 tk,38 mm, sama v\u00f5tmega"},"content":{"rendered":"","protected":false},"excerpt":{"rendered":"<p>Lotomasteri ohutuslukustuse tabalukud on loodud spetsiaalselt lukustus-\/sildistamisrakendustes kasutamiseks. Need tabalukud on kompaktsed, kuid vastupidavad ning nende korpus on sitke, vastupidav ja \u00fclikerge, mis muudab need ideaalseks kasutamiseks karmides t\u00f6\u00f6stuskeskkondades.<\/p>","protected":false},"featured_media":2328,"template":"","meta":{"_kadence_starter_templates_imported_post":false,"_kad_post_transparent":"default","_kad_post_title":"","_kad_post_layout":"default","_kad_post_sidebar_id":"","_kad_post_content_style":"default","_kad_post_vertical_padding":"default","_kad_post_feature":"","_kad_post_feature_position":"","_kad_post_header":false,"_kad_post_footer":false},"product_brand":[49],"product_cat":[48,52],"product_tag":[],"class_list":{"0":"post-4126","1":"product","2":"type-product","3":"status-publish","4":"has-post-thumbnail","6":"product_brand-lotomaster","7":"product_cat-lockout-tagout","8":"product_cat-uhesuguse-votmega-lukustatav","10":"first","11":"instock","12":"taxable","13":"shipping-taxable","14":"purchasable","15":"product-type-variable","16":"entry","17":"content-bg","18":"loop-entry"},"_links":{"self":[{"href":"https:\/\/suptex.eu\/en\/wp-json\/wp\/v2\/product\/4126","targetHints":{"allow":["GET"]}}],"collection":[{"href":"https:\/\/suptex.eu\/en\/wp-json\/wp\/v2\/product"}],"about":[{"href":"https:\/\/suptex.eu\/en\/wp-json\/wp\/v2\/types\/product"}],"wp:featuredmedia":[{"embeddable":true,"href":"https:\/\/suptex.eu\/en\/wp-json\/wp\/v2\/media\/2328"}],"wp:attachment":[{"href":"https:\/\/suptex.eu\/en\/wp-json\/wp\/v2\/media?parent=4126"}],"wp:term":[{"taxonomy":"product_brand","embeddable":true,"href":"https:\/\/suptex.eu\/en\/wp-json\/wp\/v2\/product_brand?post=4126"},{"taxonomy":"product_cat","embeddable":true,"href":"https:\/\/suptex.eu\/en\/wp-json\/wp\/v2\/product_cat?post=4126"},{"taxonomy":"product_tag","embeddable":true,"href":"https:\/\/suptex.eu\/en\/wp-json\/wp\/v2\/product_tag?post=4126"}],"curies":[{"name":"wp","href":"https:\/\/api.w.org\/{rel}","templated":true}]}}