{"id":4165,"date":"2025-03-16T14:29:39","date_gmt":"2025-03-16T11:29:39","guid":{"rendered":"https:\/\/suptex.eu\/?post_type=product&#038;p=4165"},"modified":"2025-12-27T13:26:30","modified_gmt":"2025-12-27T10:26:30","slug":"loto-ohutustabalukkude-komplekt-3-tk38-mm-ulemvotmega","status":"publish","type":"product","link":"https:\/\/suptex.eu\/en\/product\/loto-ohutustabalukkude-komplekt-3-tk38-mm-ulemvotmega\/","title":{"rendered":"LOTO ohutustabalukkude komplekt \u2013 3 tk,38 mm, \u00fclemv\u00f5tmega"},"content":{"rendered":"","protected":false},"excerpt":{"rendered":"<p>Kolmest punasest ohutustabalukust koosnev komplekt, mille iga lukk on erineva v\u00f5tmega, kuid k\u00f5iki kolme saab avada spetsiaalse \u00fclemv\u00f5tmega. Sobib kasutamiseks LOTO s\u00fcsteemides, kus on vaja kesktasemel kontrolli lukustatud seadmete \u00fcle.<\/p>","protected":false},"featured_media":2419,"template":"","meta":{"_kadence_starter_templates_imported_post":false,"_kad_post_transparent":"default","_kad_post_title":"","_kad_post_layout":"default","_kad_post_sidebar_id":"","_kad_post_content_style":"default","_kad_post_vertical_padding":"default","_kad_post_feature":"","_kad_post_feature_position":"","_kad_post_header":false,"_kad_post_footer":false},"product_brand":[49],"product_cat":[48,54],"product_tag":[],"class_list":{"0":"post-4165","1":"product","2":"type-product","3":"status-publish","4":"has-post-thumbnail","6":"product_brand-lotomaster","7":"product_cat-lockout-tagout","8":"product_cat-master-key-peavotmega-lukud","10":"first","11":"instock","12":"taxable","13":"shipping-taxable","14":"purchasable","15":"product-type-variable","16":"entry","17":"content-bg","18":"loop-entry"},"_links":{"self":[{"href":"https:\/\/suptex.eu\/en\/wp-json\/wp\/v2\/product\/4165","targetHints":{"allow":["GET"]}}],"collection":[{"href":"https:\/\/suptex.eu\/en\/wp-json\/wp\/v2\/product"}],"about":[{"href":"https:\/\/suptex.eu\/en\/wp-json\/wp\/v2\/types\/product"}],"wp:featuredmedia":[{"embeddable":true,"href":"https:\/\/suptex.eu\/en\/wp-json\/wp\/v2\/media\/2419"}],"wp:attachment":[{"href":"https:\/\/suptex.eu\/en\/wp-json\/wp\/v2\/media?parent=4165"}],"wp:term":[{"taxonomy":"product_brand","embeddable":true,"href":"https:\/\/suptex.eu\/en\/wp-json\/wp\/v2\/product_brand?post=4165"},{"taxonomy":"product_cat","embeddable":true,"href":"https:\/\/suptex.eu\/en\/wp-json\/wp\/v2\/product_cat?post=4165"},{"taxonomy":"product_tag","embeddable":true,"href":"https:\/\/suptex.eu\/en\/wp-json\/wp\/v2\/product_tag?post=4165"}],"curies":[{"name":"wp","href":"https:\/\/api.w.org\/{rel}","templated":true}]}}