{"id":4293,"date":"2025-03-16T14:29:36","date_gmt":"2025-03-16T11:29:36","guid":{"rendered":"https:\/\/suptex.eu\/?post_type=product&#038;p=4293"},"modified":"2025-12-27T13:40:12","modified_gmt":"2025-12-27T10:40:12","slug":"elektrit-mittejuhtivad-loto-tabalukud-38-mm-6-tk-sama-votmega","status":"publish","type":"product","link":"https:\/\/suptex.eu\/en\/product\/elektrit-mittejuhtivad-loto-tabalukud-38-mm-6-tk-sama-votmega\/","title":{"rendered":"Elektrit mittejuhtivad LOTO tabalukud, 38 mm, 6 tk, sama v\u00f5tmega"},"content":{"rendered":"","protected":false},"excerpt":{"rendered":"<p>De-Electric Lockout tabalukud on valmistatud plastikust ahelast, mis aitab v\u00e4ltida elektril\u00f6\u00f6ke ja kaare vilkumist. Samuti takistab see elektrivoolu liikumist k\u00f6idelt kehasse. Need tabalukud on spetsiaalselt ette n\u00e4htud kasutamiseks elektrilistes lukustusseadmetes ning \u00fclikerge korpus on ideaalne miniatuursete kaitsel\u00fclitite ja muude plastl\u00fclitite lukustamiseks, mis v\u00f5ivad raskete tabalukkude isoleerimisel kahjustada saada. Need tabalukud on h\u00f5lpsaks tuvastamiseks saadaval erksates v\u00e4rvides.<\/p>","protected":false},"featured_media":1662,"template":"","meta":{"_kadence_starter_templates_imported_post":false,"_kad_post_transparent":"default","_kad_post_title":"","_kad_post_layout":"default","_kad_post_sidebar_id":"","_kad_post_content_style":"default","_kad_post_vertical_padding":"default","_kad_post_feature":"","_kad_post_feature_position":"","_kad_post_header":false,"_kad_post_footer":false},"product_brand":[49],"product_cat":[48,52],"product_tag":[],"class_list":{"0":"post-4293","1":"product","2":"type-product","3":"status-publish","4":"has-post-thumbnail","6":"product_brand-lotomaster","7":"product_cat-lockout-tagout","8":"product_cat-uhesuguse-votmega-lukustatav","10":"first","11":"instock","12":"taxable","13":"shipping-taxable","14":"purchasable","15":"product-type-variable","16":"entry","17":"content-bg","18":"loop-entry"},"_links":{"self":[{"href":"https:\/\/suptex.eu\/en\/wp-json\/wp\/v2\/product\/4293","targetHints":{"allow":["GET"]}}],"collection":[{"href":"https:\/\/suptex.eu\/en\/wp-json\/wp\/v2\/product"}],"about":[{"href":"https:\/\/suptex.eu\/en\/wp-json\/wp\/v2\/types\/product"}],"wp:featuredmedia":[{"embeddable":true,"href":"https:\/\/suptex.eu\/en\/wp-json\/wp\/v2\/media\/1662"}],"wp:attachment":[{"href":"https:\/\/suptex.eu\/en\/wp-json\/wp\/v2\/media?parent=4293"}],"wp:term":[{"taxonomy":"product_brand","embeddable":true,"href":"https:\/\/suptex.eu\/en\/wp-json\/wp\/v2\/product_brand?post=4293"},{"taxonomy":"product_cat","embeddable":true,"href":"https:\/\/suptex.eu\/en\/wp-json\/wp\/v2\/product_cat?post=4293"},{"taxonomy":"product_tag","embeddable":true,"href":"https:\/\/suptex.eu\/en\/wp-json\/wp\/v2\/product_tag?post=4293"}],"curies":[{"name":"wp","href":"https:\/\/api.w.org\/{rel}","templated":true}]}}