{"id":5021,"date":"2025-06-03T13:00:58","date_gmt":"2025-06-03T10:00:58","guid":{"rendered":"https:\/\/suptex.eu\/?post_type=product&#038;p=5021"},"modified":"2025-06-03T13:08:26","modified_gmt":"2025-06-03T10:08:26","slug":"permaroute-75mm-x30m","status":"publish","type":"product","link":"https:\/\/suptex.eu\/en\/product\/permaroute-75mm-x30m\/","title":{"rendered":"PermaRoute\u00ae 75mm x30m"},"content":{"rendered":"","protected":false},"excerpt":{"rendered":"<h2>PermaRoute 5S p\u00f5randam\u00e4rgistuss\u00fcsteem<\/h2>\n<p><strong>Tootekood:<\/strong> H6903<\/p>\n<p><strong>Kirjeldus:<\/strong><br \/>\nPermaRoute on vastupidav ja t\u00f5hus 5S m\u00e4rgistuss\u00fcsteem t\u00f6\u00f6stuskeskkonda. Ideaalne kasutamiseks visuaalse juhtimise, ohutusm\u00e4rgistuse ja tootmispindade organiseerimise eesm\u00e4rgil.<\/p>\n<h3>Tehnilised andmed:<\/h3>\n<ul>\n<li><strong>Konstruktsioon:<\/strong> Kihiline, suurendab vastupidavust ja kulumiskindlust<\/li>\n<li><strong>Pind:<\/strong> Lamineeritud ja v\u00e4rvilise tr\u00fckiga<\/li>\n<li><strong>Profiil:<\/strong> Madala profiiliga \u2013 v\u00e4hendab komistamisriski ja ei j\u00e4\u00e4 masinatele ette<\/li>\n<li><strong>Paksus:<\/strong> 960 mikronit (0,96 mm)<\/li>\n<li><strong>Saadaval rullilaiused:<\/strong> kuni 1168 mm<\/li>\n<li><strong>Kasutusvaldkonnad:<\/strong> Tootmisalad, laod, t\u00f6\u00f6ohutus, visuaalne juhtimine, 5S programmid<\/li>\n<\/ul>\n<h3>Eelised:<\/h3>\n<ul>\n<li>Kiire ja lihtne paigaldus \u2013 ei vaja v\u00e4rvimist ega kuivamisaega<\/li>\n<li>Kulub aeglaselt ka intensiivse liikluse korral<\/li>\n<li>Suur valik v\u00e4rve ja mustreid vastavalt m\u00e4rgistamise standarditele<\/li>\n<\/ul>","protected":false},"featured_media":4785,"template":"","meta":{"_kadence_starter_templates_imported_post":false,"_kad_post_transparent":"default","_kad_post_title":"","_kad_post_layout":"default","_kad_post_sidebar_id":"","_kad_post_content_style":"default","_kad_post_vertical_padding":"default","_kad_post_feature":"","_kad_post_feature_position":"","_kad_post_header":false,"_kad_post_footer":false},"product_brand":[],"product_cat":[55],"product_tag":[],"class_list":{"0":"post-5021","1":"product","2":"type-product","3":"status-publish","4":"has-post-thumbnail","6":"product_cat-porandateip","8":"first","9":"instock","10":"taxable","11":"shipping-taxable","12":"purchasable","13":"product-type-variable","14":"has-default-attributes","15":"entry","16":"content-bg","17":"loop-entry"},"_links":{"self":[{"href":"https:\/\/suptex.eu\/en\/wp-json\/wp\/v2\/product\/5021","targetHints":{"allow":["GET"]}}],"collection":[{"href":"https:\/\/suptex.eu\/en\/wp-json\/wp\/v2\/product"}],"about":[{"href":"https:\/\/suptex.eu\/en\/wp-json\/wp\/v2\/types\/product"}],"wp:featuredmedia":[{"embeddable":true,"href":"https:\/\/suptex.eu\/en\/wp-json\/wp\/v2\/media\/4785"}],"wp:attachment":[{"href":"https:\/\/suptex.eu\/en\/wp-json\/wp\/v2\/media?parent=5021"}],"wp:term":[{"taxonomy":"product_brand","embeddable":true,"href":"https:\/\/suptex.eu\/en\/wp-json\/wp\/v2\/product_brand?post=5021"},{"taxonomy":"product_cat","embeddable":true,"href":"https:\/\/suptex.eu\/en\/wp-json\/wp\/v2\/product_cat?post=5021"},{"taxonomy":"product_tag","embeddable":true,"href":"https:\/\/suptex.eu\/en\/wp-json\/wp\/v2\/product_tag?post=5021"}],"curies":[{"name":"wp","href":"https:\/\/api.w.org\/{rel}","templated":true}]}}