{"id":5272,"date":"2025-06-03T14:52:42","date_gmt":"2025-06-03T11:52:42","guid":{"rendered":"https:\/\/suptex.eu\/?post_type=product&#038;p=5272"},"modified":"2025-06-03T15:04:31","modified_gmt":"2025-06-03T12:04:31","slug":"permastripe-100mm-x30m","status":"publish","type":"product","link":"https:\/\/suptex.eu\/en\/product\/permastripe-100mm-x30m\/","title":{"rendered":"PermaStripe\u00ae 100mm x30m"},"content":{"rendered":"","protected":false},"excerpt":{"rendered":"<h2>PermaStripe p\u00f5randam\u00e4rgistusteip<\/h2>\n<p><strong>Tootekood:<\/strong> H6901<\/p>\n<p><strong>Kirjeldus:<\/strong><br \/>\nPermaStripe on tugev, homogeenne p\u00f5randam\u00e4rgistusteip, mis sobib n\u00f5udlikesse t\u00f6\u00f6stuskeskkondadesse. T\u00e4nu kaldservadele ja k\u00f5rgele paksusele tagab see suurep\u00e4rase kulumiskindluse ja pika eluea.<\/p>\n<h3>Tehnilised andmed:<\/h3>\n<ul>\n<li><strong>Koostis:<\/strong> Homogeenne \u2013 kogu materjal on sama tugev ja kulumiskindel<\/li>\n<li><strong>Servad:<\/strong> Kaldservad (bevelled edges) \u2013 v\u00e4hendab komistamisriski ja kulumist<\/li>\n<li><strong>Paigaldus:<\/strong> V\u00e4ga lihtne paigaldada \u2013 ei vaja liime ega kuivatamist<\/li>\n<li><strong>Paksus:<\/strong> 1300 mikronit (1,3 mm)<\/li>\n<li><strong>Saadaval laiused:<\/strong> 50 mm kuni 100 mm<\/li>\n<\/ul>\n<h3>Eelised:<\/h3>\n<ul>\n<li>Vastupidav ka raskete masinate ja sagedase liikluse korral<\/li>\n<li>Professionaalne v\u00e4limus ja kauakestev kvaliteet<\/li>\n<li>Ideaalne t\u00f6\u00f6stustele, ladudele ja 5S m\u00e4rgistusele<\/li>\n<\/ul>","protected":false},"featured_media":4439,"template":"","meta":{"_kadence_starter_templates_imported_post":false,"_kad_post_transparent":"default","_kad_post_title":"","_kad_post_layout":"default","_kad_post_sidebar_id":"","_kad_post_content_style":"default","_kad_post_vertical_padding":"default","_kad_post_feature":"","_kad_post_feature_position":"","_kad_post_header":false,"_kad_post_footer":false},"product_brand":[],"product_cat":[55],"product_tag":[],"class_list":{"0":"post-5272","1":"product","2":"type-product","3":"status-publish","4":"has-post-thumbnail","6":"product_cat-porandateip","8":"first","9":"instock","10":"taxable","11":"shipping-taxable","12":"purchasable","13":"product-type-variable","14":"has-default-attributes","15":"entry","16":"content-bg","17":"loop-entry"},"_links":{"self":[{"href":"https:\/\/suptex.eu\/en\/wp-json\/wp\/v2\/product\/5272","targetHints":{"allow":["GET"]}}],"collection":[{"href":"https:\/\/suptex.eu\/en\/wp-json\/wp\/v2\/product"}],"about":[{"href":"https:\/\/suptex.eu\/en\/wp-json\/wp\/v2\/types\/product"}],"wp:featuredmedia":[{"embeddable":true,"href":"https:\/\/suptex.eu\/en\/wp-json\/wp\/v2\/media\/4439"}],"wp:attachment":[{"href":"https:\/\/suptex.eu\/en\/wp-json\/wp\/v2\/media?parent=5272"}],"wp:term":[{"taxonomy":"product_brand","embeddable":true,"href":"https:\/\/suptex.eu\/en\/wp-json\/wp\/v2\/product_brand?post=5272"},{"taxonomy":"product_cat","embeddable":true,"href":"https:\/\/suptex.eu\/en\/wp-json\/wp\/v2\/product_cat?post=5272"},{"taxonomy":"product_tag","embeddable":true,"href":"https:\/\/suptex.eu\/en\/wp-json\/wp\/v2\/product_tag?post=5272"}],"curies":[{"name":"wp","href":"https:\/\/api.w.org\/{rel}","templated":true}]}}