{"id":5357,"date":"2025-06-03T21:09:33","date_gmt":"2025-06-03T18:09:33","guid":{"rendered":"https:\/\/suptex.eu\/?post_type=product&#038;p=5357"},"modified":"2025-06-03T21:09:33","modified_gmt":"2025-06-03T18:09:33","slug":"esd-trukiga-porandamargistuslint-50mm-x30m","status":"publish","type":"product","link":"https:\/\/suptex.eu\/en\/product\/esd-trukiga-porandamargistuslint-50mm-x30m\/","title":{"rendered":"ESD tr\u00fckiga p\u00f5randam\u00e4rgistuslint 50mm x30m"},"content":{"rendered":"","protected":false},"excerpt":{"rendered":"<p data-start=\"188\" data-end=\"446\">ESD tr\u00fckiga p\u00f5randam\u00e4rgistuslint on loodud visuaalseks ja vastupidavaks m\u00e4rgistamiseks elektrostaatilise laengu (ESD) kaitsealadele. See aitab selgelt eristada tsoone, kus staatiline elekter v\u00f5ib kahjustada tundlikke seadmeid v\u00f5i tekitada ohte t\u00f6\u00f6keskkonnas.<\/p>\n<h4 data-start=\"448\" data-end=\"471\">Peamised omadused:<\/h4>\n<ul data-start=\"473\" data-end=\"1077\">\n<li data-start=\"473\" data-end=\"578\">\n<p data-start=\"475\" data-end=\"578\"><strong data-start=\"475\" data-end=\"500\">Silmatorkav m\u00e4rgistus<\/strong><br data-start=\"500\" data-end=\"503\" \/>ESD s\u00fcmbolid ja tr\u00fckitud tekst muudavad kaitsealad koheselt \u00e4ratuntavaks.<\/p>\n<\/li>\n<li data-start=\"580\" data-end=\"716\">\n<p data-start=\"582\" data-end=\"716\"><strong data-start=\"582\" data-end=\"605\">Tugev ja vastupidav<\/strong><br data-start=\"605\" data-end=\"608\" \/>Mitmekihiline ehitus koos kulumiskindla PVC pealispinnaga tagab pika kasutusea ka suure koormusega aladel.<\/p>\n<\/li>\n<li data-start=\"718\" data-end=\"865\">\n<p data-start=\"720\" data-end=\"865\"><strong data-start=\"720\" data-end=\"747\">Usaldusv\u00e4\u00e4rne kleepuvus<\/strong><br data-start=\"747\" data-end=\"750\" \/>Akr\u00fc\u00fclliim kinnitub kindlalt erinevatele pindadele ning sobib kasutamiseks tootmis-, lao- ja t\u00f6\u00f6stuskeskkondades.<\/p>\n<\/li>\n<li data-start=\"867\" data-end=\"954\">\n<p data-start=\"869\" data-end=\"954\"><strong data-start=\"869\" data-end=\"904\">Lai kasutustemperatuuri vahemik<\/strong><br data-start=\"904\" data-end=\"907\" \/>Talub temperatuure alates -30 \u00b0C kuni +70 \u00b0C.<\/p>\n<\/li>\n<li data-start=\"956\" data-end=\"1077\">\n<p data-start=\"958\" data-end=\"1077\"><strong data-start=\"958\" data-end=\"976\">Sobivad m\u00f5\u00f5dud<\/strong><br data-start=\"976\" data-end=\"979\" \/>Standardrull: 50 mm lai ja 30 m pikk. Suuremahuliste tellimuste puhul saadaval ka eritellimused.<\/p>\n<\/li>\n<\/ul>\n<blockquote data-start=\"1079\" data-end=\"1210\">\n<p data-start=\"1081\" data-end=\"1210\">\u26a0\ufe0f Pange t\u00e4hele: lint ise ei ole antistaatiline, kuid see aitab visuaalselt t\u00e4histada ESD kaitsealasid ja toetab ohutusprotsesse.<\/p>\n<\/blockquote>","protected":false},"featured_media":5358,"template":"","meta":{"_kadence_starter_templates_imported_post":false,"_kad_post_transparent":"default","_kad_post_title":"","_kad_post_layout":"default","_kad_post_sidebar_id":"","_kad_post_content_style":"default","_kad_post_vertical_padding":"default","_kad_post_feature":"","_kad_post_feature_position":"","_kad_post_header":false,"_kad_post_footer":false},"product_brand":[],"product_cat":[55],"product_tag":[],"class_list":{"0":"post-5357","1":"product","2":"type-product","3":"status-publish","4":"has-post-thumbnail","6":"product_cat-porandateip","8":"first","9":"instock","10":"taxable","11":"shipping-taxable","12":"purchasable","13":"product-type-simple","14":"entry","15":"content-bg","16":"loop-entry"},"_links":{"self":[{"href":"https:\/\/suptex.eu\/en\/wp-json\/wp\/v2\/product\/5357","targetHints":{"allow":["GET"]}}],"collection":[{"href":"https:\/\/suptex.eu\/en\/wp-json\/wp\/v2\/product"}],"about":[{"href":"https:\/\/suptex.eu\/en\/wp-json\/wp\/v2\/types\/product"}],"wp:featuredmedia":[{"embeddable":true,"href":"https:\/\/suptex.eu\/en\/wp-json\/wp\/v2\/media\/5358"}],"wp:attachment":[{"href":"https:\/\/suptex.eu\/en\/wp-json\/wp\/v2\/media?parent=5357"}],"wp:term":[{"taxonomy":"product_brand","embeddable":true,"href":"https:\/\/suptex.eu\/en\/wp-json\/wp\/v2\/product_brand?post=5357"},{"taxonomy":"product_cat","embeddable":true,"href":"https:\/\/suptex.eu\/en\/wp-json\/wp\/v2\/product_cat?post=5357"},{"taxonomy":"product_tag","embeddable":true,"href":"https:\/\/suptex.eu\/en\/wp-json\/wp\/v2\/product_tag?post=5357"}],"curies":[{"name":"wp","href":"https:\/\/api.w.org\/{rel}","templated":true}]}}