{"id":5360,"date":"2025-06-03T21:46:37","date_gmt":"2025-06-03T18:46:37","guid":{"rendered":"https:\/\/suptex.eu\/?post_type=product&#038;p=5360"},"modified":"2025-06-03T21:47:57","modified_gmt":"2025-06-03T18:47:57","slug":"helendav-libisemisvastane-teip","status":"publish","type":"product","link":"https:\/\/suptex.eu\/en\/product\/helendav-libisemisvastane-teip\/","title":{"rendered":"Helendav libisemisvastane teip"},"content":{"rendered":"","protected":false},"excerpt":{"rendered":"<p data-start=\"266\" data-end=\"566\">Helendav libisemisvastane teip \u00fchendab kaks olulist omadust: see aitab v\u00e4ltida libisemist ning suunab inimesi turvaliselt edasi ka pimedates tingimustes. Ideaalne kasutamiseks treppidel, evakuatsiooniteedel, laoruumides, \u00fchiskondlikes hoonetes ja mujal, kus on oluline tagada nii ohutus kui n\u00e4htavus.<\/p>\n<hr data-start=\"568\" data-end=\"571\" \/>\n<h3 data-start=\"573\" data-end=\"599\"><strong data-start=\"577\" data-end=\"599\">Peamised omadused:<\/strong><\/h3>\n<ul data-start=\"601\" data-end=\"1281\">\n<li data-start=\"601\" data-end=\"755\">\n<p data-start=\"603\" data-end=\"755\"><strong data-start=\"603\" data-end=\"628\">Pimedas helendav pind<\/strong><br data-start=\"628\" data-end=\"631\" \/>Teip neelab p\u00e4ikese- v\u00f5i kunstvalgust ning hakkab h\u00e4maruses v\u00f5i pimeduses helendama, juhatades inimesed turvaliselt edasi.<\/p>\n<\/li>\n<li data-start=\"757\" data-end=\"886\">\n<p data-start=\"759\" data-end=\"886\"><strong data-start=\"759\" data-end=\"790\">Tugev libisemisvastane kate<\/strong><br data-start=\"790\" data-end=\"793\" \/>Mineraalp\u00f5hine haardepind aitab v\u00e4hendada libisemisriski ka niisketes v\u00f5i n\u00f5udlikes oludes.<\/p>\n<\/li>\n<li data-start=\"888\" data-end=\"1000\">\n<p data-start=\"890\" data-end=\"1000\"><strong data-start=\"890\" data-end=\"908\">Ohutu materjal<\/strong><br data-start=\"908\" data-end=\"911\" \/>Ei sisalda radioaktiivseid aineid \u2013 sobib kasutamiseks ka kodudes ja avalikes ruumides.<\/p>\n<\/li>\n<li data-start=\"1002\" data-end=\"1135\">\n<p data-start=\"1004\" data-end=\"1135\"><strong data-start=\"1004\" data-end=\"1023\">Erinevad m\u00f5\u00f5dud<\/strong><br data-start=\"1023\" data-end=\"1026\" \/>Laiused alates 19 mm kuni 1168 mm, standardrullid pikkusega 18,3 m. Vajadusel on saadaval ka eritellimused.<\/p>\n<\/li>\n<li data-start=\"1137\" data-end=\"1281\">\n<p data-start=\"1139\" data-end=\"1281\"><strong data-start=\"1139\" data-end=\"1158\">Mugav paigaldus<\/strong><br data-start=\"1158\" data-end=\"1161\" \/>Isekleepuv teip sobib erinevatele siledatele pindadele ning paigaldamiseks soovitatav temperatuur on 10 \u00b0C v\u00f5i k\u00f5rgem.<\/p>\n<\/li>\n<\/ul>","protected":false},"featured_media":5362,"template":"","meta":{"_kadence_starter_templates_imported_post":false,"_kad_post_transparent":"default","_kad_post_title":"","_kad_post_layout":"default","_kad_post_sidebar_id":"","_kad_post_content_style":"default","_kad_post_vertical_padding":"default","_kad_post_feature":"","_kad_post_feature_position":"","_kad_post_header":false,"_kad_post_footer":false},"product_brand":[],"product_cat":[55],"product_tag":[],"class_list":{"0":"post-5360","1":"product","2":"type-product","3":"status-publish","4":"has-post-thumbnail","6":"product_cat-porandateip","8":"first","9":"instock","10":"taxable","11":"shipping-taxable","12":"purchasable","13":"product-type-variable","14":"entry","15":"content-bg","16":"loop-entry"},"_links":{"self":[{"href":"https:\/\/suptex.eu\/en\/wp-json\/wp\/v2\/product\/5360","targetHints":{"allow":["GET"]}}],"collection":[{"href":"https:\/\/suptex.eu\/en\/wp-json\/wp\/v2\/product"}],"about":[{"href":"https:\/\/suptex.eu\/en\/wp-json\/wp\/v2\/types\/product"}],"wp:featuredmedia":[{"embeddable":true,"href":"https:\/\/suptex.eu\/en\/wp-json\/wp\/v2\/media\/5362"}],"wp:attachment":[{"href":"https:\/\/suptex.eu\/en\/wp-json\/wp\/v2\/media?parent=5360"}],"wp:term":[{"taxonomy":"product_brand","embeddable":true,"href":"https:\/\/suptex.eu\/en\/wp-json\/wp\/v2\/product_brand?post=5360"},{"taxonomy":"product_cat","embeddable":true,"href":"https:\/\/suptex.eu\/en\/wp-json\/wp\/v2\/product_cat?post=5360"},{"taxonomy":"product_tag","embeddable":true,"href":"https:\/\/suptex.eu\/en\/wp-json\/wp\/v2\/product_tag?post=5360"}],"curies":[{"name":"wp","href":"https:\/\/api.w.org\/{rel}","templated":true}]}}