{"id":5380,"date":"2025-06-03T22:07:06","date_gmt":"2025-06-03T19:07:06","guid":{"rendered":"https:\/\/suptex.eu\/?post_type=product&#038;p=5380"},"modified":"2025-06-03T22:07:06","modified_gmt":"2025-06-03T19:07:06","slug":"glow-line-libisemisvastane-teip","status":"publish","type":"product","link":"https:\/\/suptex.eu\/en\/product\/glow-line-libisemisvastane-teip\/","title":{"rendered":"Glow Line libisemisvastane teip"},"content":{"rendered":"","protected":false},"excerpt":{"rendered":"<p data-start=\"0\" data-end=\"74\"><span class=\"relative -mx-px my-[-0.2rem] rounded px-px py-[0.2rem] transition-colors duration-100 ease-in-out\"><strong data-start=\"0\" data-end=\"71\" data-is-last-node=\"\" data-is-only-node=\"\">Glow Line libisemisvastane teip \u2013 n\u00e4htavus ja ohutus igas olukorras<\/strong><\/span><\/p>\n<p data-start=\"76\" data-end=\"190\"><span class=\"relative -mx-px my-[-0.2rem] rounded px-px py-[0.2rem] transition-colors duration-100 ease-in-out\">Glow Line libisemisvastane teip \u00fchendab endas libisemiskindluse ja pimedas helendamise, tagades turvalisuse nii valges kui ka pimedas.<\/span> <span class=\"relative -mx-px my-[-0.2rem] rounded px-px py-[0.2rem] transition-colors duration-100 ease-in-out\">Sobib ideaalselt kasutamiseks treppidel, evakuatsiooniteedel, laoruumides ja t\u00f6\u00f6stuslikes keskkondades, kus on oluline nii ohutus kui ka n\u00e4htavus.<\/span><\/p>\n<hr data-start=\"192\" data-end=\"195\" \/>\n<h3 data-start=\"197\" data-end=\"223\"><strong data-start=\"201\" data-end=\"223\">Peamised omadused:<\/strong><\/h3>\n<ul data-start=\"225\" data-end=\"780\">\n<li data-start=\"225\" data-end=\"340\">\n<p data-start=\"227\" data-end=\"340\"><strong data-start=\"227\" data-end=\"256\">Pimedas helendav keskjoon<\/strong><br data-start=\"256\" data-end=\"259\" \/><span class=\"relative -mx-px my-[-0.2rem] rounded px-px py-[0.2rem] transition-colors duration-100 ease-in-out\">Teibi keskel asub 10 mm laiune fotoluminestsentsne riba, mis neelab p\u00e4evavalgust v\u00f5i kunstlikku valgust ning hakkab pimedas helendama, aidates inimestel turvaliselt liikuda ka elektrikatkestuste ajal.<\/span><\/p>\n<\/li>\n<li data-start=\"342\" data-end=\"458\">\n<p data-start=\"344\" data-end=\"458\"><strong data-start=\"344\" data-end=\"375\">Tugev libisemisvastane kate<\/strong><br data-start=\"375\" data-end=\"378\" \/><span class=\"relative -mx-px my-[-0.2rem] rounded px-px py-[0.2rem] transition-colors duration-100 ease-in-out\">Teibi m\u00f5lemal k\u00fcljel on 20 mm laiune must Safety-Grip kate, mis tagab suurep\u00e4rase libisemiskindluse, \u00fcletades paljude riikide ohutusn\u00f5udeid.<\/span><\/p>\n<\/li>\n<li data-start=\"460\" data-end=\"567\">\n<p data-start=\"462\" data-end=\"567\"><strong data-start=\"462\" data-end=\"484\">Musta v\u00e4rvi servad<\/strong><br data-start=\"484\" data-end=\"487\" \/><span class=\"relative -mx-px my-[-0.2rem] rounded px-px py-[0.2rem] transition-colors duration-100 ease-in-out\">Musta v\u00e4rvi servad aitavad varjata mustust ja kulumist, s\u00e4ilitades teibi esteetilise v\u00e4limuse ka intensiivse kasutuse korral.<\/span><\/p>\n<\/li>\n<li data-start=\"569\" data-end=\"673\">\n<p data-start=\"571\" data-end=\"673\"><strong data-start=\"571\" data-end=\"590\">Erinevad m\u00f5\u00f5dud<\/strong><br data-start=\"590\" data-end=\"593\" \/><span class=\"relative -mx-px my-[-0.2rem] rounded px-px py-[0.2rem] transition-colors duration-100 ease-in-out\">Standardlaius on 50 mm, kuid v\u00f5imalik on tellida ka eritellimusi vastavalt vajadusele.<\/span><\/p>\n<\/li>\n<li data-start=\"675\" data-end=\"780\">\n<p data-start=\"677\" data-end=\"780\"><strong data-start=\"677\" data-end=\"697\">Lihtne paigaldus<\/strong><br data-start=\"697\" data-end=\"700\" \/><span class=\"relative -mx-px my-[-0.2rem] rounded px-px py-[0.2rem] transition-colors duration-100 ease-in-out\">Isekleepuv teip sobib erinevatele pindadele ning paigaldamiseks on soovitatav temperatuur v\u00e4hemalt 10 \u00b0C.<\/span><\/p>\n<\/li>\n<\/ul>\n<hr data-start=\"782\" data-end=\"785\" \/>\n<p data-start=\"787\" data-end=\"865\"><span class=\"relative -mx-px my-[-0.2rem] rounded px-px py-[0.2rem] transition-colors duration-100 ease-in-out\"><strong data-start=\"0\" data-end=\"7\" data-is-only-node=\"\">NB!<\/strong> Glow Line teip on kuluefektiivne lahendus, mis \u00fchendab endas libisemiskindluse ja pimedas helendamise, tagades turvalisuse ja n\u00e4htavuse igas olukorras.<\/span><\/p>\n<p data-start=\"867\" data-end=\"945\"><span class=\"relative -mx-px my-[-0.2rem] rounded px-px py-[0.2rem] transition-colors duration-100 ease-in-out\">T\u00f5sta oma ruumide ohutust ja n\u00e4htavust Glow Line libisemisvastase teibiga \u2013 usaldusv\u00e4\u00e4rne lahendus igas olukorras.<\/span><\/p>\n","protected":false},"featured_media":5382,"template":"","meta":{"_kadence_starter_templates_imported_post":false,"_kad_post_transparent":"default","_kad_post_title":"","_kad_post_layout":"default","_kad_post_sidebar_id":"","_kad_post_content_style":"default","_kad_post_vertical_padding":"default","_kad_post_feature":"","_kad_post_feature_position":"","_kad_post_header":false,"_kad_post_footer":false},"product_brand":[],"product_cat":[55],"product_tag":[],"class_list":{"0":"post-5380","1":"product","2":"type-product","3":"status-publish","4":"has-post-thumbnail","6":"product_cat-porandateip","8":"first","9":"instock","10":"taxable","11":"shipping-taxable","12":"purchasable","13":"product-type-simple","14":"entry","15":"content-bg","16":"loop-entry"},"_links":{"self":[{"href":"https:\/\/suptex.eu\/en\/wp-json\/wp\/v2\/product\/5380","targetHints":{"allow":["GET"]}}],"collection":[{"href":"https:\/\/suptex.eu\/en\/wp-json\/wp\/v2\/product"}],"about":[{"href":"https:\/\/suptex.eu\/en\/wp-json\/wp\/v2\/types\/product"}],"wp:featuredmedia":[{"embeddable":true,"href":"https:\/\/suptex.eu\/en\/wp-json\/wp\/v2\/media\/5382"}],"wp:attachment":[{"href":"https:\/\/suptex.eu\/en\/wp-json\/wp\/v2\/media?parent=5380"}],"wp:term":[{"taxonomy":"product_brand","embeddable":true,"href":"https:\/\/suptex.eu\/en\/wp-json\/wp\/v2\/product_brand?post=5380"},{"taxonomy":"product_cat","embeddable":true,"href":"https:\/\/suptex.eu\/en\/wp-json\/wp\/v2\/product_cat?post=5380"},{"taxonomy":"product_tag","embeddable":true,"href":"https:\/\/suptex.eu\/en\/wp-json\/wp\/v2\/product_tag?post=5380"}],"curies":[{"name":"wp","href":"https:\/\/api.w.org\/{rel}","templated":true}]}}