{"id":5383,"date":"2025-06-03T22:21:45","date_gmt":"2025-06-03T19:21:45","guid":{"rendered":"https:\/\/suptex.eu\/?post_type=product&#038;p=5383"},"modified":"2025-06-03T22:21:45","modified_gmt":"2025-06-03T19:21:45","slug":"eemaldatav-libisemisvastane-teip","status":"publish","type":"product","link":"https:\/\/suptex.eu\/en\/product\/eemaldatav-libisemisvastane-teip\/","title":{"rendered":"Eemaldatav libisemisvastane teip"},"content":{"rendered":"","protected":false},"excerpt":{"rendered":"<p data-start=\"0\" data-end=\"74\"><span class=\"relative -mx-px my-[-0.2rem] rounded px-px py-[0.2rem] transition-colors duration-100 ease-in-out\"><strong data-start=\"0\" data-end=\"77\" data-is-last-node=\"\" data-is-only-node=\"\">Eemaldatav libisemisvastane teip \u2013 ajutine ohutus, p\u00fcsivaid j\u00e4lgi j\u00e4tmata<\/strong><\/span><\/p>\n<p data-start=\"76\" data-end=\"190\"><span class=\"relative -mx-px my-[-0.2rem] rounded px-px py-[0.2rem] transition-colors duration-100 ease-in-out\">Eemaldatav libisemisvastane teip on ideaalne lahendus ajutisteks s\u00fcndmusteks ja olukordadeks, kus on vaja tagada libisemiskindlus ilma p\u00fcsivaid j\u00e4lgi j\u00e4tmata.<\/span> <span class=\"relative -mx-px my-[-0.2rem] rounded px-px py-[0.2rem] transition-colors duration-100 ease-in-out\">Olgu tegemist pulmade, messide, kontsertide v\u00f5i muude \u00fcritustega \u2013 see teip tagab turvalisuse, s\u00e4ilitades samal ajal pinna esteetilise v\u00e4limuse.<\/span><\/p>\n<hr data-start=\"192\" data-end=\"195\" \/>\n<h3 data-start=\"197\" data-end=\"223\"><strong data-start=\"201\" data-end=\"223\">Peamised omadused:<\/strong><\/h3>\n<ul data-start=\"225\" data-end=\"777\">\n<li data-start=\"225\" data-end=\"330\">\n<p data-start=\"227\" data-end=\"330\"><strong data-start=\"227\" data-end=\"247\">Lihtne eemaldada<\/strong><br data-start=\"247\" data-end=\"250\" \/><span class=\"relative -mx-px my-[-0.2rem] rounded px-px py-[0.2rem] transition-colors duration-100 ease-in-out\">Spetsiaalselt formuleeritud liim tagab kindla haardumise, kuid v\u00f5imaldab teipi h\u00f5lpsalt eemaldada ilma j\u00e4\u00e4ke j\u00e4tmata v\u00f5i pinda kahjustamata.<\/span><\/p>\n<\/li>\n<li data-start=\"332\" data-end=\"448\">\n<p data-start=\"334\" data-end=\"448\"><strong data-start=\"334\" data-end=\"365\">Tugev libisemisvastane pind<\/strong><br data-start=\"365\" data-end=\"368\" \/><span class=\"relative -mx-px my-[-0.2rem] rounded px-px py-[0.2rem] transition-colors duration-100 ease-in-out\">T\u00f6\u00f6stusstandardile vastav alumiiniumoksiidist kare pind tagab usaldusv\u00e4\u00e4rse libisemiskindluse nii kuivadel kui ka m\u00e4rgadel pindadel.<\/span><\/p>\n<\/li>\n<li data-start=\"450\" data-end=\"558\">\n<p data-start=\"452\" data-end=\"558\"><strong data-start=\"452\" data-end=\"475\">Mitmek\u00fclgne kasutus<\/strong><br data-start=\"475\" data-end=\"478\" \/><span class=\"relative -mx-px my-[-0.2rem] rounded px-px py-[0.2rem] transition-colors duration-100 ease-in-out\">Sobib ajutisteks lahendusteks siseruumides, kus on oluline s\u00e4ilitada pinna v\u00e4limus p\u00e4rast teibi eemaldamist.<\/span><\/p>\n<\/li>\n<li data-start=\"560\" data-end=\"670\">\n<p data-start=\"562\" data-end=\"670\"><strong data-start=\"562\" data-end=\"587\">Erinevad v\u00e4rvivalikud<\/strong><br data-start=\"587\" data-end=\"590\" \/><span class=\"relative -mx-px my-[-0.2rem] rounded px-px py-[0.2rem] transition-colors duration-100 ease-in-out\">Saadaval musta, kollase ja must\/kollase hoiatustriibuga, et vastata erinevatele ohutus- ja disainin\u00f5uetele.<\/span><\/p>\n<\/li>\n<li data-start=\"672\" data-end=\"777\">\n<p data-start=\"674\" data-end=\"777\"><strong data-start=\"674\" data-end=\"694\">Lihtne paigaldus<\/strong><br data-start=\"694\" data-end=\"697\" \/><span class=\"relative -mx-px my-[-0.2rem] rounded px-px py-[0.2rem] transition-colors duration-100 ease-in-out\">Isekleepuv teip ei vaja kuivamisaega ja on valmis kasutamiseks kohe p\u00e4rast paigaldamist.<\/span><\/p>\n<\/li>\n<\/ul>\n<hr data-start=\"779\" data-end=\"782\" \/>\n<h3 data-start=\"784\" data-end=\"810\"><strong data-start=\"788\" data-end=\"810\">Tehnilised andmed:<\/strong><\/h3>\n<ul data-start=\"812\" data-end=\"1239\">\n<li data-start=\"812\" data-end=\"929\">\n<p data-start=\"814\" data-end=\"929\"><strong data-start=\"814\" data-end=\"850\">Soovitatav paigaldustemperatuur:<\/strong> <span class=\"relative -mx-px my-[-0.2rem] rounded px-px py-[0.2rem] transition-colors duration-100 ease-in-out\">10\u202f\u00b0C v\u00f5i k\u00f5rgem.<\/span><\/p>\n<\/li>\n<li data-start=\"931\" data-end=\"1136\">\n<p data-start=\"933\" data-end=\"969\"><strong data-start=\"933\" data-end=\"967\">Libisemiskindluse koefitsient:<\/strong><\/p>\n<ul data-start=\"972\" data-end=\"1136\">\n<li data-start=\"972\" data-end=\"1034\">\n<p data-start=\"974\" data-end=\"1034\"><strong data-start=\"974\" data-end=\"992\">Kuival pinnal:<\/strong> <span class=\"relative -mx-px my-[-0.2rem] rounded px-px py-[0.2rem] transition-colors duration-100 ease-in-out\">102 TRL<\/span><\/p>\n<\/li>\n<li data-start=\"1037\" data-end=\"1136\">\n<p data-start=\"1039\" data-end=\"1136\"><strong data-start=\"1039\" data-end=\"1057\">M\u00e4rjal pinnal:<\/strong> <span class=\"relative -mx-px my-[-0.2rem] rounded px-px py-[0.2rem] transition-colors duration-100 ease-in-out\">71 TRL<\/span><\/p>\n<\/li>\n<\/ul>\n<\/li>\n<li data-start=\"1138\" data-end=\"1239\">\n<p data-start=\"1140\" data-end=\"1239\"><strong data-start=\"1140\" data-end=\"1160\">Saadaval m\u00f5\u00f5dud:<\/strong> <span class=\"relative -mx-px my-[-0.2rem] rounded px-px py-[0.2rem] transition-colors duration-100 ease-in-out\">Rullilaiused alates 19 mm kuni 1168 mm, standardpikkus 18,3 m. Eritellimused v\u00f5imalikud vastavalt vajadusele.<\/span><\/p>\n<\/li>\n<\/ul>\n<hr data-start=\"1241\" data-end=\"1244\" \/>\n<p data-start=\"1246\" data-end=\"1324\"><span class=\"relative -mx-px my-[-0.2rem] rounded px-px py-[0.2rem] transition-colors duration-100 ease-in-out\"><strong data-start=\"0\" data-end=\"7\" data-is-only-node=\"\">NB!<\/strong> Eemaldatav libisemisvastane teip on m\u00f5eldud ajutiseks kasutamiseks ja ei sobi pikaajaliseks paigaldamiseks v\u00f5i v\u00e4litingimustesse.<\/span><\/p>\n<p data-start=\"1326\" data-end=\"1404\"><span class=\"relative -mx-px my-[-0.2rem] rounded px-px py-[0.2rem] transition-colors duration-100 ease-in-out\">Tagage ajutiste s\u00fcndmuste ja olukordade turvalisus eemaldatava libisemisvastase teibiga \u2013 praktiline lahendus, mis ei j\u00e4ta j\u00e4lgi.<\/span><\/p>\n","protected":false},"featured_media":5386,"template":"","meta":{"_kadence_starter_templates_imported_post":false,"_kad_post_transparent":"default","_kad_post_title":"","_kad_post_layout":"default","_kad_post_sidebar_id":"","_kad_post_content_style":"default","_kad_post_vertical_padding":"default","_kad_post_feature":"","_kad_post_feature_position":"","_kad_post_header":false,"_kad_post_footer":false},"product_brand":[],"product_cat":[55],"product_tag":[],"class_list":{"0":"post-5383","1":"product","2":"type-product","3":"status-publish","4":"has-post-thumbnail","6":"product_cat-porandateip","8":"first","9":"instock","10":"taxable","11":"shipping-taxable","12":"purchasable","13":"product-type-variable","14":"entry","15":"content-bg","16":"loop-entry"},"_links":{"self":[{"href":"https:\/\/suptex.eu\/en\/wp-json\/wp\/v2\/product\/5383","targetHints":{"allow":["GET"]}}],"collection":[{"href":"https:\/\/suptex.eu\/en\/wp-json\/wp\/v2\/product"}],"about":[{"href":"https:\/\/suptex.eu\/en\/wp-json\/wp\/v2\/types\/product"}],"wp:featuredmedia":[{"embeddable":true,"href":"https:\/\/suptex.eu\/en\/wp-json\/wp\/v2\/media\/5386"}],"wp:attachment":[{"href":"https:\/\/suptex.eu\/en\/wp-json\/wp\/v2\/media?parent=5383"}],"wp:term":[{"taxonomy":"product_brand","embeddable":true,"href":"https:\/\/suptex.eu\/en\/wp-json\/wp\/v2\/product_brand?post=5383"},{"taxonomy":"product_cat","embeddable":true,"href":"https:\/\/suptex.eu\/en\/wp-json\/wp\/v2\/product_cat?post=5383"},{"taxonomy":"product_tag","embeddable":true,"href":"https:\/\/suptex.eu\/en\/wp-json\/wp\/v2\/product_tag?post=5383"}],"curies":[{"name":"wp","href":"https:\/\/api.w.org\/{rel}","templated":true}]}}