{"id":5397,"date":"2025-06-03T22:45:10","date_gmt":"2025-06-03T19:45:10","guid":{"rendered":"https:\/\/suptex.eu\/?post_type=product&#038;p=5397"},"modified":"2025-06-03T22:46:15","modified_gmt":"2025-06-03T19:46:15","slug":"igrips-libisemisvastane-teip","status":"publish","type":"product","link":"https:\/\/suptex.eu\/en\/product\/igrips-libisemisvastane-teip\/","title":{"rendered":"iGrips libisemisvastane teip"},"content":{"rendered":"<h3 data-start=\"197\" data-end=\"223\"><strong data-start=\"201\" data-end=\"223\">Peamised omadused:<\/strong><\/h3>\n<ul data-start=\"225\" data-end=\"773\">\n<li data-start=\"225\" data-end=\"335\">\n<p data-start=\"227\" data-end=\"335\"><strong data-start=\"227\" data-end=\"252\">Mugav ja kindel haare<\/strong><br data-start=\"252\" data-end=\"255\" \/><span class=\"relative -mx-px my-[-0.2rem] rounded px-px py-[0.2rem] transition-colors duration-100 ease-in-out\">Pehme, kummilaadne pind pakub suurep\u00e4rast libisemiskindlust, olles samas \u00f5rn nahale ja sobiv ka paljajalu kasutamiseks.<\/span><\/p>\n<\/li>\n<li data-start=\"337\" data-end=\"451\">\n<p data-start=\"339\" data-end=\"451\"><strong data-start=\"339\" data-end=\"368\">Mittekare ja h\u00fcgieeniline<\/strong><br data-start=\"368\" data-end=\"371\" \/><span class=\"relative -mx-px my-[-0.2rem] rounded px-px py-[0.2rem] transition-colors duration-100 ease-in-out\">Erinevalt abrasiivsetest teipidest ei kogu iGrips mustust ega baktereid, muutes selle ideaalseks kasutamiseks kohtades, kus on vajalik k\u00f5rge h\u00fcgieenitase.<\/span><\/p>\n<\/li>\n<li data-start=\"453\" data-end=\"555\">\n<p data-start=\"455\" data-end=\"555\"><strong data-start=\"455\" data-end=\"472\">Ohutu koostis<\/strong><br data-start=\"472\" data-end=\"475\" \/><span class=\"relative -mx-px my-[-0.2rem] rounded px-px py-[0.2rem] transition-colors duration-100 ease-in-out\">Valmistatud ftalaadivabast, silikooniseeritud materjalist, mis on ohutu kasutamiseks meditsiiniseadmetel ja laste m\u00e4nguasjadel.<\/span><\/p>\n<\/li>\n<li data-start=\"557\" data-end=\"663\">\n<p data-start=\"559\" data-end=\"663\"><strong data-start=\"559\" data-end=\"580\">Lihtne paigaldada<\/strong><br data-start=\"580\" data-end=\"583\" \/><span class=\"relative -mx-px my-[-0.2rem] rounded px-px py-[0.2rem] transition-colors duration-100 ease-in-out\">Saadaval isekleepuva (H3474) ja mitte-kleepuva (H3473) variandina, v\u00f5imaldades paigaldust erinevatele pindadele vastavalt vajadusele.<\/span><span class=\"\" data-state=\"closed\"><span class=\"ms-1 inline-flex max-w-full items-center relative top-[-0.094rem] animate-[show_150ms_ease-in]\"><a class=\"flex h-4.5 overflow-hidden rounded-xl px-2 text-[0.5625em] font-medium text-token-text-secondary! bg-[#F4F4F4]! dark:bg-[#303030]! transition-colors duration-150 ease-in-out\" href=\"https:\/\/www.directindustry.com\/prod\/heskins-limited\/product-166703-2663124.html?utm_source=chatgpt.com\" target=\"_blank\" rel=\"noopener\"><span class=\"relative start-0 bottom-0 flex h-full w-full items-center\"><span class=\"flex h-4 w-full items-center justify-between overflow-hidden\"><span class=\"max-w-full grow truncate overflow-hidden text-center\">directindustry.com<\/span><\/span><\/span><\/a><\/span><\/span><\/p>\n<\/li>\n<li data-start=\"665\" data-end=\"773\">\n<p data-start=\"667\" data-end=\"773\"><strong data-start=\"667\" data-end=\"690\">Mitmek\u00fclgsed m\u00f5\u00f5dud<\/strong><br data-start=\"690\" data-end=\"693\" \/><span class=\"relative -mx-px my-[-0.2rem] rounded px-px py-[0.2rem] transition-colors duration-100 ease-in-out\">Rullilaiused alates 19 mm kuni 400 mm, v\u00f5imaldades kohandamist vastavalt konkreetsetele n\u00f5udmistele.<\/span><\/p>\n<\/li>\n<\/ul>\n<h3 data-start=\"780\" data-end=\"806\"><strong data-start=\"784\" data-end=\"806\">Kasutusvaldkonnad:<\/strong><\/h3>\n<ul data-start=\"808\" data-end=\"1232\">\n<li data-start=\"808\" data-end=\"916\">\n<p data-start=\"810\" data-end=\"916\"><strong data-start=\"810\" data-end=\"833\">Elektroonikaseadmed<\/strong><br data-start=\"833\" data-end=\"836\" \/><span class=\"relative -mx-px my-[-0.2rem] rounded px-px py-[0.2rem] transition-colors duration-100 ease-in-out\">Parandab haarduvust nutitelefonide, tahvelarvutite ja muude seadmete puhul, v\u00e4hendades libisemise ja kukkumise riski.<\/span><\/p>\n<\/li>\n<li data-start=\"918\" data-end=\"1024\">\n<p data-start=\"920\" data-end=\"1024\"><strong data-start=\"920\" data-end=\"941\">Meditsiiniseadmed<\/strong><br data-start=\"941\" data-end=\"944\" \/><span class=\"relative -mx-px my-[-0.2rem] rounded px-px py-[0.2rem] transition-colors duration-100 ease-in-out\">Sobib kasutamiseks meditsiinilistes vahendites, kus on oluline kindel haare ja h\u00fcgieeniline pind.<\/span><\/p>\n<\/li>\n<li data-start=\"1026\" data-end=\"1131\">\n<p data-start=\"1028\" data-end=\"1131\"><strong data-start=\"1028\" data-end=\"1048\">Laste m\u00e4nguasjad<\/strong><br data-start=\"1048\" data-end=\"1051\" \/><span class=\"relative -mx-px my-[-0.2rem] rounded px-px py-[0.2rem] transition-colors duration-100 ease-in-out\">Ohutu ja mittetoksiline materjal sobib suurep\u00e4raselt laste m\u00e4nguasjadele, tagades turvalise m\u00e4ngukogemuse.<\/span><\/p>\n<\/li>\n<li data-start=\"1133\" data-end=\"1232\">\n<p data-start=\"1135\" data-end=\"1232\"><strong data-start=\"1135\" data-end=\"1149\">Kodutarbed<\/strong><br data-start=\"1149\" data-end=\"1152\" \/><span class=\"relative -mx-px my-[-0.2rem] rounded px-px py-[0.2rem] transition-colors duration-100 ease-in-out\">Sobib kasutamiseks koduses majapidamises, n\u00e4iteks k\u00f6\u00f6gitarvikutel, et tagada kindel haare ja v\u00e4ltida libisemist.<\/span><\/p>\n<\/li>\n<\/ul>\n","protected":false},"excerpt":{"rendered":"<p data-start=\"0\" data-end=\"74\"><span class=\"relative -mx-px my-[-0.2rem] rounded px-px py-[0.2rem] transition-colors duration-100 ease-in-out\"><strong data-start=\"0\" data-end=\"87\" data-is-last-node=\"\" data-is-only-node=\"\">iGrips libisemisvastane teip \u2013 pehme, ohutu ja kindel haare igap\u00e4evaseks kasutuseks<\/strong><\/span><\/p>\n<p data-start=\"76\" data-end=\"190\"><span class=\"relative -mx-px my-[-0.2rem] rounded px-px py-[0.2rem] transition-colors duration-100 ease-in-out\">iGrips on Heskinsi mittekare libisemisvastane teip, mis pakub kindlat haaret ilma abrasiivse pinnata.<\/span> <span class=\"relative -mx-px my-[-0.2rem] rounded px-px py-[0.2rem] transition-colors duration-100 ease-in-out\">Selle kummilaadne tekstuur ja kuusnurkne reljeefmuster tagavad mugava ja t\u00f5husa haardumise, sobides ideaalselt seadmetele, kus on oluline kontroll ja turvalisus<\/span><\/p>\n","protected":false},"featured_media":5398,"template":"","meta":{"_kadence_starter_templates_imported_post":false,"_kad_post_transparent":"default","_kad_post_title":"","_kad_post_layout":"default","_kad_post_sidebar_id":"","_kad_post_content_style":"default","_kad_post_vertical_padding":"default","_kad_post_feature":"","_kad_post_feature_position":"","_kad_post_header":false,"_kad_post_footer":false},"product_brand":[],"product_cat":[55],"product_tag":[],"class_list":{"0":"post-5397","1":"product","2":"type-product","3":"status-publish","4":"has-post-thumbnail","6":"product_cat-porandateip","8":"first","9":"instock","10":"taxable","11":"shipping-taxable","12":"purchasable","13":"product-type-variable","14":"entry","15":"content-bg","16":"loop-entry"},"_links":{"self":[{"href":"https:\/\/suptex.eu\/en\/wp-json\/wp\/v2\/product\/5397","targetHints":{"allow":["GET"]}}],"collection":[{"href":"https:\/\/suptex.eu\/en\/wp-json\/wp\/v2\/product"}],"about":[{"href":"https:\/\/suptex.eu\/en\/wp-json\/wp\/v2\/types\/product"}],"wp:featuredmedia":[{"embeddable":true,"href":"https:\/\/suptex.eu\/en\/wp-json\/wp\/v2\/media\/5398"}],"wp:attachment":[{"href":"https:\/\/suptex.eu\/en\/wp-json\/wp\/v2\/media?parent=5397"}],"wp:term":[{"taxonomy":"product_brand","embeddable":true,"href":"https:\/\/suptex.eu\/en\/wp-json\/wp\/v2\/product_brand?post=5397"},{"taxonomy":"product_cat","embeddable":true,"href":"https:\/\/suptex.eu\/en\/wp-json\/wp\/v2\/product_cat?post=5397"},{"taxonomy":"product_tag","embeddable":true,"href":"https:\/\/suptex.eu\/en\/wp-json\/wp\/v2\/product_tag?post=5397"}],"curies":[{"name":"wp","href":"https:\/\/api.w.org\/{rel}","templated":true}]}}